{"id":6794,"date":"2026-04-21T09:31:56","date_gmt":"2026-04-21T06:31:56","guid":{"rendered":"https:\/\/tammetorubbq.ee\/?post_type=product&#038;p=6794"},"modified":"2026-04-25T06:00:05","modified_gmt":"2026-04-25T03:00:05","slug":"turnpike-bbq-kulmsuitsupuru-oun-kott-30l","status":"publish","type":"product","link":"https:\/\/tammetorubbq.ee\/lt\/produktas\/turnpike-bbq-kulmsuitsupuru-oun-kott-30l\/","title":{"rendered":"Turnpike BBQ k\u00fclmsuitsupuru \u2013 \u00d5UN \u2013 kott 3,0L"},"content":{"rendered":"<p><strong>Pakendi maht:<\/strong>\u00a03,0 L<\/p>","protected":false},"excerpt":{"rendered":"<p data-start=\"47\" data-end=\"255\">\u00d5unapuidust k\u00fclmsuitsupuru annab toidule \u00f5rna, magusa ja tasakaalustatud suitsumaitse. See sobib ideaalselt sealihale, kalale ja linnulihale, tuues esile tooraine loomuliku maitse ilma seda \u00fcle domineerimata.<\/p>\n<p data-start=\"257\" data-end=\"405\">\u00d5unapuu suits on mahe ning selle maitse imendub toidu sisse aeglasemalt, mist\u00f5ttu sobib see eriti h\u00e4sti pikemaks k\u00fclmsuitsutamiseks.<\/p>\n<ul>\n<li data-section-id=\"1rn5v3k\" data-start=\"427\" data-end=\"468\"><strong data-start=\"429\" data-end=\"447\">Skonio profilis:<\/strong> \u00f5rn, magus ja mahe<\/li>\n<li data-section-id=\"1yq72oy\" data-start=\"469\" data-end=\"525\"><strong data-start=\"471\" data-end=\"481\">Tinka:<\/strong> sealiha, kala ja linnuliha suitsutamiseks<\/li>\n<li data-section-id=\"6oy4xr\" data-start=\"526\" data-end=\"573\"><strong data-start=\"528\" data-end=\"543\">Naudojimas:<\/strong> ideaalne k\u00fclmsuitsutamiseks<\/li>\n<li data-section-id=\"1m2c4ry\" data-start=\"574\" data-end=\"639\"><strong data-start=\"576\" data-end=\"593\">Suitsutusaeg:<\/strong> soovitatav pikem suitsutamine<\/li>\n<\/ul>\n<p>Turnpike BBQ kvaliteetse k\u00fclmsuitsupuruga on lihtne viis viia oma suitsutamiskogemus uuele tasemele.<\/p>\n<p>Taip pat \u017er:\u00a0<strong><a href=\"https:\/\/tammetorubbq.ee\/lt\/produktas\/kulmsuitsu-generaator\/\">Turnpike BBQ k\u00fclmsuitsu generaator<\/a><\/strong><\/p>\n<p>&nbsp;<\/p>\n<p><img loading=\"lazy\" decoding=\"async\" class=\"wp-image-4200\" src=\"https:\/\/tammetorubbq.ee\/wp-content\/uploads\/2025\/11\/Turnpike-logo-300x109.png\" alt=\"Turnpike logo\" width=\"242\" height=\"88\" srcset=\"https:\/\/tammetorubbq.ee\/wp-content\/uploads\/2025\/11\/Turnpike-logo-300x109.png 300w, https:\/\/tammetorubbq.ee\/wp-content\/uploads\/2025\/11\/Turnpike-logo-18x7.png 18w, https:\/\/tammetorubbq.ee\/wp-content\/uploads\/2025\/11\/Turnpike-logo-64x23.png 64w, https:\/\/tammetorubbq.ee\/wp-content\/uploads\/2025\/11\/Turnpike-logo.png 390w\" sizes=\"auto, (max-width: 242px) 100vw, 242px\" \/><\/p>","protected":false},"featured_media":6795,"comment_status":"closed","ping_status":"closed","template":"","meta":{"_uf_show_specific_survey":0,"_uf_disable_surveys":false},"pwb-brand":[117],"product_brand":[391],"product_cat":[59,28],"product_tag":[163,118,121,313,182,114],"class_list":{"0":"post-6794","1":"product","2":"type-product","3":"status-publish","4":"has-post-thumbnail","6":"pwb-brand-turnpike-bbq","7":"product_brand-turnpike-bbq","8":"product_cat-suitsuklotsid","9":"product_cat-grillsusi","10":"product_tag-kala","11":"product_tag-kanaliha","12":"product_tag-koogiviljad","13":"product_tag-kulmsuitsupuru","14":"product_tag-linnuliha","15":"product_tag-sealiha","17":"first","18":"instock","19":"taxable","20":"shipping-taxable","21":"purchasable","22":"product-type-simple"},"brands":[{"id":117,"name":"\"Turnpike BBQ","slug":"turnpike-bbq"}],"_links":{"self":[{"href":"https:\/\/tammetorubbq.ee\/lt\/wp-json\/wp\/v2\/product\/6794","targetHints":{"allow":["GET"]}}],"collection":[{"href":"https:\/\/tammetorubbq.ee\/lt\/wp-json\/wp\/v2\/product"}],"about":[{"href":"https:\/\/tammetorubbq.ee\/lt\/wp-json\/wp\/v2\/types\/product"}],"replies":[{"embeddable":true,"href":"https:\/\/tammetorubbq.ee\/lt\/wp-json\/wp\/v2\/comments?post=6794"}],"wp:featuredmedia":[{"embeddable":true,"href":"https:\/\/tammetorubbq.ee\/lt\/wp-json\/wp\/v2\/media\/6795"}],"wp:attachment":[{"href":"https:\/\/tammetorubbq.ee\/lt\/wp-json\/wp\/v2\/media?parent=6794"}],"wp:term":[{"taxonomy":"pwb-brand","embeddable":true,"href":"https:\/\/tammetorubbq.ee\/lt\/wp-json\/wp\/v2\/pwb-brand?post=6794"},{"taxonomy":"product_brand","embeddable":true,"href":"https:\/\/tammetorubbq.ee\/lt\/wp-json\/wp\/v2\/product_brand?post=6794"},{"taxonomy":"product_cat","embeddable":true,"href":"https:\/\/tammetorubbq.ee\/lt\/wp-json\/wp\/v2\/product_cat?post=6794"},{"taxonomy":"product_tag","embeddable":true,"href":"https:\/\/tammetorubbq.ee\/lt\/wp-json\/wp\/v2\/product_tag?post=6794"}],"curies":[{"name":"wp","href":"https:\/\/api.w.org\/{rel}","templated":true}]}}