{"id":6798,"date":"2026-04-21T09:52:43","date_gmt":"2026-04-21T06:52:43","guid":{"rendered":"https:\/\/tammetorubbq.ee\/?post_type=product&#038;p=6798"},"modified":"2026-04-28T09:00:15","modified_gmt":"2026-04-28T06:00:15","slug":"suncity-bbq-brisket-rub-280g","status":"publish","type":"product","link":"https:\/\/tammetorubbq.ee\/lt\/toode\/suncity-bbq-brisket-rub-280g\/","title":{"rendered":"SunCity BBQ Brisket Rub 280g"},"content":{"rendered":"<p><strong>Sudedamosios dalys:<\/strong> pruun suhkur (Dry Demerara), meresool, purustatud must pipar, paprikahelbed, jahvatatud paprika, k\u00fc\u00fcslaugugraanulid, v\u00fcrtsid.<\/p>\n<table>\n<thead>\n<tr>\n<th>Toitev\u00e4\u00e4rtus<\/th>\n<th>100 g kohta<\/th>\n<\/tr>\n<\/thead>\n<tbody>\n<tr>\n<td>Energia<\/td>\n<td>1103 kJ \/ 262 kcal<\/td>\n<\/tr>\n<tr>\n<td>Rasvad<\/td>\n<td>3,1 g<\/td>\n<\/tr>\n<tr>\n<td>millest k\u00fcllastunud rasvhapped<\/td>\n<td>0,5 g<\/td>\n<\/tr>\n<tr>\n<td>S\u00fcsivesikud<\/td>\n<td>45,4 g<\/td>\n<\/tr>\n<tr>\n<td>millest suhkrud<\/td>\n<td>34,9 g<\/td>\n<\/tr>\n<tr>\n<td>Valgud<\/td>\n<td>6,2 g<\/td>\n<\/tr>\n<tr>\n<td>Sool<\/td>\n<td>20,0 g<\/td>\n<\/tr>\n<\/tbody>\n<\/table>","protected":false},"excerpt":{"rendered":"<h5 data-start=\"29\" data-end=\"200\"><strong>See veiseliha rub on v\u00f5itnud Grand Champion tiitli 4 korda nii riiklikel kui ka rahvusvahelistel KCBS BBQ v\u00f5istlustel!<\/strong><\/h5>\n<p data-start=\"202\" data-end=\"413\">See Brisket Rub on ainulaadne kombinatsioon Szegedi paprikast, kahest erinevast pruunist suhkrust, t\u0161illihelvestest ning hoolikalt valitud eksootilistest v\u00fcrtsidest, mis loovad s\u00fcgava ja kihilise maitseprofiili.<\/p>\n<p data-start=\"415\" data-end=\"648\">Kujutle brisketit, mis on kaetud rikkaliku s\u00fcgavpunase maitseaineseguga, kus pruun suhkur karamelliseerub aeglaselt ning v\u00fcrtsid t\u00e4idavad \u00f5hu intensiivsete aroomidega. Tulemuseks on BBQ, mis viib maitseelamuse t\u00e4iesti uuele tasemele.<\/p>\n<p data-start=\"650\" data-end=\"830\">SunCity BBQ Brisket Rub on sama segu, mida SunCity on kasutanud KCBS-i v\u00f5istlustel Ungaris ja mujal maailmas \u2013 ja mida peavad nad \u00fcheks oluliseks osaks 4 kordsel Grand Champion tiitli teekonnal.<\/p>\n<p data-start=\"650\" data-end=\"830\">See rub sobib suurep\u00e4raselt k\u00f5ikidele veiselihadele. Aga kindlasti lisaks natuke katsetamist ei tee kunagi paha!<\/p>\n<p data-start=\"650\" data-end=\"830\">\n<p><img loading=\"lazy\" decoding=\"async\" class=\"wp-image-2024\" src=\"https:\/\/tammetorubbq.ee\/wp-content\/uploads\/2024\/11\/SunCity-BBQ-logo-1-300x251.png\" alt=\"SunCity BBQ logotipas\" width=\"172\" height=\"144\" srcset=\"https:\/\/tammetorubbq.ee\/wp-content\/uploads\/2024\/11\/SunCity-BBQ-logo-1-300x251.png 300w, https:\/\/tammetorubbq.ee\/wp-content\/uploads\/2024\/11\/SunCity-BBQ-logo-1-768x644.png 768w, https:\/\/tammetorubbq.ee\/wp-content\/uploads\/2024\/11\/SunCity-BBQ-logo-1-14x12.png 14w, https:\/\/tammetorubbq.ee\/wp-content\/uploads\/2024\/11\/SunCity-BBQ-logo-1-600x503.png 600w, https:\/\/tammetorubbq.ee\/wp-content\/uploads\/2024\/11\/SunCity-BBQ-logo-1-64x54.png 64w, https:\/\/tammetorubbq.ee\/wp-content\/uploads\/2024\/11\/SunCity-BBQ-logo-1.png 940w\" sizes=\"auto, (max-width: 172px) 100vw, 172px\" \/><\/p>","protected":false},"featured_media":6800,"comment_status":"closed","ping_status":"closed","template":"","meta":{"_uf_show_specific_survey":0,"_uf_disable_surveys":false},"pwb-brand":[180],"product_brand":[398],"product_cat":[21],"product_tag":[176,123,399,119],"class_list":{"0":"post-6798","1":"product","2":"type-product","3":"status-publish","4":"has-post-thumbnail","6":"pwb-brand-suncity-bbq","7":"product_brand-suncity-bbq","8":"product_cat-maitseainesegud","9":"product_tag-brisket","10":"product_tag-steik","11":"product_tag-suncity-bbq-rub","12":"product_tag-veiseliha","14":"first","15":"instock","16":"taxable","17":"shipping-taxable","18":"purchasable","19":"product-type-simple"},"brands":[{"id":180,"name":"SunCity BBQ","slug":"suncity-bbq"}],"_links":{"self":[{"href":"https:\/\/tammetorubbq.ee\/lt\/wp-json\/wp\/v2\/product\/6798","targetHints":{"allow":["GET"]}}],"collection":[{"href":"https:\/\/tammetorubbq.ee\/lt\/wp-json\/wp\/v2\/product"}],"about":[{"href":"https:\/\/tammetorubbq.ee\/lt\/wp-json\/wp\/v2\/types\/product"}],"replies":[{"embeddable":true,"href":"https:\/\/tammetorubbq.ee\/lt\/wp-json\/wp\/v2\/comments?post=6798"}],"wp:featuredmedia":[{"embeddable":true,"href":"https:\/\/tammetorubbq.ee\/lt\/wp-json\/wp\/v2\/media\/6800"}],"wp:attachment":[{"href":"https:\/\/tammetorubbq.ee\/lt\/wp-json\/wp\/v2\/media?parent=6798"}],"wp:term":[{"taxonomy":"pwb-brand","embeddable":true,"href":"https:\/\/tammetorubbq.ee\/lt\/wp-json\/wp\/v2\/pwb-brand?post=6798"},{"taxonomy":"product_brand","embeddable":true,"href":"https:\/\/tammetorubbq.ee\/lt\/wp-json\/wp\/v2\/product_brand?post=6798"},{"taxonomy":"product_cat","embeddable":true,"href":"https:\/\/tammetorubbq.ee\/lt\/wp-json\/wp\/v2\/product_cat?post=6798"},{"taxonomy":"product_tag","embeddable":true,"href":"https:\/\/tammetorubbq.ee\/lt\/wp-json\/wp\/v2\/product_tag?post=6798"}],"curies":[{"name":"wp","href":"https:\/\/api.w.org\/{rel}","templated":true}]}}