{"id":6827,"date":"2026-04-22T11:02:54","date_gmt":"2026-04-22T08:02:54","guid":{"rendered":"https:\/\/tammetorubbq.ee\/?post_type=product&#038;p=6827"},"modified":"2026-04-26T18:00:05","modified_gmt":"2026-04-26T15:00:05","slug":"enn-tobrelutsu-the-ultimate-klassikaline-bbq-rub-150g","status":"publish","type":"product","link":"https:\/\/tammetorubbq.ee\/lt\/produktas\/enn-tobrelutsu-the-ultimate-klassikaline-bbq-rub-150g\/","title":{"rendered":"Enn Tobrelutsu The Ultimate Klassikaline BBQ Rub 150g"},"content":{"rendered":"<p><strong>Sudedamosios dalys:<\/strong> sool (31%), suhkur, kuivatatud gl\u00fckoosisiirup, maitse- ja l\u00f5hnaained (sisaldab <strong>sinep<\/strong>), sibulapulber, k\u00fc\u00fcslaugu-graanulid, happesuse regulaator E330 ehk sidrunhape, v\u00fcrtsiekstrakt (<strong>seller<\/strong>).<\/p>\n<p>Laikykite kambario temperat\u016broje, sausoje vietoje.<\/p>\n<p>&nbsp;<\/p>","protected":false},"excerpt":{"rendered":"<h5><strong>Lihtne, kindel ja alati maitsev valik!<\/strong><\/h5>\n<p>See kergelt v\u00fcrtsine ja klassikaline BBQ maitseainesegu pakub rikkalikku aroomi ning tasakaalustatud maitset, mis sobib igale grillimeistrile.<\/p>\n<ul>\n<li data-start=\"316\" data-end=\"556\">Ideaalne valik: sealiha (ribid, abat\u00fckk, kaelakarbonaad), aga ka muud lihad<\/li>\n<li data-start=\"316\" data-end=\"556\">Tulemuseks on eriti mahlane ja maitsek\u00fcllane BBQ \u2013 ideaalne pulled pork\u2019i valmistamiseks<\/li>\n<li data-start=\"316\" data-end=\"556\">Kindel valik igas grillik\u00f6\u00f6gis \u2013 klassika, mis ei vea alt<\/li>\n<\/ul>\n<p>Parima tulemuse saavutamiseks:<\/p>\n<ul>\n<li>Maitsesta liha otse rubiga<\/li>\n<li>Paksemate t\u00fckkide puhul k\u00fcpseta madalal kuumusel, et maitsed j\u00f5uaksid s\u00fcgavale lihasse<\/li>\n<li>Soovi korral lisa veidi k\u00fclmpressitud oliivi\u00f5li v\u00f5i kombineeri teiste maitseainetega<\/li>\n<\/ul>\n<p><img loading=\"lazy\" decoding=\"async\" class=\"wp-image-3475\" src=\"http:\/\/tammetorubbq.ee\/wp-content\/uploads\/2025\/07\/BBQ-Entertainment-N-Catering-Enn-Tobreluts-Logo-300x127.png\" alt=\"BBQ pramogos\" width=\"172\" height=\"73\" srcset=\"https:\/\/tammetorubbq.ee\/wp-content\/uploads\/2025\/07\/BBQ-Entertainment-N-Catering-Enn-Tobreluts-Logo-300x127.png 300w, https:\/\/tammetorubbq.ee\/wp-content\/uploads\/2025\/07\/BBQ-Entertainment-N-Catering-Enn-Tobreluts-Logo-18x8.png 18w, https:\/\/tammetorubbq.ee\/wp-content\/uploads\/2025\/07\/BBQ-Entertainment-N-Catering-Enn-Tobreluts-Logo-600x254.png 600w, https:\/\/tammetorubbq.ee\/wp-content\/uploads\/2025\/07\/BBQ-Entertainment-N-Catering-Enn-Tobreluts-Logo-64x27.png 64w, https:\/\/tammetorubbq.ee\/wp-content\/uploads\/2025\/07\/BBQ-Entertainment-N-Catering-Enn-Tobreluts-Logo.png 628w\" sizes=\"auto, (max-width: 172px) 100vw, 172px\" \/><\/p>","protected":false},"featured_media":6828,"comment_status":"closed","ping_status":"closed","template":"","meta":{"_uf_show_specific_survey":0,"_uf_disable_surveys":false},"pwb-brand":[183],"product_brand":[407],"product_cat":[21],"product_tag":[403,280,166,402,114,122],"class_list":{"0":"post-6827","1":"product","2":"type-product","3":"status-publish","4":"has-post-thumbnail","6":"pwb-brand-bbq-entertainment","7":"product_brand-bbq-entertainment","8":"product_cat-maitseainesegud","9":"product_tag-abatukk","10":"product_tag-enn-tobreluts","11":"product_tag-rebitudliha","12":"product_tag-seakael","13":"product_tag-sealiha","14":"product_tag-searibi","16":"first","17":"outofstock","18":"taxable","19":"shipping-taxable","20":"purchasable","21":"product-type-simple"},"brands":[{"id":183,"name":"Grilis Pramogos","slug":"bbq-entertainment"}],"_links":{"self":[{"href":"https:\/\/tammetorubbq.ee\/lt\/wp-json\/wp\/v2\/product\/6827","targetHints":{"allow":["GET"]}}],"collection":[{"href":"https:\/\/tammetorubbq.ee\/lt\/wp-json\/wp\/v2\/product"}],"about":[{"href":"https:\/\/tammetorubbq.ee\/lt\/wp-json\/wp\/v2\/types\/product"}],"replies":[{"embeddable":true,"href":"https:\/\/tammetorubbq.ee\/lt\/wp-json\/wp\/v2\/comments?post=6827"}],"wp:featuredmedia":[{"embeddable":true,"href":"https:\/\/tammetorubbq.ee\/lt\/wp-json\/wp\/v2\/media\/6828"}],"wp:attachment":[{"href":"https:\/\/tammetorubbq.ee\/lt\/wp-json\/wp\/v2\/media?parent=6827"}],"wp:term":[{"taxonomy":"pwb-brand","embeddable":true,"href":"https:\/\/tammetorubbq.ee\/lt\/wp-json\/wp\/v2\/pwb-brand?post=6827"},{"taxonomy":"product_brand","embeddable":true,"href":"https:\/\/tammetorubbq.ee\/lt\/wp-json\/wp\/v2\/product_brand?post=6827"},{"taxonomy":"product_cat","embeddable":true,"href":"https:\/\/tammetorubbq.ee\/lt\/wp-json\/wp\/v2\/product_cat?post=6827"},{"taxonomy":"product_tag","embeddable":true,"href":"https:\/\/tammetorubbq.ee\/lt\/wp-json\/wp\/v2\/product_tag?post=6827"}],"curies":[{"name":"wp","href":"https:\/\/api.w.org\/{rel}","templated":true}]}}