{"id":6871,"date":"2026-04-24T10:09:00","date_gmt":"2026-04-24T07:09:00","guid":{"rendered":"https:\/\/tammetorubbq.ee\/?post_type=product&#038;p=6871"},"modified":"2026-04-26T15:00:07","modified_gmt":"2026-04-26T12:00:07","slug":"napoleon-grillikate-rogue-425-sarja-gaasigrillile","status":"publish","type":"product","link":"https:\/\/tammetorubbq.ee\/lt\/produktas\/napoleon-grillikate-rogue-425-sarja-gaasigrillile\/","title":{"rendered":"Napoleon grillikate Rogue 425 sarja gaasigrillile"},"content":{"rendered":"<p>Dangtis pagamintas i\u0161 patvaraus ir vandeniui atsparaus poliesterio.<\/p>\n<p>Med\u017eiaga apsaugota nuo UV spinduli\u0173 specialia danga, kad nepakeist\u0173 spalvos.<\/p>\n<p>Kad ant stogo nesusidaryt\u0173 kondensatas, ant stogo \u012frengtos v\u0117dinimo juostos.<\/p>\n<p>Dangtelyje yra priver\u017eimo fiksatorius ir tvirtinimo strypai.<\/p>\n<p>Dangtis u\u017ededamas ant groteli\u0173, kai \u0161onin\u0117s plok\u0161t\u0117s yra atidarytos.<\/p>\n<p>Ideaalne k\u00f5igile Napoleon Rogue 425 grillidele.<\/p>","protected":false},"excerpt":{"rendered":"<p>Napoleon Rogue 425 sarja grillide grillikate.<\/p>\n<p>Su v\u0117dinimo kanalu, prispaudimo mygtuku ir UV spinduliams atsparia apsauga.<\/p>\n<p><img loading=\"lazy\" decoding=\"async\" class=\"wp-image-2098\" src=\"http:\/\/tammetorubbq.ee\/wp-content\/uploads\/2024\/11\/napoleon-gas-grills-logo-vector-1-300x124.png\" alt=\"&quot;Napoleon&quot; dujin\u0117s kepsnin\u0117s logotipas vektorius\" width=\"174\" height=\"72\" srcset=\"https:\/\/tammetorubbq.ee\/wp-content\/uploads\/2024\/11\/napoleon-gas-grills-logo-vector-1-300x124.png 300w, https:\/\/tammetorubbq.ee\/wp-content\/uploads\/2024\/11\/napoleon-gas-grills-logo-vector-1-768x317.png 768w, https:\/\/tammetorubbq.ee\/wp-content\/uploads\/2024\/11\/napoleon-gas-grills-logo-vector-1-18x7.png 18w, https:\/\/tammetorubbq.ee\/wp-content\/uploads\/2024\/11\/napoleon-gas-grills-logo-vector-1-600x248.png 600w, https:\/\/tammetorubbq.ee\/wp-content\/uploads\/2024\/11\/napoleon-gas-grills-logo-vector-1-64x26.png 64w, https:\/\/tammetorubbq.ee\/wp-content\/uploads\/2024\/11\/napoleon-gas-grills-logo-vector-1.png 847w\" sizes=\"auto, (max-width: 174px) 100vw, 174px\" \/><\/p>","protected":false},"featured_media":6874,"comment_status":"closed","ping_status":"closed","template":"","meta":{"_uf_show_specific_survey":0,"_uf_disable_surveys":false},"pwb-brand":[101],"product_brand":[389],"product_cat":[88],"product_tag":[110,239,365,148,363,408],"class_list":{"0":"post-6871","1":"product","2":"type-product","3":"status-publish","4":"has-post-thumbnail","6":"pwb-brand-napoleon","7":"product_brand-napoleon","8":"product_cat-grillide-lisatarvikud","9":"product_tag-gaasigrill","10":"product_tag-ilmastikukindel-kate","11":"product_tag-napoleo-gaasigrill","12":"product_tag-napoleon","13":"product_tag-napoleon-lisatarvikud","14":"product_tag-napoleon-rogue","16":"first","17":"instock","18":"taxable","19":"shipping-taxable","20":"purchasable","21":"product-type-simple"},"brands":[{"id":101,"name":"Napoleonas","slug":"napoleonas"}],"_links":{"self":[{"href":"https:\/\/tammetorubbq.ee\/lt\/wp-json\/wp\/v2\/product\/6871","targetHints":{"allow":["GET"]}}],"collection":[{"href":"https:\/\/tammetorubbq.ee\/lt\/wp-json\/wp\/v2\/product"}],"about":[{"href":"https:\/\/tammetorubbq.ee\/lt\/wp-json\/wp\/v2\/types\/product"}],"replies":[{"embeddable":true,"href":"https:\/\/tammetorubbq.ee\/lt\/wp-json\/wp\/v2\/comments?post=6871"}],"wp:featuredmedia":[{"embeddable":true,"href":"https:\/\/tammetorubbq.ee\/lt\/wp-json\/wp\/v2\/media\/6874"}],"wp:attachment":[{"href":"https:\/\/tammetorubbq.ee\/lt\/wp-json\/wp\/v2\/media?parent=6871"}],"wp:term":[{"taxonomy":"pwb-brand","embeddable":true,"href":"https:\/\/tammetorubbq.ee\/lt\/wp-json\/wp\/v2\/pwb-brand?post=6871"},{"taxonomy":"product_brand","embeddable":true,"href":"https:\/\/tammetorubbq.ee\/lt\/wp-json\/wp\/v2\/product_brand?post=6871"},{"taxonomy":"product_cat","embeddable":true,"href":"https:\/\/tammetorubbq.ee\/lt\/wp-json\/wp\/v2\/product_cat?post=6871"},{"taxonomy":"product_tag","embeddable":true,"href":"https:\/\/tammetorubbq.ee\/lt\/wp-json\/wp\/v2\/product_tag?post=6871"}],"curies":[{"name":"wp","href":"https:\/\/api.w.org\/{rel}","templated":true}]}}