{"id":6921,"date":"2026-04-26T12:43:45","date_gmt":"2026-04-26T09:43:45","guid":{"rendered":"https:\/\/tammetorubbq.ee\/?post_type=product&#038;p=6921"},"modified":"2026-04-26T17:00:17","modified_gmt":"2026-04-26T14:00:17","slug":"broilchef-grillikate-tahoe-bc-2217-gaasigrillile","status":"publish","type":"product","link":"https:\/\/tammetorubbq.ee\/lt\/produktas\/broilchef-grillikate-tahoe-bc-2217-gaasigrillile\/","title":{"rendered":"BroilChef grillikate Tahoe BC-2217 gaasigrillile"},"content":{"rendered":"<p class=\"isSelectedEnd\"><strong>Technin\u0117 informacija<\/strong><\/p>\n<p>\u2022 \u00dchilduvus: BroilChef Tahoe BC-2217 gaasigrill<br \/>\n\u2022 Materjal: ilmastikukindel, vastupidav tehniline kangas<br \/>\n\u2022 Kaitse: vihm, UV-kiirgus, tolm ja mustus<br \/>\n\u2022 Kinnitamine: elastsed servad \/ pingutuslahendus (tagab kindla istuvuse)<br \/>\n\u2022 Kasutus: aastaringne v\u00e4listingimustes kasutamine<br \/>\n\u2022 Hooldus: lihtsasti puhastatav niiske lapiga<\/p>\n<h5 class=\"isSelectedEnd\"><strong>BroilChef br\u00e4ndilugu<\/strong><\/h5>\n<p class=\"isSelectedEnd\">Alates 1976. aastast on BroilChefi taga seisev pere valmistanud grille maailma tuntud kaubam\u00e4rkidele \u2013 vaikselt, hoolikalt ja uhkusega.<\/p>\n<p class=\"isSelectedEnd\">Aastak\u00fcmneid oli BroilChef see, kes seisis suurte nimede taga. Insenerid, disainerid ja meistrid \u2013 inimesed, kes teadsid t\u00e4pselt, mis t\u00f6\u00f6tab ja mis mitte. Selle aja jooksul on BroilChef \u00f5ppinud, millised lahendused peavad ajale vastu, millised eba\u00f5nnestuvad ning mis k\u00f5ige olulisem \u2013 mis tegelikult s\u00fctitab kirge, kui inimesed kogunevad tule \u00fcmber.<\/p>\n<p class=\"isSelectedEnd\">Aastal 2015 toimus muutus, BroilChefi tegevjuht, eluaegne Star Warsi f\u00e4nn, esitas k\u00fcsimuse, mis muutis k\u00f5ike: \u201eKui me suudame luua teistele\u2026 miks mitte luua midagi, mida me ise armastame?\u201c<\/p>\n<p class=\"isSelectedEnd\">Sellest hetkest sai alguse midagi uut. Alguses vaid s\u00e4de \u2013 lihtne ja m\u00e4nguline idee. Kuid selles s\u00e4demes peitus midagi enamat kui lihtsalt uus toode.<\/p>\n<p class=\"isSelectedEnd\">See ei olnud enam lihtsalt j\u00e4rjekordse grilli loomine. See oli millegi loomine, millel on identiteet ja hing.<\/p>\n<p>BroilChefi missioon ulatub kaugemale kui ainult grillide tootmine \u2013 see on inimeste kokku toomisest. Nad usuvad, et pole midagi rahuldustpakkuvamat kui luua t\u00e4henduslikke hetki ja sidemeid, \u00fcks BBQ korraga.<\/p>","protected":false},"excerpt":{"rendered":"<p class=\"isSelectedEnd\">BroilChef grillikate on loodud spetsiaalselt Tahoe BC-2217 seeria gaasigrilli kaitsmiseks, pakkudes usaldusv\u00e4\u00e4rset kaitset ilmastiku, niiskuse ja mustuse eest. Vastupidavast ja ilmastikukindlast materjalist kate aitab pikendada grilli eluiga ning hoiab selle alati kasutusvalmis.<\/p>\n<p>Katte t\u00e4pne l\u00f5ige tagab hea sobivuse ning mugava paigaldamise. T\u00e4nu tugevdatud \u00f5mblustele ja kvaliteetsele kangale sobib see kasutamiseks aastaringselt \u2013 nii suvel kui ka karmimates ilmastikuoludes.<\/p>\n<p>BroilChef grillikate on praktiline lisatarvik, mis aitab hoida sinu Tahoe BC-2217 grilli puhtana, kaitstuna ja alati valmis j\u00e4rgmiseks grillimiseks.<\/p>\n<p><img loading=\"lazy\" decoding=\"async\" class=\"wp-image-6906\" src=\"https:\/\/tammetorubbq.ee\/wp-content\/uploads\/2026\/04\/BroilChef-logo-300x91.png\" alt=\"BroilChef logo\" width=\"237\" height=\"72\" srcset=\"https:\/\/tammetorubbq.ee\/wp-content\/uploads\/2026\/04\/BroilChef-logo-300x91.png 300w, https:\/\/tammetorubbq.ee\/wp-content\/uploads\/2026\/04\/BroilChef-logo-1024x311.png 1024w, https:\/\/tammetorubbq.ee\/wp-content\/uploads\/2026\/04\/BroilChef-logo-768x233.png 768w, https:\/\/tammetorubbq.ee\/wp-content\/uploads\/2026\/04\/BroilChef-logo-1536x467.png 1536w, https:\/\/tammetorubbq.ee\/wp-content\/uploads\/2026\/04\/BroilChef-logo-18x5.png 18w, https:\/\/tammetorubbq.ee\/wp-content\/uploads\/2026\/04\/BroilChef-logo-600x182.png 600w, https:\/\/tammetorubbq.ee\/wp-content\/uploads\/2026\/04\/BroilChef-logo-64x19.png 64w, https:\/\/tammetorubbq.ee\/wp-content\/uploads\/2026\/04\/BroilChef-logo.png 2048w\" sizes=\"auto, (max-width: 237px) 100vw, 237px\" \/><\/p>","protected":false},"featured_media":6933,"comment_status":"closed","ping_status":"closed","template":"","meta":{"_uf_show_specific_survey":0,"_uf_disable_surveys":false},"pwb-brand":[410],"product_brand":[411],"product_cat":[88],"product_tag":[412,414,239],"class_list":{"0":"post-6921","1":"product","2":"type-product","3":"status-publish","4":"has-post-thumbnail","6":"pwb-brand-broilchef","7":"product_brand-broilchef","8":"product_cat-grillide-lisatarvikud","9":"product_tag-broilchef","10":"product_tag-broilchef-lisavarustus","11":"product_tag-ilmastikukindel-kate","13":"first","14":"instock","15":"taxable","16":"shipping-taxable","17":"purchasable","18":"product-type-simple"},"brands":[{"id":410,"name":"BroilChef","slug":"broilchef"}],"_links":{"self":[{"href":"https:\/\/tammetorubbq.ee\/lt\/wp-json\/wp\/v2\/product\/6921","targetHints":{"allow":["GET"]}}],"collection":[{"href":"https:\/\/tammetorubbq.ee\/lt\/wp-json\/wp\/v2\/product"}],"about":[{"href":"https:\/\/tammetorubbq.ee\/lt\/wp-json\/wp\/v2\/types\/product"}],"replies":[{"embeddable":true,"href":"https:\/\/tammetorubbq.ee\/lt\/wp-json\/wp\/v2\/comments?post=6921"}],"wp:featuredmedia":[{"embeddable":true,"href":"https:\/\/tammetorubbq.ee\/lt\/wp-json\/wp\/v2\/media\/6933"}],"wp:attachment":[{"href":"https:\/\/tammetorubbq.ee\/lt\/wp-json\/wp\/v2\/media?parent=6921"}],"wp:term":[{"taxonomy":"pwb-brand","embeddable":true,"href":"https:\/\/tammetorubbq.ee\/lt\/wp-json\/wp\/v2\/pwb-brand?post=6921"},{"taxonomy":"product_brand","embeddable":true,"href":"https:\/\/tammetorubbq.ee\/lt\/wp-json\/wp\/v2\/product_brand?post=6921"},{"taxonomy":"product_cat","embeddable":true,"href":"https:\/\/tammetorubbq.ee\/lt\/wp-json\/wp\/v2\/product_cat?post=6921"},{"taxonomy":"product_tag","embeddable":true,"href":"https:\/\/tammetorubbq.ee\/lt\/wp-json\/wp\/v2\/product_tag?post=6921"}],"curies":[{"name":"wp","href":"https:\/\/api.w.org\/{rel}","templated":true}]}}