{"id":7063,"date":"2026-05-07T14:13:21","date_gmt":"2026-05-07T11:13:21","guid":{"rendered":"https:\/\/tammetorubbq.ee\/?post_type=product&#038;p=7063"},"modified":"2026-05-10T01:00:10","modified_gmt":"2026-05-09T22:00:10","slug":"kamado-joe-tugevdatud-terasest-grillitarvikute-komplekt-kandekotiga","status":"publish","type":"product","link":"https:\/\/tammetorubbq.ee\/lt\/toode\/kamado-joe-tugevdatud-terasest-grillitarvikute-komplekt-kandekotiga\/","title":{"rendered":"Kamado Joe tugevdatud terasest grillitarvikute komplekt kandekotiga"},"content":{"rendered":"<p class=\"isSelectedEnd\"><strong>Techniniai duomenys<\/strong><\/p>\n<p>\u2022 Materjal: roostevaba teras<br \/>\n\u2022 Sisaldab: grillilabidas, grillitangid, grillihari<br \/>\n\u2022 Ergonoomilised k\u00e4epidemed<br \/>\n\u2022 Reljeefne viimistlus ja punased detailid<br \/>\n\u2022 N\u00f5udepesumasinas pestavad<br \/>\n\u2022 Komplektis vett h\u00fclgav kangast kandekott eraldi taskutega<\/p>","protected":false},"excerpt":{"rendered":"<p class=\"isSelectedEnd\">Kamado Joe\u00ae tugevdatud terasest grillitarvikute komplekt sisaldab kolme olulist t\u00f6\u00f6riista igale grillmeistrile: grillilabidat, grilltange ja grilliharja. K\u00f5ik tarvikud on valmistatud vastupidavast roostevabast terasest, et tagada pikk kasutusiga ja t\u00f6\u00f6kindlus ka intensiivsel kasutamisel.<\/p>\n<p class=\"isSelectedEnd\">Ergonoomilised k\u00e4epidemed, Kamado Joele omane reljeefne viimistlus ja iseloomulikud punased detailid annavad komplektile \u00e4ratuntava ja praktilise disaini. Grillilabidas sobib toidu t\u00f5stmiseks ja p\u00f6\u00f6ramiseks, grillitangid v\u00f5imaldavad toitu mugavalt haarata ning grillihari aitab hoida k\u00fcpsetusrestid puhtad ja t\u00f6\u00f6korras.<\/p>\n<p class=\"isSelectedEnd\">K\u00f5ik tarvikud on lihtsasti hooldatavad ning sobivad pesemiseks n\u00f5udepesumasinas.<\/p>\n<p>Komplektiga on kaasas vett h\u00fclgav tikitud kangast hoiukott, kus igale t\u00f6\u00f6riistale on eraldi koht. See hoiab tarvikud korras, kaitstud ja teeb nende transportimise lihtsaks nii kodus kui ka v\u00e4ljas grillides.<\/p>\n<p>&nbsp;<\/p>\n<p><img loading=\"lazy\" decoding=\"async\" class=\"alignnone wp-image-1531\" src=\"https:\/\/tammetorubbq.ee\/wp-content\/uploads\/2024\/03\/kamado-joe-logo-300x40.webp\" alt=\"Kamado Joe logotipas\" width=\"240\" height=\"32\" srcset=\"https:\/\/tammetorubbq.ee\/wp-content\/uploads\/2024\/03\/kamado-joe-logo-300x40.webp 300w, https:\/\/tammetorubbq.ee\/wp-content\/uploads\/2024\/03\/kamado-joe-logo-768x104.webp 768w, https:\/\/tammetorubbq.ee\/wp-content\/uploads\/2024\/03\/kamado-joe-logo-18x2.webp 18w, https:\/\/tammetorubbq.ee\/wp-content\/uploads\/2024\/03\/kamado-joe-logo-600x81.webp 600w, https:\/\/tammetorubbq.ee\/wp-content\/uploads\/2024\/03\/kamado-joe-logo-64x9.webp 64w, https:\/\/tammetorubbq.ee\/wp-content\/uploads\/2024\/03\/kamado-joe-logo.webp 1024w\" sizes=\"auto, (max-width: 240px) 100vw, 240px\" \/><\/p>\n<p><strong>Esame gamintojo Kamado Joe oficialus atstovas, platintojas Estijoje!<\/strong><\/p>","protected":false},"featured_media":7064,"comment_status":"closed","ping_status":"closed","template":"","meta":{"_uf_show_specific_survey":0,"_uf_disable_surveys":false},"pwb-brand":[69],"product_brand":[387],"product_cat":[30],"product_tag":[418,416,134,417,126,323],"class_list":{"0":"post-7063","1":"product","2":"type-product","3":"status-publish","4":"has-post-thumbnail","6":"pwb-brand-kamado-joe","7":"product_brand-kamado-joe","8":"product_cat-grillimise-tarvikud","9":"product_tag-grillihari","10":"product_tag-grillilabidas","11":"product_tag-grillimise-tarvikud","12":"product_tag-grillitangid","13":"product_tag-kamado-joe","14":"product_tag-kamado-joe-lisatarvikud","16":"first","17":"instock","18":"taxable","19":"shipping-taxable","20":"purchasable","21":"product-type-simple"},"brands":[{"id":69,"name":"Kamado Joe","slug":"kamado-joe"}],"_links":{"self":[{"href":"https:\/\/tammetorubbq.ee\/lt\/wp-json\/wp\/v2\/product\/7063","targetHints":{"allow":["GET"]}}],"collection":[{"href":"https:\/\/tammetorubbq.ee\/lt\/wp-json\/wp\/v2\/product"}],"about":[{"href":"https:\/\/tammetorubbq.ee\/lt\/wp-json\/wp\/v2\/types\/product"}],"replies":[{"embeddable":true,"href":"https:\/\/tammetorubbq.ee\/lt\/wp-json\/wp\/v2\/comments?post=7063"}],"wp:featuredmedia":[{"embeddable":true,"href":"https:\/\/tammetorubbq.ee\/lt\/wp-json\/wp\/v2\/media\/7064"}],"wp:attachment":[{"href":"https:\/\/tammetorubbq.ee\/lt\/wp-json\/wp\/v2\/media?parent=7063"}],"wp:term":[{"taxonomy":"pwb-brand","embeddable":true,"href":"https:\/\/tammetorubbq.ee\/lt\/wp-json\/wp\/v2\/pwb-brand?post=7063"},{"taxonomy":"product_brand","embeddable":true,"href":"https:\/\/tammetorubbq.ee\/lt\/wp-json\/wp\/v2\/product_brand?post=7063"},{"taxonomy":"product_cat","embeddable":true,"href":"https:\/\/tammetorubbq.ee\/lt\/wp-json\/wp\/v2\/product_cat?post=7063"},{"taxonomy":"product_tag","embeddable":true,"href":"https:\/\/tammetorubbq.ee\/lt\/wp-json\/wp\/v2\/product_tag?post=7063"}],"curies":[{"name":"wp","href":"https:\/\/api.w.org\/{rel}","templated":true}]}}