{"id":7160,"date":"2026-05-15T11:17:28","date_gmt":"2026-05-15T08:17:28","guid":{"rendered":"https:\/\/tammetorubbq.ee\/?post_type=product&#038;p=7160"},"modified":"2026-05-16T07:00:10","modified_gmt":"2026-05-16T04:00:10","slug":"tabasco-buffalo-style-kaste-363g","status":"publish","type":"product","link":"https:\/\/tammetorubbq.ee\/lt\/toode\/tabasco-buffalo-style-kaste-363g\/","title":{"rendered":"Tabasco Buffalo Style kaste 363g"},"content":{"rendered":"<p><strong data-start=\"513\" data-end=\"529\">Sudedamosios dalys: <\/strong>punane pipar, destilleeritud \u00e4\u00e4dikas, vesi, sool, k\u00fc\u00fcslauk.<\/p>\n<p>Ei sisalda toode GMO-sid ega s\u00e4ilitusaineid.<\/p>\n<p data-start=\"593\" data-end=\"634\"><strong data-start=\"593\" data-end=\"632\">Toitumisalane teave (100 ml kohta):<\/strong><\/p>\n<ul data-start=\"635\" data-end=\"811\">\n<li data-section-id=\"1abdfpw\" data-start=\"635\" data-end=\"654\">Energia: 0 kcal<\/li>\n<li data-section-id=\"11ga8m7\" data-start=\"655\" data-end=\"712\">Rasvad: 0 g\n<ul data-start=\"673\" data-end=\"712\">\n<li data-section-id=\"1b3dmg6\" data-start=\"673\" data-end=\"712\">millest k\u00fcllastunud rasvhapped: 0 g<\/li>\n<\/ul>\n<\/li>\n<li data-section-id=\"5a3pt5\" data-start=\"713\" data-end=\"760\">S\u00fcsivesikud: 0 g\n<ul data-start=\"736\" data-end=\"760\">\n<li data-section-id=\"zpsv0l\" data-start=\"736\" data-end=\"760\">millest suhkrud: 0 g<\/li>\n<\/ul>\n<\/li>\n<li data-section-id=\"lb1yep\" data-start=\"761\" data-end=\"779\">Kiudained: 0 g<\/li>\n<li data-section-id=\"7wz02w\" data-start=\"780\" data-end=\"795\">Valgud: 0 g<\/li>\n<li data-section-id=\"ue0af8\" data-start=\"796\" data-end=\"811\">Sool: 7,5 g<\/li>\n<\/ul>\n<p>&nbsp;<\/p>\n<p data-start=\"0\" data-end=\"346\">TABASCO on maailma enim levinud teravakastmete kaubam\u00e4rk, mille ajalugu ulatub aastasse 1868, kui Edmund McIlhenny l\u00f5i esimese TABASCO kastme Louisiana osariigis Avery Islandil, USA-s. T\u00e4naseni on ettev\u00f5te pereomanduses ning toodab kastmeid traditsiooniliste retseptide j\u00e4rgi, kasutades kvaliteetseid koostisosi ja hoolikalt laagerdatud t\u0161illipipraid.<\/p>\n<p data-start=\"348\" data-end=\"719\" data-is-last-node=\"\" data-is-only-node=\"\">TABASCO p\u00f5hiv\u00e4\u00e4rtusteks on autentsus, kvaliteet, lihtsad koostisosad ja kirg maitsete vastu. Ettev\u00f5te keskendub j\u00e4tkusuutlikule tootmisele ning soovib pakkuda inimestele \u00fcle maailma julgeid ja ainulaadseid maitseelamusi. TABASCO visioon on inspireerida inimesi avastama uusi maitseid ja muuta igap\u00e4evane toit p\u00f5nevamaks l\u00e4bi kvaliteetsete piprakastmete ja maitseainete.<\/p>","protected":false},"excerpt":{"rendered":"<h5>Kaste mille j\u00e4rgi sinu kanatiivad karjuvad<\/h5>\n<p>TABASCO Buffalo Style kaste on klassikaline buffalo-stiilis kaste, mis \u00fchendab hapuka \u00e4\u00e4dika, k\u00fc\u00fcslaugu ja m\u00f5\u00f5duka t\u0161illiteravuse tuntud TABASCO maitsega.<\/p>\n<p>See sobib suurep\u00e4raselt kanatiibade, burgerite, wrap\u2019ide, dipikastmete ja suupistete maitsestamiseks.<\/p>\n<p>Kaste on meeldivalt v\u00fcrtsikas, samas tasakaalustatud ja rikkaliku maitsega.<\/p>\n<p>Mugav pigistatav pudel teeb kastme kasutamise lihtsaks nii toidu peale lisamisel kui ka marinaadides ja kastmetes segamisel.<\/p>\n<p>&nbsp;<\/p>\n<p><strong>Teravusaste: 1200\u20132400 SHU (Scoville\u2019i \u00fchikut) ehk 5\/2<\/strong><\/p>\n<p>**\u201eScoville\u2019i \u00fchik\u201d (SHU) on m\u00f5\u00f5t\u00fchik, mis n\u00e4itab kapsaitsiini sisaldust \u2013 see on pipardes leiduv \u00fchend, mis p\u00f5hjustab teravust.<\/p>\n<p><a href=\"https:\/\/tammetorubbq.ee\/wp-content\/uploads\/2026\/05\/Tabasco_Logo.svg\"><img loading=\"lazy\" decoding=\"async\" class=\"alignnone wp-image-7161\" src=\"https:\/\/tammetorubbq.ee\/wp-content\/uploads\/2026\/05\/Tabasco_Logo.svg\" alt=\"Tabasco \" width=\"178\" height=\"178\" \/><\/a><\/p>","protected":false},"featured_media":7162,"comment_status":"closed","ping_status":"closed","template":"","meta":{"_uf_show_specific_survey":0,"_uf_disable_surveys":false},"pwb-brand":[424],"product_brand":[425],"product_cat":[22],"product_tag":[138,428,118,159,426,427],"class_list":{"0":"post-7160","1":"product","2":"type-product","3":"status-publish","4":"has-post-thumbnail","6":"pwb-brand-tabasco","7":"product_brand-tabasco","8":"product_cat-kastmed-ja-marinaadid","9":"product_tag-burger","10":"product_tag-dipikaste","11":"product_tag-kanaliha","12":"product_tag-kanatiivad","13":"product_tag-tabasco","14":"product_tag-wrap","16":"first","17":"outofstock","18":"taxable","19":"shipping-taxable","20":"purchasable","21":"product-type-simple"},"brands":[{"id":424,"name":"Tabasco","slug":"tabasco"}],"_links":{"self":[{"href":"https:\/\/tammetorubbq.ee\/lt\/wp-json\/wp\/v2\/product\/7160","targetHints":{"allow":["GET"]}}],"collection":[{"href":"https:\/\/tammetorubbq.ee\/lt\/wp-json\/wp\/v2\/product"}],"about":[{"href":"https:\/\/tammetorubbq.ee\/lt\/wp-json\/wp\/v2\/types\/product"}],"replies":[{"embeddable":true,"href":"https:\/\/tammetorubbq.ee\/lt\/wp-json\/wp\/v2\/comments?post=7160"}],"wp:featuredmedia":[{"embeddable":true,"href":"https:\/\/tammetorubbq.ee\/lt\/wp-json\/wp\/v2\/media\/7162"}],"wp:attachment":[{"href":"https:\/\/tammetorubbq.ee\/lt\/wp-json\/wp\/v2\/media?parent=7160"}],"wp:term":[{"taxonomy":"pwb-brand","embeddable":true,"href":"https:\/\/tammetorubbq.ee\/lt\/wp-json\/wp\/v2\/pwb-brand?post=7160"},{"taxonomy":"product_brand","embeddable":true,"href":"https:\/\/tammetorubbq.ee\/lt\/wp-json\/wp\/v2\/product_brand?post=7160"},{"taxonomy":"product_cat","embeddable":true,"href":"https:\/\/tammetorubbq.ee\/lt\/wp-json\/wp\/v2\/product_cat?post=7160"},{"taxonomy":"product_tag","embeddable":true,"href":"https:\/\/tammetorubbq.ee\/lt\/wp-json\/wp\/v2\/product_tag?post=7160"}],"curies":[{"name":"wp","href":"https:\/\/api.w.org\/{rel}","templated":true}]}}