{"id":767,"date":"2023-12-10T17:35:47","date_gmt":"2023-12-10T15:35:47","guid":{"rendered":"https:\/\/tammetorubbq.ee\/?post_type=product&#038;p=767"},"modified":"2026-04-15T03:00:03","modified_gmt":"2026-04-15T00:00:03","slug":"kamado-joe-didelis-blokinis-grilis-big-block-argentina-91-kg-50l","status":"publish","type":"product","link":"https:\/\/tammetorubbq.ee\/lt\/produktas\/kamado-joe-didelis-blokinis-grilis-big-block-argentina-91-kg-50l\/","title":{"rendered":"\"Kamado Joe Big Block\" (argentinieti\u0161kas) 9,1 kg \/ 50 L"},"content":{"rendered":"<p>Krep\u0161io svoris 9,1 kg, talpa 50 l.<\/p>","protected":false},"excerpt":{"rendered":"<p>I\u0161 auk\u0161tos kokyb\u0117s kietmed\u017eio pagaminta \"Kamado Joe Big Block\" dideli\u0173 gabal\u0173 anglis puikiai tinka tiems, kurie nori i\u0161skirtinio skonio ir ilgesnio degimo laiko.<br \/>\nAuk\u0161tos kokyb\u0117s med\u017eio anglis u\u017etikrina sodr\u0173 d\u016bm\u0105 ir nepakartojam\u0105 kepimo skon\u012f.<\/p>\n<ul>\n<li>100% nat\u016brali kepsnin\u0117s anglis, suteikianti nepakartojam\u0105 skon\u012f.<\/li>\n<li>Vieno mai\u0161elio degimo trukm\u0117 iki 18 valand\u0173.<\/li>\n<li>Pagaminta i\u0161 guajakano, guajabio, aistalo ir baltojo kvebracho lapuo\u010di\u0173 mi\u0161inio.<\/li>\n<\/ul>\n<p>Geriausia naudoti <a href=\"https:\/\/tammetorubbq.ee\/lt\/?s=kamado+joe&amp;post_type=product&amp;dgwt_wcas=1\"><span style=\"color: #ff0000;\"><strong>Kamado Joe<\/strong><\/span><\/a> arba bet koki\u0105 kit\u0105 anglimi k\u016brenam\u0105 kepsnin\u0119.<\/p>\n<p>&nbsp;<\/p>\n<p><img loading=\"lazy\" decoding=\"async\" class=\"alignnone wp-image-1531\" src=\"http:\/\/tammetorubbq.ee\/wp-content\/uploads\/2024\/03\/kamado-joe-logo-300x40.webp\" alt=\"Kamado Joe logotipas\" width=\"203\" height=\"27\" srcset=\"https:\/\/tammetorubbq.ee\/wp-content\/uploads\/2024\/03\/kamado-joe-logo-300x40.webp 300w, https:\/\/tammetorubbq.ee\/wp-content\/uploads\/2024\/03\/kamado-joe-logo-768x104.webp 768w, https:\/\/tammetorubbq.ee\/wp-content\/uploads\/2024\/03\/kamado-joe-logo-18x2.webp 18w, https:\/\/tammetorubbq.ee\/wp-content\/uploads\/2024\/03\/kamado-joe-logo-600x81.webp 600w, https:\/\/tammetorubbq.ee\/wp-content\/uploads\/2024\/03\/kamado-joe-logo-64x9.webp 64w, https:\/\/tammetorubbq.ee\/wp-content\/uploads\/2024\/03\/kamado-joe-logo.webp 1024w\" sizes=\"auto, (max-width: 203px) 100vw, 203px\" \/><\/p>","protected":false},"featured_media":773,"comment_status":"open","ping_status":"closed","template":"","meta":{"_uf_show_specific_survey":0,"_uf_disable_surveys":false},"pwb-brand":[69],"product_brand":[],"product_cat":[58,28],"product_tag":[130,126],"class_list":{"0":"post-767","1":"product","2":"type-product","3":"status-publish","4":"has-post-thumbnail","6":"pwb-brand-kamado-joe","7":"product_cat-grillssusi","8":"product_cat-grillsusi","9":"product_tag-grillsusi","10":"product_tag-kamado-joe","12":"first","13":"instock","14":"taxable","15":"shipping-taxable","16":"purchasable","17":"product-type-simple"},"brands":[{"id":69,"name":"Kamado Joe","slug":"kamado-joe"}],"_links":{"self":[{"href":"https:\/\/tammetorubbq.ee\/lt\/wp-json\/wp\/v2\/product\/767","targetHints":{"allow":["GET"]}}],"collection":[{"href":"https:\/\/tammetorubbq.ee\/lt\/wp-json\/wp\/v2\/product"}],"about":[{"href":"https:\/\/tammetorubbq.ee\/lt\/wp-json\/wp\/v2\/types\/product"}],"replies":[{"embeddable":true,"href":"https:\/\/tammetorubbq.ee\/lt\/wp-json\/wp\/v2\/comments?post=767"}],"wp:featuredmedia":[{"embeddable":true,"href":"https:\/\/tammetorubbq.ee\/lt\/wp-json\/wp\/v2\/media\/773"}],"wp:attachment":[{"href":"https:\/\/tammetorubbq.ee\/lt\/wp-json\/wp\/v2\/media?parent=767"}],"wp:term":[{"taxonomy":"pwb-brand","embeddable":true,"href":"https:\/\/tammetorubbq.ee\/lt\/wp-json\/wp\/v2\/pwb-brand?post=767"},{"taxonomy":"product_brand","embeddable":true,"href":"https:\/\/tammetorubbq.ee\/lt\/wp-json\/wp\/v2\/product_brand?post=767"},{"taxonomy":"product_cat","embeddable":true,"href":"https:\/\/tammetorubbq.ee\/lt\/wp-json\/wp\/v2\/product_cat?post=767"},{"taxonomy":"product_tag","embeddable":true,"href":"https:\/\/tammetorubbq.ee\/lt\/wp-json\/wp\/v2\/product_tag?post=767"}],"curies":[{"name":"wp","href":"https:\/\/api.w.org\/{rel}","templated":true}]}}