{"id":772,"date":"2023-12-10T17:35:47","date_gmt":"2023-12-10T15:35:47","guid":{"rendered":"https:\/\/tammetorubbq.ee\/?post_type=product&#038;p=772"},"modified":"2026-04-19T20:00:01","modified_gmt":"2026-04-19T17:00:01","slug":"dideles-talpos-groteles-66kg-50l-fsc100","status":"publish","type":"product","link":"https:\/\/tammetorubbq.ee\/lt\/produktas\/dideles-talpos-groteles-66kg-50l-fsc100\/","title":{"rendered":"GRILLEP didel\u0117s talpos med\u017eio anglis 6,6 kg \/ 50 l (FSC100%)"},"content":{"rendered":"<h3 data-start=\"1588\" data-end=\"1608\"><strong data-start=\"1595\" data-end=\"1608\">Informacija apie gamin\u012f<\/strong><\/h3>\n<ul data-start=\"1610\" data-end=\"1770\">\n<li data-start=\"1610\" data-end=\"1632\">\n<p data-start=\"1612\" data-end=\"1632\"><strong data-start=\"1612\" data-end=\"1621\">Prek\u0117s \u017eenklas<\/strong>: GRILLEP<\/p>\n<\/li>\n<li data-start=\"1633\" data-end=\"1675\">\n<p data-start=\"1635\" data-end=\"1675\"><strong data-start=\"1635\" data-end=\"1648\">Produkto tipas<\/strong>: Didel\u0117s frakcijos med\u017eio anglis<\/p>\n<\/li>\n<li data-start=\"1676\" data-end=\"1694\">\n<p data-start=\"1678\" data-end=\"1694\"><strong data-start=\"1678\" data-end=\"1686\">Puit<\/strong>: Lepp<\/p>\n<\/li>\n<li data-start=\"1695\" data-end=\"1713\">\n<p data-start=\"1697\" data-end=\"1713\"><strong data-start=\"1697\" data-end=\"1705\">Talpa<\/strong>: 50 L<\/p>\n<\/li>\n<li data-start=\"1714\" data-end=\"1744\">\n<p data-start=\"1716\" data-end=\"1744\"><strong data-start=\"1716\" data-end=\"1731\">Sertifikatas<\/strong>: FSC\u00ae 100%<\/p>\n<\/li>\n<li data-start=\"1745\" data-end=\"1770\">\n<p data-start=\"1747\" data-end=\"1770\"><strong data-start=\"1747\" data-end=\"1759\">Kilm\u0117<\/strong>: Europa<\/p>\n<\/li>\n<\/ul>\n<h3 data-start=\"1126\" data-end=\"1169\">\ud83c\udf31 <strong data-start=\"1329\" data-end=\"1365\">Kod\u0117l verta rinktis FSC\u00ae 100% med\u017eio angl\u012f?<\/strong><\/h3>\n<p data-start=\"1367\" data-end=\"1581\">FSC (Forest Stewardship Council) sertifikavimas rei\u0161kia, kad med\u017eio anglis pagaminta laikantis grie\u017et\u0173 aplinkosaugos ir socialini\u0173 standart\u0173. Tai idealus pasirinkimas tiems, kurie vertina gamt\u0105 ir atsaking\u0105 vartojim\u0105.<\/p>","protected":false},"excerpt":{"rendered":"<p data-start=\"133\" data-end=\"234\"><strong data-start=\"133\" data-end=\"234\">\u0160varesnis degimas, nat\u016bralus d\u016bm\u0173 skonis ir gera kokyb\u0117 - geriausias pasirinkimas s\u0105moningam kep\u0117jui!<\/strong><\/p>\n<p data-start=\"236\" data-end=\"539\">\"GRILLEP Premium\" didel\u0117s partijos med\u017eio anglis i\u0161 tuop\u0173 medienos yra auk\u0161tos kokyb\u0117s ir 100% nat\u016bralus kuras, tinkamas naudoti tiek namuose, tiek profesionaliai. D\u0117l savo nat\u016bralios strukt\u016bros med\u017eio anglis greitai u\u017esidega, tolygiai dega ir suteikia m\u0117sai bei maistui b\u016bding\u0105 \u0161veln\u0173 d\u016bmo skon\u012f.<\/p>\n<h3 data-start=\"984\" data-end=\"1001\"><strong data-start=\"990\" data-end=\"1001\">Privalumai<\/strong><\/h3>\n<p data-start=\"1005\" data-end=\"1089\">\u2714\ufe0f Nat\u016bralus d\u016bm\u0173 skonis puikiai tinka m\u0117sai, \u017euviai ir dar\u017eov\u0117ms kepti.<\/p>\n<p data-start=\"1092\" data-end=\"1157\">\u2714\ufe0f Greitas u\u017edegimas - tinka ir trumpesniems kepimo seansams<\/p>\n<p data-start=\"1160\" data-end=\"1203\">\u2714\ufe0f Ma\u017eas pelen\u0173 kiekis - reikia ma\u017eiau valyti<\/p>\n<p data-start=\"1206\" data-end=\"1262\">\u2714\ufe0f Didelio degimo anglis dega l\u0117\u010diau ir tolygiau.<\/p>\n<p data-start=\"1265\" data-end=\"1315\">\u2714\ufe0f FSC sertifikatas - atsakingai pagaminta<\/p>\n<h3 data-start=\"546\" data-end=\"571\"><strong data-start=\"553\" data-end=\"571\">Produkto savyb\u0117s<\/strong><\/h3>\n<ul data-start=\"573\" data-end=\"977\">\n<li data-start=\"573\" data-end=\"656\">\n<p data-start=\"575\" data-end=\"656\"><strong data-start=\"575\" data-end=\"583\">Puit<\/strong>: 100% nat\u016bralus alksnis - sud\u0117tyje n\u0117ra chemini\u0173 pried\u0173 ar ri\u0161ikli\u0173.<\/p>\n<\/li>\n<li data-start=\"657\" data-end=\"746\">\n<p data-start=\"659\" data-end=\"746\"><strong data-start=\"659\" data-end=\"673\">Gabalo dydis<\/strong>: Didelis skersmuo - u\u017etikrina geresn\u0119 oro cirkuliacij\u0105 ir tolyg\u0173 degim\u0105.<\/p>\n<\/li>\n<li data-start=\"747\" data-end=\"816\">\n<p data-start=\"749\" data-end=\"816\"><strong data-start=\"749\" data-end=\"757\">Talpa<\/strong>: 50 litr\u0173 (apie 7-8 kg, priklausomai nuo gabal\u0173 dyd\u017eio).<\/p>\n<\/li>\n<li data-start=\"817\" data-end=\"899\">\n<p data-start=\"819\" data-end=\"899\"><strong data-start=\"819\" data-end=\"839\">Degimo kokyb\u0117<\/strong>: Greitas u\u017esidegimas, stabili \u0161iluma ir ma\u017eas peleningumas.<\/p>\n<\/li>\n<li data-start=\"900\" data-end=\"977\">\n<p data-start=\"902\" data-end=\"977\"><strong data-start=\"902\" data-end=\"917\">Sertifikatas<\/strong>: <strong data-start=\"919\" data-end=\"932\">FSC\u00ae 100%<\/strong> - ekologi\u0161kas ir tvarus pasirinkimas.<\/p>\n<\/li>\n<\/ul>\n<p><img loading=\"lazy\" decoding=\"async\" class=\"alignnone wp-image-3290\" src=\"http:\/\/tammetorubbq.ee\/wp-content\/uploads\/2023\/12\/Grillep_Logo-300x200.png\" alt=\"FSC 100%\" width=\"150\" height=\"100\" srcset=\"https:\/\/tammetorubbq.ee\/wp-content\/uploads\/2023\/12\/Grillep_Logo-300x200.png 300w, https:\/\/tammetorubbq.ee\/wp-content\/uploads\/2023\/12\/Grillep_Logo-1024x681.png 1024w, https:\/\/tammetorubbq.ee\/wp-content\/uploads\/2023\/12\/Grillep_Logo-768x511.png 768w, https:\/\/tammetorubbq.ee\/wp-content\/uploads\/2023\/12\/Grillep_Logo-18x12.png 18w, https:\/\/tammetorubbq.ee\/wp-content\/uploads\/2023\/12\/Grillep_Logo-600x399.png 600w, https:\/\/tammetorubbq.ee\/wp-content\/uploads\/2023\/12\/Grillep_Logo-64x43.png 64w, https:\/\/tammetorubbq.ee\/wp-content\/uploads\/2023\/12\/Grillep_Logo.png 1203w\" sizes=\"auto, (max-width: 150px) 100vw, 150px\" \/><img loading=\"lazy\" decoding=\"async\" class=\"alignnone wp-image-3289\" src=\"http:\/\/tammetorubbq.ee\/wp-content\/uploads\/2023\/12\/FSC-100.svg\" alt=\"\" width=\"67\" height=\"97\" \/><\/p>\n<p>&nbsp;<\/p>","protected":false},"featured_media":768,"comment_status":"open","ping_status":"closed","template":"","meta":{"_uf_show_specific_survey":0,"_uf_disable_surveys":false},"pwb-brand":[151],"product_brand":[],"product_cat":[58,28],"product_tag":[152,130],"class_list":{"0":"post-772","1":"product","2":"type-product","3":"status-publish","4":"has-post-thumbnail","6":"pwb-brand-grillep","7":"product_cat-grillssusi","8":"product_cat-grillsusi","9":"product_tag-grillep","10":"product_tag-grillsusi","12":"first","13":"instock","14":"taxable","15":"shipping-taxable","16":"purchasable","17":"product-type-simple"},"brands":[{"id":151,"name":"Kriketas","slug":"kepsnine-2"}],"_links":{"self":[{"href":"https:\/\/tammetorubbq.ee\/lt\/wp-json\/wp\/v2\/product\/772","targetHints":{"allow":["GET"]}}],"collection":[{"href":"https:\/\/tammetorubbq.ee\/lt\/wp-json\/wp\/v2\/product"}],"about":[{"href":"https:\/\/tammetorubbq.ee\/lt\/wp-json\/wp\/v2\/types\/product"}],"replies":[{"embeddable":true,"href":"https:\/\/tammetorubbq.ee\/lt\/wp-json\/wp\/v2\/comments?post=772"}],"wp:featuredmedia":[{"embeddable":true,"href":"https:\/\/tammetorubbq.ee\/lt\/wp-json\/wp\/v2\/media\/768"}],"wp:attachment":[{"href":"https:\/\/tammetorubbq.ee\/lt\/wp-json\/wp\/v2\/media?parent=772"}],"wp:term":[{"taxonomy":"pwb-brand","embeddable":true,"href":"https:\/\/tammetorubbq.ee\/lt\/wp-json\/wp\/v2\/pwb-brand?post=772"},{"taxonomy":"product_brand","embeddable":true,"href":"https:\/\/tammetorubbq.ee\/lt\/wp-json\/wp\/v2\/product_brand?post=772"},{"taxonomy":"product_cat","embeddable":true,"href":"https:\/\/tammetorubbq.ee\/lt\/wp-json\/wp\/v2\/product_cat?post=772"},{"taxonomy":"product_tag","embeddable":true,"href":"https:\/\/tammetorubbq.ee\/lt\/wp-json\/wp\/v2\/product_tag?post=772"}],"curies":[{"name":"wp","href":"https:\/\/api.w.org\/{rel}","templated":true}]}}