{"id":785,"date":"2023-12-10T18:08:27","date_gmt":"2023-12-10T16:08:27","guid":{"rendered":"https:\/\/tammetorubbq.ee\/?post_type=product&#038;p=785"},"modified":"2026-04-14T18:00:09","modified_gmt":"2026-04-14T15:00:09","slug":"kamado-joe-rukymo-azuolo-blokai-45-kg","status":"publish","type":"product","link":"https:\/\/tammetorubbq.ee\/lt\/produktas\/kamado-joe-rukymo-azuolo-blokai-45-kg\/","title":{"rendered":"\"Kamado Joe\" r\u016bkymo blokai i\u0161 obuoli\u0173 medienos 4,5 kg"},"content":{"rendered":"<p>\"Kamado Joe\" d\u016bm\u0173 blokai - tai kum\u0161\u010dio dyd\u017eio med\u017eio gabalai be \u017eiev\u0117s.<\/p>\n<p>Niekada ned\u017eiovinti orkait\u0117je. Kad i\u0161likt\u0173 nat\u016bral\u016bs cukr\u016bs ir skonis b\u016bt\u0173 sodresnis, s\u016bris pakankamai laiko d\u017eiovinamas ore.<\/p>\n<p>Obuoli\u0173 mediena suteikia lengv\u0105 ir \u0161veln\u0173 vaisi\u0173 skon\u012f.<br \/>\nPuikiai tinka kiaulienai, \u0161onkauliukams, pauk\u0161tienai ir \u017euviai.<br \/>\nD\u0117l lengvo skonio jis idealiai tinka pradedantiesiems r\u016bkaliams.<\/p>","protected":false},"excerpt":{"rendered":"<p>\"Kamado Joe\" d\u016bm\u0173 blokai - tai kum\u0161\u010dio dyd\u017eio med\u017eio gabalai be \u017eiev\u0117s.<\/p>\n<p>Niekada ned\u017eiovinti orkait\u0117je. Kad i\u0161likt\u0173 nat\u016bral\u016bs cukr\u016bs ir skonis b\u016bt\u0173 sodresnis, s\u016bris pakankamai laiko d\u017eiovinamas ore.<\/p>\n<p>&nbsp;<\/p>\n<p><img loading=\"lazy\" decoding=\"async\" class=\"wp-image-1531\" src=\"http:\/\/tammetorubbq.ee\/wp-content\/uploads\/2024\/03\/kamado-joe-logo-300x40.webp\" alt=\"Kamado Joe logotipas\" width=\"165\" height=\"22\" srcset=\"https:\/\/tammetorubbq.ee\/wp-content\/uploads\/2024\/03\/kamado-joe-logo-300x40.webp 300w, https:\/\/tammetorubbq.ee\/wp-content\/uploads\/2024\/03\/kamado-joe-logo-768x104.webp 768w, https:\/\/tammetorubbq.ee\/wp-content\/uploads\/2024\/03\/kamado-joe-logo-18x2.webp 18w, https:\/\/tammetorubbq.ee\/wp-content\/uploads\/2024\/03\/kamado-joe-logo-600x81.webp 600w, https:\/\/tammetorubbq.ee\/wp-content\/uploads\/2024\/03\/kamado-joe-logo-64x9.webp 64w, https:\/\/tammetorubbq.ee\/wp-content\/uploads\/2024\/03\/kamado-joe-logo.webp 1024w\" sizes=\"auto, (max-width: 165px) 100vw, 165px\" \/><\/p>","protected":false},"featured_media":793,"comment_status":"open","ping_status":"closed","template":"","meta":{"_uf_show_specific_survey":0,"_uf_disable_surveys":false},"pwb-brand":[69],"product_brand":[],"product_cat":[28,59],"product_tag":[],"class_list":{"0":"post-785","1":"product","2":"type-product","3":"status-publish","4":"has-post-thumbnail","6":"pwb-brand-kamado-joe","7":"product_cat-grillsusi","8":"product_cat-suitsuklotsid","10":"first","11":"instock","12":"taxable","13":"shipping-taxable","14":"purchasable","15":"product-type-simple"},"brands":[{"id":69,"name":"Kamado Joe","slug":"kamado-joe"}],"_links":{"self":[{"href":"https:\/\/tammetorubbq.ee\/lt\/wp-json\/wp\/v2\/product\/785","targetHints":{"allow":["GET"]}}],"collection":[{"href":"https:\/\/tammetorubbq.ee\/lt\/wp-json\/wp\/v2\/product"}],"about":[{"href":"https:\/\/tammetorubbq.ee\/lt\/wp-json\/wp\/v2\/types\/product"}],"replies":[{"embeddable":true,"href":"https:\/\/tammetorubbq.ee\/lt\/wp-json\/wp\/v2\/comments?post=785"}],"wp:featuredmedia":[{"embeddable":true,"href":"https:\/\/tammetorubbq.ee\/lt\/wp-json\/wp\/v2\/media\/793"}],"wp:attachment":[{"href":"https:\/\/tammetorubbq.ee\/lt\/wp-json\/wp\/v2\/media?parent=785"}],"wp:term":[{"taxonomy":"pwb-brand","embeddable":true,"href":"https:\/\/tammetorubbq.ee\/lt\/wp-json\/wp\/v2\/pwb-brand?post=785"},{"taxonomy":"product_brand","embeddable":true,"href":"https:\/\/tammetorubbq.ee\/lt\/wp-json\/wp\/v2\/product_brand?post=785"},{"taxonomy":"product_cat","embeddable":true,"href":"https:\/\/tammetorubbq.ee\/lt\/wp-json\/wp\/v2\/product_cat?post=785"},{"taxonomy":"product_tag","embeddable":true,"href":"https:\/\/tammetorubbq.ee\/lt\/wp-json\/wp\/v2\/product_tag?post=785"}],"curies":[{"name":"wp","href":"https:\/\/api.w.org\/{rel}","templated":true}]}}