{"id":802,"date":"2023-12-10T18:15:22","date_gmt":"2023-12-10T16:15:22","guid":{"rendered":"https:\/\/tammetorubbq.ee\/?post_type=product&#038;p=802"},"modified":"2026-04-19T19:00:02","modified_gmt":"2026-04-19T16:00:02","slug":"stokes-habanero-aitriuju-papriku-majonezas-205g","status":"publish","type":"product","link":"https:\/\/tammetorubbq.ee\/lt\/produktas\/stokes-habanero-aitriuju-papriku-majonezas-205g\/","title":{"rendered":"Stokes Habanero Chilli majonezas 205g"},"content":{"rendered":"<p>A\u0161tr\u016bs fermentuoti Habanero aitri\u0173j\u0173 paprik\u0173 pipirai subalansuoja intensyv\u0173 gyl\u012f su \u0161velniu vaisi\u0173 skoniu.<br \/>\n\"Stokes Habanero\" a\u0161trusis pada\u017eas, peln\u0119s 2 \u017evaig\u017edu\u010di\u0173 puikaus skonio apdovanojim\u0105.<\/p>\n<p>Ugningas pada\u017eas, pasi\u017eymintis gard\u017eiu aromatu: gilios acto natos ir daug \u017eadantis vaisi\u0161kumas - saldumas gra\u017eiai persipina su a\u0161triu vaisi\u0161kumu.<\/p>\n<p>Svog\u016bnai, pomidorai ir mangai subalansuoja ugning\u0105 a\u0161trum\u0105, o pabaigai suteikia sald\u0173, vaisin\u012f ir \u0161veln\u0173 skon\u012f.<\/p>\n<p>Sudedamosios dalys:<br \/>\nBaltojo vyno actas, vanduo, fermentuota raudon\u0173j\u0173 habanero aitri\u0173j\u0173 paprik\u0173 tyr\u0117 (11%) (raudonosios habanero aitriosios paprikos, druska, acto r\u016bg\u0161tis), svog\u016bn\u0173 tyr\u0117, pomidor\u0173 tyr\u0117, nerafinuotas cukranendri\u0173 cukrus, mangas (8%), kukur\u016bz\u0173 miltai, raps\u0173 aliejus, \u010desnak\u0173 tyr\u0117, imbiero tyr\u0117, prieskoniai, j\u016bros druska, konservantas sorbo r\u016bg\u0161tis (sulfitai).<\/p>\n<p>Atidarius laikykite \u0161aldytuve ir suvartokite per 6 savaites.<br \/>\n\u200b<br \/>\nBe glitimo<\/p>","protected":false},"excerpt":{"rendered":"<p>A\u0161tr\u016bs fermentuoti Habanero aitri\u0173j\u0173 paprik\u0173 pipirai subalansuoja intensyv\u0173 gyl\u012f su \u0161velniu vaisi\u0173 skoniu.<br \/>\n\"Stokes Habanero\" a\u0161trusis pada\u017eas, peln\u0119s 2 \u017evaig\u017edu\u010di\u0173 puikaus skonio apdovanojim\u0105.<\/p>\n<p>Ugningas pada\u017eas, pasi\u017eymintis gard\u017eiu aromatu: gilios acto natos ir daug \u017eadantis vaisi\u0161kumas - saldumas gra\u017eiai persipina su a\u0161triu vaisi\u0161kumu.<\/p>\n<p>&nbsp;<\/p>\n<p><img loading=\"lazy\" decoding=\"async\" class=\"alignnone wp-image-1551\" src=\"http:\/\/tammetorubbq.ee\/wp-content\/uploads\/2023\/12\/stokes-logo-vector-1.png\" alt=\"\" width=\"179\" height=\"99\" srcset=\"https:\/\/tammetorubbq.ee\/wp-content\/uploads\/2023\/12\/stokes-logo-vector-1.png 300w, https:\/\/tammetorubbq.ee\/wp-content\/uploads\/2023\/12\/stokes-logo-vector-1-18x10.png 18w, https:\/\/tammetorubbq.ee\/wp-content\/uploads\/2023\/12\/stokes-logo-vector-1-64x35.png 64w\" sizes=\"auto, (max-width: 179px) 100vw, 179px\" \/><\/p>","protected":false},"featured_media":863,"comment_status":"open","ping_status":"closed","template":"","meta":{"_uf_show_specific_survey":0,"_uf_disable_surveys":false},"pwb-brand":[],"product_brand":[],"product_cat":[22],"product_tag":[],"class_list":{"0":"post-802","1":"product","2":"type-product","3":"status-publish","4":"has-post-thumbnail","6":"product_cat-kastmed-ja-marinaadid","8":"first","9":"instock","10":"taxable","11":"shipping-taxable","12":"purchasable","13":"product-type-simple"},"brands":[],"_links":{"self":[{"href":"https:\/\/tammetorubbq.ee\/lt\/wp-json\/wp\/v2\/product\/802","targetHints":{"allow":["GET"]}}],"collection":[{"href":"https:\/\/tammetorubbq.ee\/lt\/wp-json\/wp\/v2\/product"}],"about":[{"href":"https:\/\/tammetorubbq.ee\/lt\/wp-json\/wp\/v2\/types\/product"}],"replies":[{"embeddable":true,"href":"https:\/\/tammetorubbq.ee\/lt\/wp-json\/wp\/v2\/comments?post=802"}],"wp:featuredmedia":[{"embeddable":true,"href":"https:\/\/tammetorubbq.ee\/lt\/wp-json\/wp\/v2\/media\/863"}],"wp:attachment":[{"href":"https:\/\/tammetorubbq.ee\/lt\/wp-json\/wp\/v2\/media?parent=802"}],"wp:term":[{"taxonomy":"pwb-brand","embeddable":true,"href":"https:\/\/tammetorubbq.ee\/lt\/wp-json\/wp\/v2\/pwb-brand?post=802"},{"taxonomy":"product_brand","embeddable":true,"href":"https:\/\/tammetorubbq.ee\/lt\/wp-json\/wp\/v2\/product_brand?post=802"},{"taxonomy":"product_cat","embeddable":true,"href":"https:\/\/tammetorubbq.ee\/lt\/wp-json\/wp\/v2\/product_cat?post=802"},{"taxonomy":"product_tag","embeddable":true,"href":"https:\/\/tammetorubbq.ee\/lt\/wp-json\/wp\/v2\/product_tag?post=802"}],"curies":[{"name":"wp","href":"https:\/\/api.w.org\/{rel}","templated":true}]}}