{"id":10,"date":"2023-11-14T09:33:31","date_gmt":"2023-11-14T06:33:31","guid":{"rendered":"https:\/\/tammetorubbq.ee\/?page_id=10"},"modified":"2023-11-30T14:12:41","modified_gmt":"2023-11-30T12:12:41","slug":"citi-noteikumi-un-nosacijumi","status":"publish","type":"page","link":"https:\/\/tammetorubbq.ee\/lv\/citi-noteikumi-un-nosacijumi\/","title":{"rendered":"P\u0101rdo\u0161anas nosac\u012bjumi"},"content":{"rendered":"<h3>Pas\u016bt\u012bjuma iesnieg\u0161ana<\/h3>\n<p>Izv\u0113lieties interes\u0113jo\u0161o(-os) produktu(-us) un nospiediet pogu \"Pievienot grozam\". Savu iepirkumu grozu un taj\u0101 pievienotos produktus neatkar\u012bgi no t\u0101, kur\u0101 lap\u0101 atrodaties, varat atrast m\u016bsu e-veikala aug\u0161\u0113j\u0101 labaj\u0101 st\u016br\u012b.<\/p>\n<p>Kad esat pievienojis visus v\u0113lamos produktus iepirkumu groz\u0101, varat s\u0101kt veikt pas\u016bt\u012bjumu.<\/p>\n<p>L\u016bdzu, \u0146emiet v\u0113r\u0101, ka p\u0113c pas\u016bt\u012bjuma apstiprin\u0101\u0161anas uz j\u016bsu e-pasta adresi tiks nos\u016bt\u012bts tikai apstiprin\u0101juma e-pasts ar pas\u016bt\u012bjuma inform\u0101ciju, bet ne r\u0113\u0137ins! R\u0113\u0137ins tiks nos\u016bt\u012bts uz klienta nor\u0101d\u012bto e-pasta adresi p\u0113c k\u0101da laika. Ja j\u016bsu pastkast\u012bte nav sa\u0146\u0113musi nek\u0101du inform\u0101ciju no mums, l\u016bdzu, p\u0101rbaudiet, vai j\u016bsu pastkast\u012bt\u0113 ir vieta jaunu zi\u0146ojumu sa\u0146em\u0161anai vai ar\u012b vai j\u016bsu surog\u0101tpasta filtrs nav k\u013c\u016bdaini p\u0101rs\u016bt\u012bjis m\u016bsu s\u016bt\u012bto e-pastu uz j\u016bsu pastkast\u012btes surog\u0101tpasta mapi.<\/p>\n<p>Ja jums ir k\u0101di jaut\u0101jumi, l\u016bdzu, sazinieties ar mums pa t\u0101lruni +372 56 888 638 vai rakstiet mums uz \u0161\u0101du e-pasta adresi. <a href=\"mailto:info@tammetorubbq.ee\">info@tammetorubbq.ee<\/a><\/p>\n<p>Parasti m\u0113s nos\u016bt\u012bsim r\u0113\u0137inu klientam darba dien\u0101s, v\u0113l\u0101kais, da\u017eu stundu laik\u0101 p\u0113c pas\u016bt\u012bjuma veik\u0161anas, bet ne v\u0113l\u0101k k\u0101 vienu darba dienu p\u0113c pas\u016bt\u012bjuma veik\u0161anas. Visi pas\u016bt\u012bjumi tiks apstr\u0101d\u0101ti tikai p\u0113c tam, kad b\u016bs sa\u0146emts maks\u0101jums, vai, r\u0113\u0137ina apmaksas gad\u012bjum\u0101, p\u0113c tam, kad maks\u0101juma r\u012bkojuma kopija b\u016bs nos\u016bt\u012bta uz \u0161\u0101du adresi. <a href=\"mailto:info@tammetorubbq.ee\">info@tammetorubbq.ee<\/a><\/p>\n<h3><\/h3>\n<h3>Viet\u0113j\u0101 pieg\u0101de un t\u0101s izmaksas<\/h3>\n<p>Pieg\u0101des izmaksas tiks apr\u0113\u0137in\u0101tas iepirkumu groz\u0101 pirkuma br\u012bd\u012b saska\u0146\u0101 ar j\u016bsu izv\u0113l\u0113t\u0101 partnera cenu l\u012bgumu.<\/p>","protected":false},"excerpt":{"rendered":"<p>Tellimuse vormistamine Valige endale huvipakkuv toode v\u00f5i tooted v\u00e4lja ja vajutage nuppu &#8220;Lisa ostukorvi&#8221;. Ostukorvi ja sinna lisatud tooted leiad, \u00fcksk\u00f5ik millisel lehel parasjagu oled, meie e-poe paremast \u00fclanurgast. Kui olete k\u00f5ik soovitud tooted ostukorvi lisanud, saate alustada tellimuse vormistamisega. Pange t\u00e4hele, et peale tellimuse kinnitamist saadetakse Teie e-mailile esialgu vaid tellimust kinnitav e-mail koos [&hellip;]<\/p>\n","protected":false},"author":3,"featured_media":0,"parent":0,"menu_order":0,"comment_status":"closed","ping_status":"closed","template":"","meta":{"_uf_show_specific_survey":0,"_uf_disable_surveys":false,"_breakdance_hide_in_design_set":false,"_breakdance_tags":"","footnotes":""},"class_list":["post-10","page","type-page","status-publish","hentry"],"_links":{"self":[{"href":"https:\/\/tammetorubbq.ee\/lv\/wp-json\/wp\/v2\/pages\/10","targetHints":{"allow":["GET"]}}],"collection":[{"href":"https:\/\/tammetorubbq.ee\/lv\/wp-json\/wp\/v2\/pages"}],"about":[{"href":"https:\/\/tammetorubbq.ee\/lv\/wp-json\/wp\/v2\/types\/page"}],"author":[{"embeddable":true,"href":"https:\/\/tammetorubbq.ee\/lv\/wp-json\/wp\/v2\/users\/3"}],"replies":[{"embeddable":true,"href":"https:\/\/tammetorubbq.ee\/lv\/wp-json\/wp\/v2\/comments?post=10"}],"version-history":[{"count":5,"href":"https:\/\/tammetorubbq.ee\/lv\/wp-json\/wp\/v2\/pages\/10\/revisions"}],"predecessor-version":[{"id":392,"href":"https:\/\/tammetorubbq.ee\/lv\/wp-json\/wp\/v2\/pages\/10\/revisions\/392"}],"wp:attachment":[{"href":"https:\/\/tammetorubbq.ee\/lv\/wp-json\/wp\/v2\/media?parent=10"}],"curies":[{"name":"wp","href":"https:\/\/api.w.org\/{rel}","templated":true}]}}