{"id":2627,"date":"2025-03-30T21:52:35","date_gmt":"2025-03-30T18:52:35","guid":{"rendered":"https:\/\/tammetorubbq.ee\/?page_id=2627"},"modified":"2025-11-21T16:41:21","modified_gmt":"2025-11-21T14:41:21","slug":"maksajiet-velak","status":"publish","type":"page","link":"https:\/\/tammetorubbq.ee\/lv\/maksa-hiljem\/","title":{"rendered":"Maks\u0101jiet v\u0113l\u0101k"},"content":{"rendered":"<div class=\"bde-globalblock-2627-100 bde-globalblock\"><section class=\"bde-section-375-100-375-1 bde-section bde-section-375-100\">\n              \n  \n  \n\t\n\n  <div class=\"section-background-overlay\"><\/div>\n\n\n<div class=\"section-container\"><h1 class=\"bde-heading-375-101-375-1 bde-heading bde-heading-375-101\">\nMaks\u0101jiet v\u0113l\u0101k\n<\/h1><\/div>\n<\/section><\/div><section class=\"bde-section-2627-101 bde-section\">\n  \n  \n\t\n\n\n\n<div class=\"section-container\"><div class=\"bde-columns-2627-102 bde-columns\"><div class=\"bde-column-2627-103 bde-column\">\n  \n  \n\t\n\n\n\n<div class=\"bde-rich-text-2627-104 bde-rich-text breakdance-rich-text-styles\">\n<h2>Ieg\u0101d\u0101jieties savus iecien\u012bt\u0101kos produktus \u0161odien un samaks\u0101jiet v\u0113l\u0101k!<\/h2><p><strong>Ir lieliski sav\u0101kt naudu iepirk\u0161an\u0101s vajadz\u012bb\u0101m. Tom\u0113r v\u0113l lab\u0101k ir maks\u0101t nelielos maks\u0101jumos, lai sadal\u012btu izdevumus.<br \/>Sadaliet pirkuma summu vien\u0101d\u0101s da\u013c\u0101s un s\u0101ciet maks\u0101t tikai n\u0101kamaj\u0101 m\u0113nes\u012b.<\/strong><\/p><p><strong>Sadal\u012bt\u0101s izmaksas<\/strong> - Izv\u0113lieties sev piem\u0113rotu periodu un ikm\u0113ne\u0161a maks\u0101jumu un samaks\u0101jiet par pirkumu vair\u0101k\u0101s vien\u0101d\u0101s da\u013c\u0101s.<br \/><strong>Negaidiet<\/strong> - Pateicoties \u0101tram l\u0113mumam par kred\u012bta pie\u0161\u0137ir\u0161anu, pirkumu var pabeigt da\u017eu min\u016b\u0161u laik\u0101.<br \/><strong>\u0100tri un vienk\u0101r\u0161i<\/strong> - Ieg\u0101d\u0101jieties un izmantojiet savus iecien\u012bt\u0101kos produktus jau \u0161odien. Bez raiz\u0113m.<\/p><p><strong>Sadarb\u012bb\u0101 ar InBank m\u0113s pied\u0101v\u0101jam elast\u012bgas un pieejamas maks\u0101jumu iesp\u0113jas, lai j\u016bs jau \u0161odien var\u0113tu baud\u012bt gril\u0113\u0161anu un lab\u0101k\u0101s gar\u0161as:<\/strong><\/p><p><strong>Maks\u0101jiet v\u0113l\u0101k<\/strong> - piln\u012bgi bez maksas! Sadaliet savu pas\u016bt\u012bjumu 2-3 da\u013c\u0101s bez papildu maksas.<br \/>- Pirmais maks\u0101jums 30 dienas p\u0113c pas\u016bt\u012bjuma apstiprin\u0101\u0161anas, bez procentiem.<\/p><p><strong>Izv\u0113l\u0113ties pirkumu uz nomaksu<\/strong> - tik ilgi, cik nepiecie\u0161ams! Samaks\u0101jiet par pirkumu 3 l\u012bdz 72 m\u0113ne\u0161u laik\u0101.<br \/>- L\u012bgumsaist\u012bbas 11.9%<br \/>- L\u012bguma maksa 0\u20ac<br \/>- Ikm\u0113ne\u0161a p\u0101rvald\u012bbas maksa 0,3%<br \/>\u2022 Finantseeritav summa 100 \u20ac kuni 2500 \u20ac<\/p><p>Maksev\u00f5imalused kehtivad alates 100 \u20ac ostukorvi kogusummast \u2013 vali endale sobiv grill v\u00f5i mistahes toote(d) meie valikust ning alusta kohe parimate grilli\/ BBQ lahenduste ja maitsetega!<\/p><p>Iepirkumu groz\u0101 izv\u0113lieties sev piem\u0113rotu maks\u0101jumu risin\u0101jumu, un m\u0113s nodro\u0161in\u0101sim \u0101tru pieg\u0101di.<\/p><p><a href=\"https:\/\/montonio.com\/et\/juriidiline-teave\/jarelmaksuvahenduse-kasutustingimused\/\" target=\"_blank\" rel=\"noopener\">Noteikumi un nosac\u012bjumi par starpniec\u012bbas pakalpojumu izmanto\u0161anu uz nomaksu un samaksu v\u0113l\u0101k.<\/a><\/p><p><img loading=\"lazy\" decoding=\"async\" class=\"alignnone  wp-image-2646\" src=\"http:\/\/tammetorubbq.ee\/wp-content\/uploads\/2023\/12\/inbank-wordmark.png\" alt=\"Inbank\" width=\"149\" height=\"67\" srcset=\"https:\/\/tammetorubbq.ee\/wp-content\/uploads\/2023\/12\/inbank-wordmark.png 300w, https:\/\/tammetorubbq.ee\/wp-content\/uploads\/2023\/12\/inbank-wordmark-18x8.png 18w, https:\/\/tammetorubbq.ee\/wp-content\/uploads\/2023\/12\/inbank-wordmark-64x29.png 64w\" sizes=\"auto, (max-width: 149px) 100vw, 149px\" \/><\/p>\n<\/div>\n<\/div><div class=\"bde-column-2627-105 bde-column\">\n  \n  \n\t\n\n\n\n<div class=\"bde-image-2627-106 bde-image\">\n<figure class=\"breakdance-image breakdance-image--2640\">\n\t<div class=\"breakdance-image-container\">\n\t\t<div class=\"breakdance-image-clip\"><img loading=\"lazy\" decoding=\"async\" class=\"breakdance-image-object\" src=\"http:\/\/tammetorubbq.ee\/wp-content\/uploads\/2025\/03\/Konnected-Joe\u2122-768x768.jpg\" width=\"768\" height=\"768\" srcset=\"https:\/\/tammetorubbq.ee\/wp-content\/uploads\/2025\/03\/Konnected-Joe\u2122-768x768.jpg 768w, https:\/\/tammetorubbq.ee\/wp-content\/uploads\/2025\/03\/Konnected-Joe\u2122-300x300.jpg 300w, https:\/\/tammetorubbq.ee\/wp-content\/uploads\/2025\/03\/Konnected-Joe\u2122-150x150.jpg 150w, https:\/\/tammetorubbq.ee\/wp-content\/uploads\/2025\/03\/Konnected-Joe\u2122-600x600.jpg 600w, https:\/\/tammetorubbq.ee\/wp-content\/uploads\/2025\/03\/Konnected-Joe\u2122-64x64.jpg 64w\" sizes=\"auto, (max-width: 768px) 100vw, 768px\"><\/div>\n\t<\/div><\/figure>\n\n<\/div>\n<\/div><\/div><\/div>\n<\/section>","protected":false},"excerpt":{"rendered":"<p>Maksa hiljem Soeta lemmiktooted t\u00e4na ja maksa hiljem!Ostude tarbeks raha kogumine on suurep\u00e4rane. V\u00e4ikeste osamaksetega tasumine, mis aitab kulutusi hajutada, on aga veelgi parem.Jaota ostusumma v\u00f5rdse suurusega osamakseteks ja alusta tasumist alles j\u00e4rgmisel kuul.Hajutatud kulud &#8211; Vali omale sobiv periood ja kuumakse ning tasu ostu eest mitmes v\u00f5rdses osas.\u00c4ra oota &#8211; T\u00e4nu kiirele krediidiotsusele saad [&hellip;]<\/p>\n","protected":false},"author":2,"featured_media":0,"parent":0,"menu_order":0,"comment_status":"closed","ping_status":"closed","template":"","meta":{"_uf_show_specific_survey":0,"_uf_disable_surveys":false,"_breakdance_hide_in_design_set":false,"_breakdance_tags":"","footnotes":""},"class_list":["post-2627","page","type-page","status-publish","hentry"],"_links":{"self":[{"href":"https:\/\/tammetorubbq.ee\/lv\/wp-json\/wp\/v2\/pages\/2627","targetHints":{"allow":["GET"]}}],"collection":[{"href":"https:\/\/tammetorubbq.ee\/lv\/wp-json\/wp\/v2\/pages"}],"about":[{"href":"https:\/\/tammetorubbq.ee\/lv\/wp-json\/wp\/v2\/types\/page"}],"author":[{"embeddable":true,"href":"https:\/\/tammetorubbq.ee\/lv\/wp-json\/wp\/v2\/users\/2"}],"replies":[{"embeddable":true,"href":"https:\/\/tammetorubbq.ee\/lv\/wp-json\/wp\/v2\/comments?post=2627"}],"version-history":[{"count":5,"href":"https:\/\/tammetorubbq.ee\/lv\/wp-json\/wp\/v2\/pages\/2627\/revisions"}],"predecessor-version":[{"id":4262,"href":"https:\/\/tammetorubbq.ee\/lv\/wp-json\/wp\/v2\/pages\/2627\/revisions\/4262"}],"wp:attachment":[{"href":"https:\/\/tammetorubbq.ee\/lv\/wp-json\/wp\/v2\/media?parent=2627"}],"curies":[{"name":"wp","href":"https:\/\/api.w.org\/{rel}","templated":true}]}}