{"id":3,"date":"2023-10-17T16:37:05","date_gmt":"2023-10-17T16:37:05","guid":{"rendered":"https:\/\/tammetorubbq.ee\/?page_id=3"},"modified":"2023-11-30T09:32:56","modified_gmt":"2023-11-30T06:32:56","slug":"privatuma-politika","status":"publish","type":"page","link":"https:\/\/tammetorubbq.ee\/lv\/privaatsuspoliitika\/","title":{"rendered":"Konfidencialit\u0101tes politika"},"content":{"rendered":"<section class=\"bde-section-3-100 bde-section\">\n  \n  \n\t\n\n\n\n<div class=\"section-container\"><div class=\"bde-rich-text-3-101 bde-rich-text breakdance-rich-text-styles\">\n<h1>Konfidencialit\u0101tes politika<\/h1><p>BBQ Buddy O\u00dc e-veikals (turpm\u0101k tekst\u0101 - Tammet\u00f5ru BBQ e-veikals) ir ap\u0146\u0113mies aizsarg\u0101t savu klientu un lietot\u0101ju priv\u0101tumu. \u0160aj\u0101 konfidencialit\u0101tes politik\u0101 sniegts p\u0101rskats par m\u016bsu praksi, tostarp par to, k\u0101du inform\u0101ciju m\u0113s v\u0101cam, k\u0101 m\u0113s izmantojam vai izpau\u017eam inform\u0101ciju, k\u0101das ir j\u016bsu ties\u012bbas attiec\u012bb\u0101 uz m\u016bsu inform\u0101cijas v\u0101k\u0161anu un izmanto\u0161anu. M\u016bsu darb\u012bbas tie\u0161saist\u0113 atbilst visai attiec\u012bgajai praksei, k\u0101 ar\u012b attiec\u012bgaj\u0101m Eiropas Savien\u012bbas direkt\u012bv\u0101m un Igaunijas Republikas ties\u012bbu aktiem.<\/p><p>Personas datu apstr\u0101de, lai izpild\u012btu l\u012bgumu ar klientu (Regulas 2016\/679\/ES 6. panta 1. punkts) b) Personas datu apstr\u0101de, lai izpild\u012btu juridisku pien\u0101kumu (piem\u0113ram, gr\u0101matved\u012bba un pat\u0113r\u0113t\u0101ju str\u012bdu iz\u0161\u0137ir\u0161ana) (preambulas 52. lpp., Regulas 2016\/679\/ES 6. panta 1. punkts) c).<\/p><p>Tammet\u00f5ru BBQ e-veikals patur ties\u012bbas nepiecie\u0161am\u012bbas gad\u012bjum\u0101 main\u012bt priv\u0101tuma politiku (turpm\u0101k tekst\u0101 - Priv\u0101tuma politika). Izmantojot Tammet\u00f5ru BBQ e-veikalu, m\u0113s pie\u0146emam, ka j\u016bs esat izlas\u012bjis un piekr\u012btat m\u016bsu politikai.<br><br><br><\/p><h3>K\u0101dus datus m\u0113s v\u0101cam un k\u0101p\u0113c?<\/h3><p>Piem\u0113ram, m\u0113s apkopojam j\u016bsu sniegto inform\u0101ciju, kad j\u016bs veicat pirkumu vai pas\u016bt\u012bjumu Tammet\u00f5ru BBQ e-veikal\u0101.<\/p><p>E-veikals var l\u016bgt j\u016bs br\u012bvpr\u0101t\u012bgi sniegt personas datus un personisko inform\u0101ciju noteikt\u0101s t\u012bmek\u013ca vietnes sada\u013c\u0101s.<\/p><p>Piepras\u012btie personas dati var ietvert j\u016bsu v\u0101rdu, uzv\u0101rdu, adresi, pasta indeksu, e-pasta adresi, t\u0101lru\u0146a numuru un citus datus.<\/p><p>Atkl\u0101tie dati tiks izmantoti saska\u0146\u0101 ar \u0161aj\u0101 konfidencialit\u0101tes politik\u0101 izkl\u0101st\u012btajiem noteikumiem un nosac\u012bjumiem.<\/p><h3><br><br>K\u0101 m\u0113s izmantojam e-veikal\u0101 sav\u0101ktos datus.<\/h3><p>Papildus iepriek\u0161 aprakst\u012btajai personas inform\u0101cijas izmanto\u0161anai Tammet\u00f5ru BBQ e-veikals var izmantot ievad\u012btos datus, lai uzraudz\u012btu pat\u0113r\u0113t\u0101jus interes\u0113jo\u0161os produktus un pakalpojumus, nov\u0113rstu iesp\u0113jam\u0101s probl\u0113mas, aizsarg\u0101tu pret kr\u0101p\u0161anu un cit\u0101m noziedz\u012bg\u0101m darb\u012bb\u0101m, piel\u0101gotu lietot\u0101ja pieredzi, nodro\u0161in\u0101tu produktus vai pakalpojumus.<\/p><p>Sazinoties ar mums, m\u0113s varam saglab\u0101t saraksti, lai uzlabotu savus produktus, pakalpojumus, t\u012bmek\u013ca vietni vai citiem sabiedriskiem m\u0113r\u0137iem.<\/p><p>Oakmeal BBQ e-veikals var izpaust inform\u0101ciju par atsevi\u0161\u0137iem lietot\u0101jiem tre\u0161ai pusei, kas sniedz pakalpojumus Oakmeal BBQ un kas piekr\u012bt saglab\u0101t kop\u012bgot\u0101s inform\u0101cijas konfidencialit\u0101ti. Tre\u0161\u0101s personas ir Tammet\u00f5ru BBQ partneri, kuru uzdevumos ietilpst e-veikal\u0101 p\u0101rdoto pre\u010du pieg\u0101de, transports, t\u012bmek\u013ca vietnes uztur\u0113\u0161ana, satura p\u0101rvald\u012bba, m\u0101rketings un maks\u0101jumu starpniec\u012bba.<\/p><p>Ja esat tam piekritis, m\u0113s jums nos\u016bt\u012bsim m\u0101rketinga e-pasta zi\u0146ojumus vai \u012bszi\u0146as (SMS), lai j\u016bs b\u016btu inform\u0113ts par m\u016bsu darb\u012bbu un lai pal\u012bdz\u0113tu jums apskat\u012bt un atrast m\u016bsu produktus un lab\u0101kos pied\u0101v\u0101jumus. Lai abon\u0113tu m\u0101rketinga zi\u0146ojumus, ir nepiecie\u0161ama br\u012bvpr\u0101t\u012bga klienta piekri\u0161ana. Klients var dot savu piekri\u0161anu, abon\u0113jot produktu vai pakalpojumu, abon\u0113\u0161anas lap\u0101 k\u0101 akt\u012bvu opciju nor\u0101dot \"Es v\u0113los sa\u0146emt inform\u0101ciju par lab\u0101kajiem pied\u0101v\u0101jumiem un akcij\u0101m\". izv\u0113les r\u016bti\u0146a.<\/p><p>Jebkur\u0101 laik\u0101 varat atteikties no m\u0101rketinga zi\u0146ojumiem, kas tiek s\u016bt\u012bti pa e-pastu, noklik\u0161\u0137inot uz atteik\u0161an\u0101s saites e-past\u0101. Ja atteiksieties no abon\u0113\u0161anas, j\u016bs turpin\u0101siet sa\u0146emt ar pakalpojumu saist\u012btu inform\u0101ciju, piem\u0113ram, abon\u0113\u0161anas statusa atjaunin\u0101jumus. Lai atteiktos no SMS m\u0101rketinga zi\u0146u sa\u0146em\u0161anas, sazinieties ar m\u016bsu klientu apkalpo\u0161anas dienestu, rakstot uz \u0161\u0101du adresi <a href=\"mailto:info@tammetorubbq.ee\">info@tammetorubbq.ee<\/a><\/p><h3><br><br>Lietot\u0101ja ties\u012bbas<\/h3><p>Lietot\u0101jiem ir ties\u012bbas zin\u0101t, k\u0101da personisk\u0101 inform\u0101cija par jums ir m\u016bsu r\u012bc\u012bb\u0101.<\/p><p>Jums ir ties\u012bbas labot, groz\u012bt vai dz\u0113st \u0161\u0101dus datus. Ja v\u0113laties izmantot savas ties\u012bbas labot, groz\u012bt vai dz\u0113st savus datus, l\u016bdzu, sazinieties ar mums, izmantojot t\u0101l\u0101k nor\u0101d\u012bto kontaktinform\u0101ciju.<\/p><h3><br><br>Dro\u0161\u012bba<\/h3><p>Oaks BBQ e-veikal\u0101 ir ieviesti nepiecie\u0161amie pas\u0101kumi, lai aizsarg\u0101tu e-veikal\u0101 sav\u0101kto personas datu integrit\u0101ti, precizit\u0101ti un priv\u0101tumu.<\/p><p>M\u0113s esam ieviesu\u0161i sapr\u0101t\u012bgus piesardz\u012bbas pas\u0101kumus, lai aizsarg\u0101tu inform\u0101ciju pret nozaud\u0113\u0161anu, \u013caunpr\u0101t\u012bgu izmanto\u0161anu un p\u0101rveido\u0161anu. Piek\u013cuve datu modific\u0113\u0161anai un r\u0101d\u012b\u0161anai ir at\u013cauta tikai pilnvarot\u0101m person\u0101m.<\/p><p>Ar \u0161o j\u016bs piekr\u012btat, ka Oak Tree BBQ nav atbild\u012bgs par jebk\u0101diem \"nozagtiem\" datiem, kas p\u0101rraid\u012bti internet\u0101, un ar \u0161o j\u016bs atbr\u012bvojat m\u016bs no jebk\u0101d\u0101m pras\u012bb\u0101m, kas izriet no vai ir saist\u012btas ar \"p\u0101rtverto\" datu neat\u013cautu izmanto\u0161anu.<\/p><h3><br><br>Konfidencialit\u0101tes politikas noteikumi un nosac\u012bjumi un izmai\u0146as<\/h3><p>Izmantojot Tammet\u00f5ru BBQ e-veikalu, j\u016bs piekr\u012btat Tammet\u00f5ru BBQ priv\u0101tuma politikai. Ja k\u0101da iemesla d\u0113\u013c j\u016bs nepiekr\u012btat \u0161iem noteikumiem un nosac\u012bjumiem, jums nevajadz\u0113tu izmantot m\u016bsu e-veikalu. Tammet\u00f5ru BBQ patur ties\u012bbas jebkur\u0101 laik\u0101 main\u012bt \u0161\u012bs priv\u0101tuma politikas noteikumus.<\/p><p>Klients ir atbild\u012bgs par to, lai periodiski p\u0101rskat\u012btu Oaks BBQ e-veikala priv\u0101tuma politiku un p\u0101rliecin\u0101tos par jebk\u0101d\u0101m izmai\u0146\u0101m un b\u016btu par t\u0101m inform\u0113ts. Ja klients turpina izmantot e-veikalu, tas noz\u012bm\u0113, ka vi\u0146\u0161 piekr\u012bt vis\u0101m \u0161\u012bs priv\u0101tuma politikas izmai\u0146\u0101m.<\/p><h3><br><br>Sazinieties ar<\/h3><p>Ja jums ir k\u0101di jaut\u0101jumi par m\u016bsu konfidencialit\u0101tes politiku, \u0161\u012bs konfidencialit\u0101tes politikas piem\u0113ro\u0161anu vai ja v\u0113laties izmantot k\u0101das no sav\u0101m ties\u012bb\u0101m, l\u016bdzu, sazinieties ar mums, rakstot uz \u0161\u0101du adresi. <a href=\"mailto:info@tammetorubbq.ee\">info@tammetorubbq.ee<\/a><\/p><p><\/p>\n<\/div><\/div>\n<\/section>","protected":false},"excerpt":{"rendered":"<p>PrivaatsuspoliitikaBBQ Buddy O\u00dc e-pood (edaspidi Tammet\u00f5ru BBQ e-pood ) on v\u00f5tnud endale kohustuse kaitsta klientide ja kasutajate privaatsust. K\u00e4esolev privaatsuspoliitika annab \u00fclevaate meie tavadest, sealhulgas millist teavet me kogume, kuidas me infot kasutame v\u00f5i avalikustame, Teie \u00f5igustest seoses meiepoolse andmete kogumise ja kasutamisega. Meie tegevus internetis on koosk\u00f5las k\u00f5igi asjakohaste tegevuste ja vastavate Euroopa Liidu [&hellip;]<\/p>\n","protected":false},"author":3,"featured_media":0,"parent":0,"menu_order":0,"comment_status":"closed","ping_status":"closed","template":"","meta":{"_uf_show_specific_survey":0,"_uf_disable_surveys":false,"_breakdance_hide_in_design_set":false,"_breakdance_tags":"","footnotes":""},"class_list":["post-3","page","type-page","status-publish","hentry"],"_links":{"self":[{"href":"https:\/\/tammetorubbq.ee\/lv\/wp-json\/wp\/v2\/pages\/3","targetHints":{"allow":["GET"]}}],"collection":[{"href":"https:\/\/tammetorubbq.ee\/lv\/wp-json\/wp\/v2\/pages"}],"about":[{"href":"https:\/\/tammetorubbq.ee\/lv\/wp-json\/wp\/v2\/types\/page"}],"author":[{"embeddable":true,"href":"https:\/\/tammetorubbq.ee\/lv\/wp-json\/wp\/v2\/users\/3"}],"replies":[{"embeddable":true,"href":"https:\/\/tammetorubbq.ee\/lv\/wp-json\/wp\/v2\/comments?post=3"}],"version-history":[{"count":3,"href":"https:\/\/tammetorubbq.ee\/lv\/wp-json\/wp\/v2\/pages\/3\/revisions"}],"predecessor-version":[{"id":320,"href":"https:\/\/tammetorubbq.ee\/lv\/wp-json\/wp\/v2\/pages\/3\/revisions\/320"}],"wp:attachment":[{"href":"https:\/\/tammetorubbq.ee\/lv\/wp-json\/wp\/v2\/media?parent=3"}],"curies":[{"name":"wp","href":"https:\/\/api.w.org\/{rel}","templated":true}]}}