{"id":525,"date":"2023-12-03T12:56:03","date_gmt":"2023-12-03T10:56:03","guid":{"rendered":"https:\/\/tammetorubbq.ee\/?page_id=525"},"modified":"2025-06-15T20:48:54","modified_gmt":"2025-06-15T17:48:54","slug":"kamado-joe-garantija","status":"publish","type":"page","link":"https:\/\/tammetorubbq.ee\/lv\/kamado-joe-garantii\/","title":{"rendered":"Kamado Joe garantija"},"content":{"rendered":"<div class=\"bde-globalblock-525-102 bde-globalblock\"><section class=\"bde-section-375-100-375-1 bde-section bde-section-375-100\">\n              \n  \n  \n\t\n\n  <div class=\"section-background-overlay\"><\/div>\n\n\n<div class=\"section-container\"><h1 class=\"bde-heading-375-101-375-1 bde-heading bde-heading-375-101\">\nKamado Joe garantija\n<\/h1><\/div>\n<\/section><\/div><section class=\"bde-section-525-100 bde-section\">\n  \n  \n\t\n\n\n\n<div class=\"section-container\"><div class=\"bde-text-525-101 bde-text\">\nT\u0101l\u0101k sniegt\u0101 garantija attiecas uz Kamado Joe mode\u013ciem: Jaun\u0101kais Joe, Classic Joe, Classic Joe Stand Alone, Big Joe, Big Joe Stand Alone un Pro Joe.<br><br>NB: BBQ Bubby O\u00dc ir KAMADO JOE ofici\u0101lais pilnvarotais izplat\u012bt\u0101js no 2023. gada. BBQ Buddy O\u00dc klientiem ieteicams aizpild\u012bt garantijas veidlapu \u0161eit, un \u0161aj\u0101 gad\u012bjum\u0101 BBQ Buddy O\u00dc par\u016bp\u0113sies par garantiju j\u016bsu viet\u0101.<br> <br>IEROBE\u017dOTA M\u016a\u017dA GARANTIJA KERAMIKAS DETA\u013b\u0100M<br>Kamado Joe ierobe\u017eot\u0101 m\u016b\u017ea garantija keramiskaj\u0101m deta\u013c\u0101m (iz\u0146emot bedr\u012b\u0161akme\u0146us un karstuma deflektorus) ir sp\u0113k\u0101 tikai tad, ja grils pieder s\u0101kotn\u0113jam pirc\u0113jam, ja ir uzr\u0101d\u012bts ofici\u0101ls pirkuma apliecin\u0101jums un ja keramisk\u0101s deta\u013cas nav izmantotas citiem iesp\u0113jamiem griliem.<br> <br>5 GADU GARANTIJA MET\u0100LA DA\u013b\u0100M<br>Kamado Joe 5 gadu garantija attiecas uz vis\u0101m met\u0101la un \u010duguna deta\u013c\u0101m, kas izmantotas Kamado Joe grilos, kuri pieder\u0113ju\u0161i vienam un tam pa\u0161am s\u0101kotn\u0113jam \u012bpa\u0161niekam.<br> <br>3 GADU GARANTIJA SILTUMA ATSTAROT\u0100JAM UN ME\u017d\u0122\u012a\u0145U FL\u012aZ\u0112M<br>Kamado Joe 3 gadu garantija attiecas uz karstuma deflektoriem, deflektoru r\u0101mjiem un picas akme\u0146iem, kas izmantoti Kamado Joe gril\u0101, kur\u0161 pieder\u0113ja tam pa\u0161am s\u0101kotn\u0113jam \u012bpa\u0161niekam.<br> <br>1 GADA GARANTIJA TERMOMETRAM UN BL\u012aV\u0112M<br>Kamado Joe 1 gada garantija attiecas uz Kamado Joe termometru un starplik\u0101m, kas paredz\u0113tas griliem, kuri pieder\u0113ju\u0161i tam pa\u0161am s\u0101kotn\u0113jam \u012bpa\u0161niekam.<br> <br>KAD S\u0100KAS GARANTIJAS TERMI\u0145\u0160?<br>Garantija ir sp\u0113k\u0101 no produkta ieg\u0101des datuma un tikai pirmajam ier\u012bces pirc\u0113jam. Garantija<br>lai grila \u0113diens b\u016btu der\u012bgs, tas ir j\u0101re\u0123istr\u0113 vietn\u0113 www.kamadojoe.co.uk.<br>Ja piem\u0113rojam\u0101 garantijas perioda laik\u0101 tiek atkl\u0101ts materi\u0101la vai izgatavo\u0161anas defekts, kas radies norm\u0101las iek\u0101rtas lieto\u0161anas rezult\u0101t\u0101, Kamado Joe p\u0113c savas izv\u0113les nomain\u012bs vai salabos boj\u0101to komponentu uz sava r\u0113\u0137ina. Garantija neattiecas uz darbasp\u0113ka vai cit\u0101m izmaks\u0101m, kas saist\u012btas ar grila apkalpo\u0161anu, remontu vai lieto\u0161anu. Kamado Joe apmaks\u0101s garantijas ietvaros nomain\u012bto sast\u0101vda\u013cu pieg\u0101des izmaksas.<br> <br>UZ KO NEATTIECAS GARANTIJA?<br>Garantija neattiecas uz boj\u0101jumiem, kas radu\u0161ies, nepareizi lietojot produktu, vai boj\u0101jumiem, kas radu\u0161ies, izmantojot produktu citiem m\u0113r\u0137iem, nevis tam paredz\u0113tajiem, boj\u0101jumiem, kas radu\u0161ies, nepareizi lietojot, uzturot vai uzst\u0101dot produktu, boj\u0101jumiem, kas radu\u0161ies negad\u012bjumu vai dabas katastrofu rezult\u0101t\u0101, boj\u0101jumiem, kas radu\u0161ies, uzst\u0101dot neat\u013cautus piederumus vai p\u0101rveidojot grilu, vai boj\u0101jumiem, kas radu\u0161ies transport\u0113\u0161anas laik\u0101. Garantija neattiecas uz boj\u0101jumiem, kas radu\u0161ies norm\u0101la nolietojuma d\u0113\u013c (piem\u0113ram, skr\u0101p\u0113jumiem, plankumiem) vai uz grila izskata izmai\u0146\u0101m, kas neietekm\u0113 t\u0101 darb\u012bbu.<br><br>\u0160\u012a GARANTIJA IR EKSKLUZ\u012aVA UN AIZST\u0100J VISAS CITAS GARANTIJAS, GAN RAKSTISKAS, GAN MUTISKAS, GAN TIE\u0160AS, GAN NETIE\u0160AS. T\u0100 IETVER, BET NEAPROBE\u017dOJAS AR NETIE\u0160AJ\u0100M GARANTIJ\u0100M PAR PIEM\u0112ROT\u012aBU P\u0100RDO\u0160ANAI UN PIEM\u0112ROT\u012aBU KONKR\u0112TAM M\u0112R\u0136IM. JEBKURU NETIE\u0160O GARANTIJU, TOSTARP NETIE\u0160O GARANTIJU PAR PIEM\u0112ROT\u012aBU P\u0100RDO\u0160ANAI UN PIEM\u0112ROT\u012aBU KONKR\u0112TAM M\u0112R\u0136IM, ILGUMS IR NEP\u0100RPROTAMI IEROBE\u017dOTS L\u012aDZ PIEM\u0112ROJAM\u0100 SAST\u0100VDA\u013bAS GARANTIJAS TERMI\u0145A ILGUMAM.<br>* Da\u017e\u0101s valst\u012bs nav pie\u013caujami netie\u0161\u0101s garantijas termi\u0146a ierobe\u017eojumi, t\u0101p\u0113c iepriek\u0161 min\u0113tais ierobe\u017eojums uz jums var neattiekties. <br><br>IEROBE\u017dOT\u0100S GARANTIJAS VAI JEBKURAS CITAS NETIE\u0160\u0100S GARANTIJAS P\u0100RK\u0100PUMA GAD\u012aJUM\u0100 PIRC\u0112JAM IR TIES\u012aBAS, IEV\u0112ROJOT GARANTIJAS NOSAC\u012aJUMOS NOTEIKTOS IEROBE\u017dOJUMUS, TIKAI UZ SAST\u0100VDA\u013bU NOMAI\u0145U. NEK\u0100D\u0100 GAD\u012aJUM\u0100 KAMADO JOE NAV ATBILD\u012aGS PAR JEBK\u0100DIEM \u012aPA\u0160IEM, NEJAU\u0160IEM VAI IZRIETO\u0160IEM ZAUD\u0112JUMIEM.<br>* Da\u017e\u0101s valst\u012bs nav pie\u013caujami ierobe\u017eojumi \u0101rk\u0101rtas, netie\u0161ajiem vai nejau\u0161ajiem zaud\u0113jumiem, t\u0101p\u0113c iepriek\u0161 min\u0113tais ierobe\u017eojums var uz jums neattiekties.<br> <br>KAS PADARA GARANTIJU SP\u0112K\u0100 NEESO\u0160U?<br>Garantija nav sp\u0113k\u0101, ja ieg\u0101d\u0101jaties jebkuru Kamado Joe produktu no neautoriz\u0113ta tirgot\u0101ja. Neautoriz\u0113ti p\u0101rdev\u0113ji ir, bet ne tikai, atlai\u017eu klubi, tirdzniec\u012bbas centri vai citi p\u0101rdev\u0113ji, kurus Kamado Joe nav skaidri pilnvarojis p\u0101rdot Kamado Joe produktus.<br> <br>NB! BBQ Buddy O\u00dc ir KAMADO JOE ofici\u0101lais pilnvarotais izplat\u012bt\u0101js kop\u0161 2023. gada.<br>\n<\/div><\/div>\n<\/section>","protected":false},"excerpt":{"rendered":"<p>Kamado Joe garantii Allolev garantii kehtib Kamado Joe mudelitele: Junior Joe, Classic Joe, Classic Joe Stand Alone, Big Joe, Big Joe Stand Alone ja Pro Joe.NB! BBQ Bubby O\u00dc on ametlik KAMADO JOE VOLITATUD EDASIM\u00dc\u00dcJA alates aastast 2023. BBQ Buddy O\u00dc klientidel soovitame t\u00e4ita siinsamas olev garantiivorm ja sel juhul muretseb garantii toimivuse eest Teie [&hellip;]<\/p>\n","protected":false},"author":5,"featured_media":0,"parent":0,"menu_order":0,"comment_status":"closed","ping_status":"closed","template":"","meta":{"_uf_show_specific_survey":0,"_uf_disable_surveys":false,"_breakdance_hide_in_design_set":false,"_breakdance_tags":"","footnotes":""},"class_list":["post-525","page","type-page","status-publish","hentry"],"_links":{"self":[{"href":"https:\/\/tammetorubbq.ee\/lv\/wp-json\/wp\/v2\/pages\/525","targetHints":{"allow":["GET"]}}],"collection":[{"href":"https:\/\/tammetorubbq.ee\/lv\/wp-json\/wp\/v2\/pages"}],"about":[{"href":"https:\/\/tammetorubbq.ee\/lv\/wp-json\/wp\/v2\/types\/page"}],"author":[{"embeddable":true,"href":"https:\/\/tammetorubbq.ee\/lv\/wp-json\/wp\/v2\/users\/5"}],"replies":[{"embeddable":true,"href":"https:\/\/tammetorubbq.ee\/lv\/wp-json\/wp\/v2\/comments?post=525"}],"version-history":[{"count":5,"href":"https:\/\/tammetorubbq.ee\/lv\/wp-json\/wp\/v2\/pages\/525\/revisions"}],"predecessor-version":[{"id":955,"href":"https:\/\/tammetorubbq.ee\/lv\/wp-json\/wp\/v2\/pages\/525\/revisions\/955"}],"wp:attachment":[{"href":"https:\/\/tammetorubbq.ee\/lv\/wp-json\/wp\/v2\/media?parent=525"}],"curies":[{"name":"wp","href":"https:\/\/api.w.org\/{rel}","templated":true}]}}