{"id":699,"date":"2023-12-07T10:18:41","date_gmt":"2023-12-07T08:18:41","guid":{"rendered":"https:\/\/tammetorubbq.ee\/?page_id=699"},"modified":"2023-12-11T13:52:29","modified_gmt":"2023-12-11T11:52:29","slug":"ipasie-pasutijumi","status":"publish","type":"page","link":"https:\/\/tammetorubbq.ee\/lv\/eritellimused\/","title":{"rendered":"\u012apa\u0161ie pas\u016bt\u012bjumi"},"content":{"rendered":"<div class=\"bde-globalblock-699-108 bde-globalblock\"><section class=\"bde-section-375-100-375-1 bde-section bde-section-375-100\">\n              \n  \n  \n\t\n\n  <div class=\"section-background-overlay\"><\/div>\n\n\n<div class=\"section-container\"><h1 class=\"bde-heading-375-101-375-1 bde-heading bde-heading-375-101\">\n\u012apa\u0161ie pas\u016bt\u012bjumi\n<\/h1><\/div>\n<\/section><\/div><section class=\"bde-section-699-104 bde-section\">\n  \n  \n\t\n\n\n\n<div class=\"section-container\"><div class=\"bde-columns-699-105 bde-columns\"><div class=\"bde-column-699-106 bde-column\">\n  \n  \n\t\n\n\n\n<div class=\"bde-rich-text-699-103 bde-rich-text breakdance-rich-text-styles\">\n<h2>Ironbrand \"ofseta\" BBQ k\u016bpin\u0101t\u0101ji<\/h2><p><strong>Vai esat gatavs savus sap\u0146us p\u0101rv\u0113rst realit\u0101t\u0113?<\/strong><\/p><p>Ironbrand darbn\u012bc\u0101, kas atrodas dzi\u013ci skaist\u0101 \u010cilternas kalnu sird\u012b, tiek izmantots augstas kvalit\u0101tes britu t\u0113rauds, lai izgrieztu, velm\u0113tu, saloc\u012btu, saloc\u012btu, saliektu un metin\u0101tu vislab\u0101k\u0101s k\u016bpin\u0101tavas - dzelzs klasiku \"ofseta\" kr\u0101sns pasaul\u0113.<\/p><p>Ikvienu Ironbrand izstr\u0101d\u0101jumu ar rok\u0101m izgatavo neliela, augsti kvalific\u0113ta komanda, iev\u0113rojot visaugst\u0101kos standartus, lai, atst\u0101jot darbn\u012bcu, tas b\u016btu nep\u0101rsp\u0113jami kvalitat\u012bvs, veidots un funkcion\u0101ls.<\/p><p>Neatkar\u012bgi no t\u0101, vai esat profesion\u0101ls \u0161efpav\u0101rs, pop-up restor\u0101ns, festiv\u0101la \u0161efpav\u0101rs vai, t\u0101pat k\u0101 m\u0113s, vienk\u0101r\u0161i m\u012blat BBQ, ieguld\u012bjums Ironbrand produktos ir ieguld\u012bjums, kas kalpos visu m\u016b\u017eu.<\/p><p>Visas Ironbrand kr\u0101snis ir izgatavotas ar rok\u0101m un atbilst augstiem standartiem.<\/p><p> <\/p>\n<\/div>\n<\/div><div class=\"bde-column-699-107 bde-column\">\n  \n  \n\t\n\n\n\n<div class=\"bde-image-699-109 bde-image\">\n<figure class=\"breakdance-image breakdance-image--823\">\n\t<div class=\"breakdance-image-container\">\n\t\t<div class=\"breakdance-image-clip\"><img loading=\"lazy\" decoding=\"async\" class=\"breakdance-image-object\" src=\"http:\/\/tammetorubbq.ee\/wp-content\/uploads\/2023\/12\/IRONBRAND-500_1.jpg\" width=\"558\" height=\"507\" srcset=\"https:\/\/tammetorubbq.ee\/wp-content\/uploads\/2023\/12\/IRONBRAND-500_1.jpg 558w, https:\/\/tammetorubbq.ee\/wp-content\/uploads\/2023\/12\/IRONBRAND-500_1-300x273.jpg 300w, https:\/\/tammetorubbq.ee\/wp-content\/uploads\/2023\/12\/IRONBRAND-500_1-64x58.jpg 64w\" sizes=\"auto, (max-width: 558px) 100vw, 558px\"><\/div>\n\t<\/div><\/figure>\n\n<\/div>\n<\/div><\/div><div class=\"bde-columns-699-110 bde-columns\"><div class=\"bde-column-699-111 bde-column\">\n  \n  \n\t\n\n\n\n<div class=\"bde-image-box-699-114 bde-image-box\">\n<div class=\"ee-imagebox-image\">\n  <img loading=\"lazy\" decoding=\"async\" class=\"breakdance-image-object\" src=\"http:\/\/tammetorubbq.ee\/wp-content\/uploads\/2023\/12\/IRONBRAND-120-1.jpg\" width=\"1000\" height=\"1000\" srcset=\"https:\/\/tammetorubbq.ee\/wp-content\/uploads\/2023\/12\/IRONBRAND-120-1.jpg 1000w, https:\/\/tammetorubbq.ee\/wp-content\/uploads\/2023\/12\/IRONBRAND-120-1-300x300.jpg 300w, https:\/\/tammetorubbq.ee\/wp-content\/uploads\/2023\/12\/IRONBRAND-120-1-150x150.jpg 150w, https:\/\/tammetorubbq.ee\/wp-content\/uploads\/2023\/12\/IRONBRAND-120-1-768x768.jpg 768w, https:\/\/tammetorubbq.ee\/wp-content\/uploads\/2023\/12\/IRONBRAND-120-1-600x600.jpg 600w, https:\/\/tammetorubbq.ee\/wp-content\/uploads\/2023\/12\/IRONBRAND-120-1-100x100.jpg 100w, https:\/\/tammetorubbq.ee\/wp-content\/uploads\/2023\/12\/IRONBRAND-120-1-64x64.jpg 64w\" sizes=\"auto, (max-width: 1000px) 100vw, 1000px\" alt=\"IRONBRAND 120\">\n<\/div>\n<div class=\"ee-imagebox-content\">\n      <p class=\"ee-imagebox-title bde-h3\" >IRONBRAND 120<\/p>\n    \n      <div class=\"ee-imagebox-text\" >Ironband 120 ir vislab\u0101k\u0101 piem\u0101jas k\u016bpin\u0101tava, kas paredz\u0113ta \u012bstiem gril\u0113\u0161anas entuziastiem, kuri mekl\u0113 augst\u0101k\u0101s klases Teksasas stila k\u016bpin\u0101jumus.<\/div>\n    \n              \n    \n    \n    \n    \n            \n                    \n            \n            \n\n    \n    \n    \n    \n    \n    <a class=\"breakdance-link button-atom button-atom--primary ee-imagebox-button\" href=\"https:\/\/tammetorubbq.ee\/lv\/ipasie-pasutijumi\/dzelzs-zime-120-3\/\" target=\"_self\" data-type=\"url\"  >\n\n    \n        <span class=\"button-atom__text\">Las\u012bt vair\u0101k<\/span>\n\n        \n        \n                <\/a>\n\n    \n\n  <\/div>\n\n<\/div>\n<\/div><div class=\"bde-column-699-112 bde-column\">\n  \n  \n\t\n\n\n\n<div class=\"bde-image-box-699-115 bde-image-box\">\n<div class=\"ee-imagebox-image\">\n  <img loading=\"lazy\" decoding=\"async\" class=\"breakdance-image-object\" src=\"http:\/\/tammetorubbq.ee\/wp-content\/uploads\/2023\/12\/IRONBRAND-250-1.jpg\" width=\"1000\" height=\"1000\" srcset=\"https:\/\/tammetorubbq.ee\/wp-content\/uploads\/2023\/12\/IRONBRAND-250-1.jpg 1000w, https:\/\/tammetorubbq.ee\/wp-content\/uploads\/2023\/12\/IRONBRAND-250-1-300x300.jpg 300w, https:\/\/tammetorubbq.ee\/wp-content\/uploads\/2023\/12\/IRONBRAND-250-1-150x150.jpg 150w, https:\/\/tammetorubbq.ee\/wp-content\/uploads\/2023\/12\/IRONBRAND-250-1-768x768.jpg 768w, https:\/\/tammetorubbq.ee\/wp-content\/uploads\/2023\/12\/IRONBRAND-250-1-600x600.jpg 600w, https:\/\/tammetorubbq.ee\/wp-content\/uploads\/2023\/12\/IRONBRAND-250-1-100x100.jpg 100w, https:\/\/tammetorubbq.ee\/wp-content\/uploads\/2023\/12\/IRONBRAND-250-1-64x64.jpg 64w\" sizes=\"auto, (max-width: 1000px) 100vw, 1000px\">\n<\/div>\n<div class=\"ee-imagebox-content\">\n      <p class=\"ee-imagebox-title bde-h3\" >IRONBRAND 250<\/p>\n    \n      <div class=\"ee-imagebox-text\" >Ironbrand 250 ir k\u016bpin\u0101tava, kas paredz\u0113ta \u0113din\u0101\u0161anas pakalpojumu sniedz\u0113jiem un profesion\u0101liem pav\u0101riem, kuri v\u0113las nodro\u0161in\u0101t profesion\u0101la l\u012bme\u0146a autentisku Teksasas stila k\u016bpin\u0101tu b\u0101rbekj\u016b.<\/div>\n    \n              \n    \n    \n    \n    \n            \n                    \n            \n            \n\n    \n    \n    \n    \n    \n    <a class=\"breakdance-link button-atom button-atom--primary ee-imagebox-button\" href=\"https:\/\/tammetorubbq.ee\/lv\/ipasie-pasutijumi\/dzelzs-zimols-250-3\/\" target=\"_self\" data-type=\"url\"  >\n\n    \n        <span class=\"button-atom__text\">Las\u012bt vair\u0101k<\/span>\n\n        \n        \n                <\/a>\n\n    \n\n  <\/div>\n\n<\/div>\n<\/div><div class=\"bde-column-699-113 bde-column\">\n  \n  \n\t\n\n\n\n<div class=\"bde-image-box-699-116 bde-image-box\">\n<div class=\"ee-imagebox-image\">\n  <img loading=\"lazy\" decoding=\"async\" class=\"breakdance-image-object\" src=\"http:\/\/tammetorubbq.ee\/wp-content\/uploads\/2023\/12\/IRONBRAND-500.jpg\" width=\"1000\" height=\"1000\" srcset=\"https:\/\/tammetorubbq.ee\/wp-content\/uploads\/2023\/12\/IRONBRAND-500.jpg 1000w, https:\/\/tammetorubbq.ee\/wp-content\/uploads\/2023\/12\/IRONBRAND-500-300x300.jpg 300w, https:\/\/tammetorubbq.ee\/wp-content\/uploads\/2023\/12\/IRONBRAND-500-150x150.jpg 150w, https:\/\/tammetorubbq.ee\/wp-content\/uploads\/2023\/12\/IRONBRAND-500-768x768.jpg 768w, https:\/\/tammetorubbq.ee\/wp-content\/uploads\/2023\/12\/IRONBRAND-500-600x600.jpg 600w, https:\/\/tammetorubbq.ee\/wp-content\/uploads\/2023\/12\/IRONBRAND-500-100x100.jpg 100w, https:\/\/tammetorubbq.ee\/wp-content\/uploads\/2023\/12\/IRONBRAND-500-64x64.jpg 64w\" sizes=\"auto, (max-width: 1000px) 100vw, 1000px\">\n<\/div>\n<div class=\"ee-imagebox-content\">\n      <p class=\"ee-imagebox-title bde-h3\" >IRONBRAND 500<\/p>\n    \n      <div class=\"ee-imagebox-text\" >Ironbrand 500 ir augst\u0101k\u0101s kvalit\u0101tes ofseta BBQ k\u016bpin\u0101tava profesion\u0101liem \u0113din\u0101\u0161anas vai b\u0101rbekj\u016b restor\u0101niem, kuriem nepiecie\u0161ama papildu jauda, ko nodro\u0161ina Ironbrand ~ 1900 litru liela cep\u0161anas kamera.<\/div>\n    \n              \n    \n    \n    \n    \n            \n                    \n            \n            \n\n    \n    \n    \n    \n    \n    <a class=\"breakdance-link button-atom button-atom--primary ee-imagebox-button\" href=\"https:\/\/tammetorubbq.ee\/lv\/ipasie-pasutijumi\/dzelzs-zimola-500-2\/\" target=\"_self\" data-type=\"url\"  >\n\n    \n        <span class=\"button-atom__text\">Las\u012bt vair\u0101k<\/span>\n\n        \n        \n                <\/a>\n\n    \n\n  <\/div>\n\n<\/div>\n<\/div><\/div><\/div>\n<\/section>","protected":false},"excerpt":{"rendered":"<p>Eritellimused Ironbrand \u201eoffset\u201c BBQ suitsutusahjudOled valmis oma unistused tegelikkuseks muutma?Ironbrandi t\u00f6\u00f6kojas, mis asub s\u00fcgaval kaunite Chilterni m\u00e4gede s\u00fcdames, kasutatakse kvaliteetset Briti terast millest l\u00f5igatakse, rullitakse, volditakse, painutatakse ja keevitatakse parimad suitsutusahjud mis on \u201eoffset\u201c ahjude maailmas raudne klassika.Iga Ironbrandi toode on nende v\u00e4ikese k\u00f5rgelt kvalifitseeritud meeskonna poolt k\u00e4sitsi valmistatud k\u00f5rgeimate standardite j\u00e4rgi, et toote t\u00f6\u00f6kojast [&hellip;]<\/p>\n","protected":false},"author":3,"featured_media":0,"parent":0,"menu_order":0,"comment_status":"closed","ping_status":"closed","template":"","meta":{"_uf_show_specific_survey":0,"_uf_disable_surveys":false,"_breakdance_hide_in_design_set":false,"_breakdance_tags":"","footnotes":""},"class_list":["post-699","page","type-page","status-publish","hentry"],"_links":{"self":[{"href":"https:\/\/tammetorubbq.ee\/lv\/wp-json\/wp\/v2\/pages\/699","targetHints":{"allow":["GET"]}}],"collection":[{"href":"https:\/\/tammetorubbq.ee\/lv\/wp-json\/wp\/v2\/pages"}],"about":[{"href":"https:\/\/tammetorubbq.ee\/lv\/wp-json\/wp\/v2\/types\/page"}],"author":[{"embeddable":true,"href":"https:\/\/tammetorubbq.ee\/lv\/wp-json\/wp\/v2\/users\/3"}],"replies":[{"embeddable":true,"href":"https:\/\/tammetorubbq.ee\/lv\/wp-json\/wp\/v2\/comments?post=699"}],"version-history":[{"count":5,"href":"https:\/\/tammetorubbq.ee\/lv\/wp-json\/wp\/v2\/pages\/699\/revisions"}],"predecessor-version":[{"id":862,"href":"https:\/\/tammetorubbq.ee\/lv\/wp-json\/wp\/v2\/pages\/699\/revisions\/862"}],"wp:attachment":[{"href":"https:\/\/tammetorubbq.ee\/lv\/wp-json\/wp\/v2\/media?parent=699"}],"curies":[{"name":"wp","href":"https:\/\/api.w.org\/{rel}","templated":true}]}}