{"id":9,"date":"2023-10-17T16:37:22","date_gmt":"2023-10-17T16:37:22","guid":{"rendered":"https:\/\/tammetorubbq.ee\/my-account\/"},"modified":"2023-12-12T11:08:03","modified_gmt":"2023-12-12T09:08:03","slug":"mans-konts","status":"publish","type":"page","link":"https:\/\/tammetorubbq.ee\/lv\/minu-konto\/","title":{"rendered":"Mans konts"},"content":{"rendered":"<section class=\"bde-section-9-100 bde-section\">\n  \n  \n\t\n\n\n\n<div class=\"section-container\"><div class=\"bde-woopageaccount-9-101 bde-woopageaccount breakdance-woocommerce\">    <div class=\"breakdance-empty-ssr-message breakdance-empty-ssr-message-error\">\n        <div>\n            Port\u0101ls <b>\"Konta lapa\"<\/b> elementu var pievienot tikai <b>WooCommerce konta lapa<\/b>.<br \/><br \/>\n            Port\u0101ls <b>WooCommerce konta lapa<\/b> pa\u0161laik ir iestat\u012bts uz <b>\"Mans konts\" (ID: 9)<\/b>.<br \/><br \/>\n            Iestatiet <b>WooCommerce konta lapa<\/b> WP admin sada\u013c\u0101 <b>WooCommerce &gt; Iestat\u012bjumi &gt; Uzlabotie &gt; Lapas iestat\u012b\u0161ana<\/b>.\n        <\/div>\n    <\/div><\/div><\/div>\n<\/section>","protected":false},"excerpt":{"rendered":"<p>Elementu \"Konta lapa\" var pievienot tikai WooCommerce konta lapai. Pa\u0161laik WooCommerce konta lapa ir iestat\u012bta uz \"Mans konts\" (ID: 9). Iestatiet WooCommerce konta lapu WP admin sada\u013c\u0101 WooCommerce &gt; Iestat\u012bjumi &gt; Izv\u0113rsti &gt; Lapas iestat\u012b\u0161ana.<\/p>","protected":false},"author":3,"featured_media":0,"parent":0,"menu_order":0,"comment_status":"closed","ping_status":"closed","template":"","meta":{"_uf_show_specific_survey":0,"_uf_disable_surveys":false,"_breakdance_hide_in_design_set":false,"_breakdance_tags":"","footnotes":""},"class_list":["post-9","page","type-page","status-publish","hentry"],"_links":{"self":[{"href":"https:\/\/tammetorubbq.ee\/lv\/wp-json\/wp\/v2\/pages\/9","targetHints":{"allow":["GET"]}}],"collection":[{"href":"https:\/\/tammetorubbq.ee\/lv\/wp-json\/wp\/v2\/pages"}],"about":[{"href":"https:\/\/tammetorubbq.ee\/lv\/wp-json\/wp\/v2\/types\/page"}],"author":[{"embeddable":true,"href":"https:\/\/tammetorubbq.ee\/lv\/wp-json\/wp\/v2\/users\/3"}],"replies":[{"embeddable":true,"href":"https:\/\/tammetorubbq.ee\/lv\/wp-json\/wp\/v2\/comments?post=9"}],"version-history":[{"count":3,"href":"https:\/\/tammetorubbq.ee\/lv\/wp-json\/wp\/v2\/pages\/9\/revisions"}],"predecessor-version":[{"id":899,"href":"https:\/\/tammetorubbq.ee\/lv\/wp-json\/wp\/v2\/pages\/9\/revisions\/899"}],"wp:attachment":[{"href":"https:\/\/tammetorubbq.ee\/lv\/wp-json\/wp\/v2\/media?parent=9"}],"curies":[{"name":"wp","href":"https:\/\/api.w.org\/{rel}","templated":true}]}}