{"id":1025,"date":"2024-01-07T19:33:51","date_gmt":"2024-01-07T17:33:51","guid":{"rendered":"https:\/\/tammetorubbq.ee\/?post_type=product&#038;p=1025"},"modified":"2026-04-29T21:00:28","modified_gmt":"2026-04-29T18:00:28","slug":"galas-termometrs-thermapen-one","status":"publish","type":"product","link":"https:\/\/tammetorubbq.ee\/lv\/toode\/thermapen-one-liha-sisetermomeeter\/","title":{"rendered":"Thermapen ONE ga\u013cas termometrs"},"content":{"rendered":"<ul>\n<li>Temperat\u016bras m\u0113r\u012b\u0161ana 1 sekund\u0113<\/li>\n<li>\u016adensnecaurlaid\u012bgs<\/li>\n<li>Glow in the dark<\/li>\n<li>Autom\u0101tiski 360\u00b0 rot\u0113jo\u0161s ekr\u0101ns<\/li>\n<li>Dro\u0161i salok\u0101ms<\/li>\n<li>Salok\u0101ms ner\u016bs\u0113jo\u0161\u0101 t\u0113rauda m\u0113r\u012b\u0161anas stienis<\/li>\n<li>Akumulatora darb\u012bbas laiks 2000 stundas (1,5 V AAA akumulators)<\/li>\n<li>Displejs ir regul\u0113jams \u00b0C vai \u00b0F.<\/li>\n<li>Skala no -49,9\u00b0C l\u012bdz 299,9\u00b0C, ieskaitot precizit\u0101ti l\u012bdz \u00b10,3\u00b0C (-19,9 l\u012bdz 119,9\u00b0C) un \u00b10,4\u00b0C (-49,9 l\u012bdz 199,9\u00b0C), cit\u0101di \u00b11\u00b0C.<\/li>\n<li>Uzlabota 5 gadu garantija un bezmaksas pievienotais kalibr\u0113\u0161anas sertifik\u0101ts<\/li>\n<li>Ar rok\u0101m darin\u0101ts Anglij\u0101<\/li>\n<\/ul>\n<p>&nbsp;<\/p>\n<p><strong>Tehnisk\u0101 inform\u0101cija<\/strong><\/p>\n<p>CAL 0,115 kg<\/p>\n<p>KR\u0100SAS Melns<\/p>","protected":false},"excerpt":{"rendered":"<p><strong>Tas ir \"pasaules \u010dempions\" rokas ga\u013cas termometru pasaul\u0113.<\/strong><\/p>\n<p>Thermapen\u00ae ONE ir profesion\u0101ls ga\u013cas termometrs, kas nodro\u0161ina \u013coti prec\u012bzu un \u0101tru temperat\u016bras m\u0113r\u012b\u0161anu - rezult\u0101ti ir redzami jau p\u0113c da\u017e\u0101m sekund\u0113m. <strong data-start=\"296\" data-end=\"309\">1 sekunde<\/strong> par. Ide\u0101li piem\u0113rots gril\u0113\u0161anai, cep\u0161anai un citiem \u0113diena gatavo\u0161anas uzdevumiem, kur svar\u012bga precizit\u0101te.<\/p>\n<p>Ide\u0101li piem\u0113rots ga\u013cas, zivju, vistas ga\u013cas, konditorejas izstr\u0101d\u0101jumu un citu p\u0101rtikas produktu iek\u0161\u0113j\u0101s temperat\u016bras kontrolei m\u0101j\u0101s, profesion\u0101l\u0101 virtuv\u0113 vai grill\u0113.<\/p>\n<p>&nbsp;<\/p>\n<p><img loading=\"lazy\" decoding=\"async\" class=\"alignnone wp-image-3391\" src=\"http:\/\/tammetorubbq.ee\/wp-content\/uploads\/2024\/01\/thermapen-logo-1631270615-300x48.jpg\" alt=\"\" width=\"256\" height=\"41\" srcset=\"https:\/\/tammetorubbq.ee\/wp-content\/uploads\/2024\/01\/thermapen-logo-1631270615-300x48.jpg 300w, https:\/\/tammetorubbq.ee\/wp-content\/uploads\/2024\/01\/thermapen-logo-1631270615-1024x164.jpg 1024w, https:\/\/tammetorubbq.ee\/wp-content\/uploads\/2024\/01\/thermapen-logo-1631270615-768x123.jpg 768w, https:\/\/tammetorubbq.ee\/wp-content\/uploads\/2024\/01\/thermapen-logo-1631270615-1536x246.jpg 1536w, https:\/\/tammetorubbq.ee\/wp-content\/uploads\/2024\/01\/thermapen-logo-1631270615-18x3.jpg 18w, https:\/\/tammetorubbq.ee\/wp-content\/uploads\/2024\/01\/thermapen-logo-1631270615-600x96.jpg 600w, https:\/\/tammetorubbq.ee\/wp-content\/uploads\/2024\/01\/thermapen-logo-1631270615-64x10.jpg 64w, https:\/\/tammetorubbq.ee\/wp-content\/uploads\/2024\/01\/thermapen-logo-1631270615.jpg 1985w\" sizes=\"auto, (max-width: 256px) 100vw, 256px\" \/><\/p>\n<p>&nbsp;<\/p>","protected":false},"featured_media":1027,"comment_status":"open","ping_status":"closed","template":"","meta":{"_uf_show_specific_survey":0,"_uf_disable_surveys":false},"pwb-brand":[68],"product_brand":[],"product_cat":[30,66],"product_tag":[134,115],"class_list":{"0":"post-1025","1":"product","2":"type-product","3":"status-publish","4":"has-post-thumbnail","6":"pwb-brand-thermapen","7":"product_cat-grillimise-tarvikud","8":"product_cat-termomeetrid","9":"product_tag-grillimise-tarvikud","10":"product_tag-termomeeter","12":"first","13":"instock","14":"taxable","15":"shipping-taxable","16":"purchasable","17":"product-type-simple"},"brands":[{"id":68,"name":"Thermapen","slug":"thermapen"}],"_links":{"self":[{"href":"https:\/\/tammetorubbq.ee\/lv\/wp-json\/wp\/v2\/product\/1025","targetHints":{"allow":["GET"]}}],"collection":[{"href":"https:\/\/tammetorubbq.ee\/lv\/wp-json\/wp\/v2\/product"}],"about":[{"href":"https:\/\/tammetorubbq.ee\/lv\/wp-json\/wp\/v2\/types\/product"}],"replies":[{"embeddable":true,"href":"https:\/\/tammetorubbq.ee\/lv\/wp-json\/wp\/v2\/comments?post=1025"}],"wp:featuredmedia":[{"embeddable":true,"href":"https:\/\/tammetorubbq.ee\/lv\/wp-json\/wp\/v2\/media\/1027"}],"wp:attachment":[{"href":"https:\/\/tammetorubbq.ee\/lv\/wp-json\/wp\/v2\/media?parent=1025"}],"wp:term":[{"taxonomy":"pwb-brand","embeddable":true,"href":"https:\/\/tammetorubbq.ee\/lv\/wp-json\/wp\/v2\/pwb-brand?post=1025"},{"taxonomy":"product_brand","embeddable":true,"href":"https:\/\/tammetorubbq.ee\/lv\/wp-json\/wp\/v2\/product_brand?post=1025"},{"taxonomy":"product_cat","embeddable":true,"href":"https:\/\/tammetorubbq.ee\/lv\/wp-json\/wp\/v2\/product_cat?post=1025"},{"taxonomy":"product_tag","embeddable":true,"href":"https:\/\/tammetorubbq.ee\/lv\/wp-json\/wp\/v2\/product_tag?post=1025"}],"curies":[{"name":"wp","href":"https:\/\/api.w.org\/{rel}","templated":true}]}}