{"id":1030,"date":"2024-01-07T20:05:56","date_gmt":"2024-01-07T18:05:56","guid":{"rendered":"https:\/\/tammetorubbq.ee\/?post_type=product&#038;p=1030"},"modified":"2026-04-19T18:01:01","modified_gmt":"2026-04-19T15:01:01","slug":"aurelia-bold-dubultie-nitrila-cimdi-melni-100-gab","status":"publish","type":"product","link":"https:\/\/tammetorubbq.ee\/lv\/product-2\/aurelia-bold-dubultie-nitrila-cimdi-melni-100-gab\/","title":{"rendered":"Nitriilkindad (must) 100tk"},"content":{"rendered":"<p><strong>Tehnisk\u0101 inform\u0101cija<\/strong><\/p>\n<p>KR\u0100SU kr\u0101sa melna<\/p>\n<p>KVANTIT\u0100TS 100gab iepakojum\u0101<\/p>\n<p>MATERI\u0100LS nitrils<\/p>","protected":false},"excerpt":{"rendered":"<p>Meie valikus pakutavad \u00fchekordne nitriils\u00f5rmkinnas on k\u00f5rgekvaliteediline puudrivaba musta v\u00e4rvi \u00a0s\u00f5rmkinnas.<\/p>\n<p>Nagu nimigi \u00fctleb on tegemist Aurelia kinnaste nimistus k\u00f5ige kaalukama ja paksema kindaga.<\/p>\n<p>Kinda s\u00f5rmeotsa paksus on 0,13mm. Bold s\u00f5rmkinnas omab suurep\u00e4rast t\u00f5mbetugevust ja suuremat kaitset k\u00e4tele v\u00f5rreldes lateksi v\u00f5i vin\u00fc\u00fclkindaga. Bold pakub kandjale extra mugavust ja venivust.<\/p>\n<p>\u0160is nitrila cimds ir medic\u012bnisk\u0101s kvalit\u0101tes cimds, piem\u0113rots lieto\u0161anai p\u0101rtikas r\u016bpniec\u012bb\u0101, nesatur lateksu.<\/p>\n<p>Pieejamie izm\u0113ri <strong>L<\/strong> un <strong>XL<\/strong> - veicot pas\u016bt\u012bjumu, lodzi\u0146\u0101 \"Piez\u012bmes par pas\u016bt\u012bjumu\" nor\u0101diet vajadz\u012bgo izm\u0113ru.<\/p>","protected":false},"featured_media":1032,"comment_status":"open","ping_status":"closed","template":"","meta":{"_uf_show_specific_survey":0,"_uf_disable_surveys":false},"pwb-brand":[],"product_brand":[],"product_cat":[30],"product_tag":[134,330],"class_list":{"0":"post-1030","1":"product","2":"type-product","3":"status-publish","4":"has-post-thumbnail","6":"product_cat-grillimise-tarvikud","7":"product_tag-grillimise-tarvikud","8":"product_tag-nitriilkindad","10":"first","11":"instock","12":"taxable","13":"shipping-taxable","14":"purchasable","15":"product-type-simple"},"brands":[],"_links":{"self":[{"href":"https:\/\/tammetorubbq.ee\/lv\/wp-json\/wp\/v2\/product\/1030","targetHints":{"allow":["GET"]}}],"collection":[{"href":"https:\/\/tammetorubbq.ee\/lv\/wp-json\/wp\/v2\/product"}],"about":[{"href":"https:\/\/tammetorubbq.ee\/lv\/wp-json\/wp\/v2\/types\/product"}],"replies":[{"embeddable":true,"href":"https:\/\/tammetorubbq.ee\/lv\/wp-json\/wp\/v2\/comments?post=1030"}],"wp:featuredmedia":[{"embeddable":true,"href":"https:\/\/tammetorubbq.ee\/lv\/wp-json\/wp\/v2\/media\/1032"}],"wp:attachment":[{"href":"https:\/\/tammetorubbq.ee\/lv\/wp-json\/wp\/v2\/media?parent=1030"}],"wp:term":[{"taxonomy":"pwb-brand","embeddable":true,"href":"https:\/\/tammetorubbq.ee\/lv\/wp-json\/wp\/v2\/pwb-brand?post=1030"},{"taxonomy":"product_brand","embeddable":true,"href":"https:\/\/tammetorubbq.ee\/lv\/wp-json\/wp\/v2\/product_brand?post=1030"},{"taxonomy":"product_cat","embeddable":true,"href":"https:\/\/tammetorubbq.ee\/lv\/wp-json\/wp\/v2\/product_cat?post=1030"},{"taxonomy":"product_tag","embeddable":true,"href":"https:\/\/tammetorubbq.ee\/lv\/wp-json\/wp\/v2\/product_tag?post=1030"}],"curies":[{"name":"wp","href":"https:\/\/api.w.org\/{rel}","templated":true}]}}