{"id":1083,"date":"2024-01-22T19:43:09","date_gmt":"2024-01-22T17:43:09","guid":{"rendered":"https:\/\/tammetorubbq.ee\/?post_type=product&#038;p=1083"},"modified":"2026-04-05T21:00:32","modified_gmt":"2026-04-05T18:00:32","slug":"swift-swifta-sariba-st-louise-usa","status":"publish","type":"product","link":"https:\/\/tammetorubbq.ee\/lv\/product-2\/swift-swifta-sariba-st-louise-usa\/","title":{"rendered":"Swift searibi St.Louise ~1,7kg (ASV)"},"content":{"rendered":"<ul>\n<li>Biolo\u0123iski audz\u0113ta c\u016bkga\u013ca bez antibiotik\u0101m.<\/li>\n<li>Vakuumiepakojums.<\/li>\n<li>Sald\u0113ts (uzglab\u0101\u0161anas temperat\u016bra -18C).<\/li>\n<li>\u00dche ribiplaadi kaal ~1,7kg.<\/li>\n<li>Beramais iepakojums ~ 18 kg (~ 10 rievotas loksnes).<\/li>\n<li>Izcelsmes valsts ASV.<\/li>\n<\/ul>\n<p>&nbsp;<\/p>\n<p>Produktu nevar nos\u016bt\u012bt ar pakom\u0101tu vai kurjeru.<\/p>\n<p>Tellimus on v\u00f5imalik k\u00e4tte saada eelneval kokkuleppel Harjumaa piires.<\/p>\n<p>Rakstiet mums <a href=\"\/lv\/info@tammetorubbq.ee\/\">info@tammetorubbq.ee<\/a> vai zvaniet <a href=\"http:\/\/+372 56 888 638\">+372 56 888 638<\/a><\/p>\n<p>&nbsp;<\/p>","protected":false},"excerpt":{"rendered":"<p><strong><span style=\"color: #0000ff;\">BBQ draugu iecien\u012bt\u0101k\u0101s Swift c\u016bkga\u013cas ribi\u0146as Sentluisas stil\u0101.<\/span><\/strong><\/p>\n<p>Augst\u0101k\u0101s kvalit\u0101tes c\u016bkga\u013cas ribi\u0146u ga\u013ca, ko izmanto daudzos BBQ konkursos vis\u0101 pasaul\u0113.<\/p>\n<p>Ide\u0101li piem\u0113rots zema un l\u0113na gril\u0113\u0161anas vai BBQ.<\/p>\n<p>&nbsp;<\/p>\n<p>\u00dche ribiplaadi keskmine kaal on ~1,7kg.<\/p>\n<p>Nevilcinieties l\u016bgt \u012bpa\u0161u cenu liel\u0101kam daudzumam.<\/p>\n<p>Produkts tiek p\u0101rdots p\u0113c svara. Prec\u012bza cena tiks apr\u0113\u0137in\u0101ta p\u0113c produkta nosv\u0113r\u0161anas.<\/p>\n<p><strong>Produkts ir noliktav\u0101. <\/strong><\/p>\n<p>T\u0101 k\u0101 \u0161is ir sv\u0113r\u0161anas produkts, nav iesp\u0113jams veikt pas\u016bt\u012bjumu tie\u0161saistes veikal\u0101.<\/p>\n<p>Lai pas\u016bt\u012btu, l\u016bdzu, rakstiet uz \u0161\u0101du adresi <a href=\"\/lv\/info@tammetorubbq.ee\/\">info@tammetorubbq.ee<\/a> vai zvaniet <a href=\"http:\/\/+372 56 888 638\">+372 56 888 638<\/a><\/p>\n<p>&nbsp;<\/p>\n<p><img loading=\"lazy\" decoding=\"async\" class=\"alignnone wp-image-1389\" src=\"http:\/\/tammetorubbq.ee\/wp-content\/uploads\/2024\/01\/Swift.svg\" alt=\"\" width=\"214\" height=\"99\" \/><\/p>\n<p>&nbsp;<\/p>\n<p>&nbsp;<\/p>","protected":false},"featured_media":1084,"comment_status":"open","ping_status":"closed","template":"","meta":{"_uf_show_specific_survey":0,"_uf_disable_surveys":false},"pwb-brand":[72],"product_brand":[],"product_cat":[71],"product_tag":[114,122],"class_list":{"0":"post-1083","1":"product","2":"type-product","3":"status-publish","4":"has-post-thumbnail","6":"pwb-brand-swift","7":"product_cat-liha","8":"product_tag-sealiha","9":"product_tag-searibi","11":"first","12":"outofstock","13":"taxable","14":"shipping-taxable","15":"purchasable","16":"product-type-simple"},"brands":[{"id":72,"name":"Swift","slug":"swift"}],"_links":{"self":[{"href":"https:\/\/tammetorubbq.ee\/lv\/wp-json\/wp\/v2\/product\/1083","targetHints":{"allow":["GET"]}}],"collection":[{"href":"https:\/\/tammetorubbq.ee\/lv\/wp-json\/wp\/v2\/product"}],"about":[{"href":"https:\/\/tammetorubbq.ee\/lv\/wp-json\/wp\/v2\/types\/product"}],"replies":[{"embeddable":true,"href":"https:\/\/tammetorubbq.ee\/lv\/wp-json\/wp\/v2\/comments?post=1083"}],"wp:featuredmedia":[{"embeddable":true,"href":"https:\/\/tammetorubbq.ee\/lv\/wp-json\/wp\/v2\/media\/1084"}],"wp:attachment":[{"href":"https:\/\/tammetorubbq.ee\/lv\/wp-json\/wp\/v2\/media?parent=1083"}],"wp:term":[{"taxonomy":"pwb-brand","embeddable":true,"href":"https:\/\/tammetorubbq.ee\/lv\/wp-json\/wp\/v2\/pwb-brand?post=1083"},{"taxonomy":"product_brand","embeddable":true,"href":"https:\/\/tammetorubbq.ee\/lv\/wp-json\/wp\/v2\/product_brand?post=1083"},{"taxonomy":"product_cat","embeddable":true,"href":"https:\/\/tammetorubbq.ee\/lv\/wp-json\/wp\/v2\/product_cat?post=1083"},{"taxonomy":"product_tag","embeddable":true,"href":"https:\/\/tammetorubbq.ee\/lv\/wp-json\/wp\/v2\/product_tag?post=1083"}],"curies":[{"name":"wp","href":"https:\/\/api.w.org\/{rel}","templated":true}]}}