{"id":1335,"date":"2024-02-21T20:18:37","date_gmt":"2024-02-21T18:18:37","guid":{"rendered":"https:\/\/tammetorubbq.ee\/?post_type=product&#038;p=1335"},"modified":"2026-04-19T15:00:19","modified_gmt":"2026-04-19T12:00:19","slug":"blues-hog-original-bbq-paste-709g","status":"publish","type":"product","link":"https:\/\/tammetorubbq.ee\/lv\/product-2\/blues-hog-original-bbq-paste-709g\/","title":{"rendered":"Blues Hog Original BBQ m\u0113rce 709g"},"content":{"rendered":"<p><strong>Sast\u0101vda\u013cas:<\/strong> br\u016bnais cukurs, ke\u010dups, \u0101bolu sidra eti\u0137is, cukurs, s\u0101ls, gar\u0161vielas, paprika, Vor\u010dester\u0161\u012bras m\u0113rce, vani\u013cas ekstrakts, \u0137iploki.<\/p>\n<p><img loading=\"lazy\" decoding=\"async\" class=\"alignnone size-full wp-image-1337\" src=\"http:\/\/tammetorubbq.ee\/wp-content\/uploads\/2024\/02\/Blues-Hog-Original-BBQ-kaste.jpg\" alt=\"Blues Hog Original BBQ \" width=\"297\" height=\"95\" srcset=\"https:\/\/tammetorubbq.ee\/wp-content\/uploads\/2024\/02\/Blues-Hog-Original-BBQ-kaste.jpg 297w, https:\/\/tammetorubbq.ee\/wp-content\/uploads\/2024\/02\/Blues-Hog-Original-BBQ-kaste-18x6.jpg 18w, https:\/\/tammetorubbq.ee\/wp-content\/uploads\/2024\/02\/Blues-Hog-Original-BBQ-kaste-64x20.jpg 64w\" sizes=\"auto, (max-width: 297px) 100vw, 297px\" \/><\/p>","protected":false},"excerpt":{"rendered":"<p>Le\u0123end\u0101rais Bill Arnold Blues Hog nav j\u0101iepaz\u012bstina - nosaukums run\u0101 pats par sevi!<\/p>\n<p>Blues Hog Original BBQ m\u0113rce ir ide\u0101ls salduma mais\u012bjums, kas l\u012bdzsvarots ar pareizo pikantuma devu. Blues Hog Original BBQ m\u0113rce ir atz\u012bta par \"lab\u0101ko m\u0113rci uz plan\u0113tas\".<\/p>\n<p>T\u0101 ir \u013coti unik\u0101la gar\u0161a un \u013coti lip\u012bga m\u0113rce.<\/p>\n<p>Blues Hog gard\u0113\u017eu m\u0113rces nesatur lipekli un ir gatavotas no dab\u012bg\u0101m, augstas kvalit\u0101tes sast\u0101vda\u013c\u0101m.<\/p>\n<p>Blues Hog produktiem ir vair\u0101k apbalvojumu nek\u0101 citiem \"konkurentiem\" tirg\u016b, t\u0101p\u0113c Blues Hog produktus izmanto 90% gril\u0113\u0161anas sacens\u012bbu komandas vis\u0101 pasaul\u0113.<\/p>\n<p><span style=\"color: #0000ff;\"><strong style=\"font-weight: var(--bde-woo-typography-font-weight-heavy);\">Blues Hog ir godalgotu \u010dempionu izv\u0113le!<\/strong><\/span><\/p>\n<p><img loading=\"lazy\" decoding=\"async\" class=\"alignnone wp-image-3462\" src=\"http:\/\/tammetorubbq.ee\/wp-content\/uploads\/2024\/02\/BH_Logo_2022-300x280.avif\" alt=\"\" width=\"192\" height=\"179\" srcset=\"https:\/\/tammetorubbq.ee\/wp-content\/uploads\/2024\/02\/BH_Logo_2022-300x280.avif 300w, https:\/\/tammetorubbq.ee\/wp-content\/uploads\/2024\/02\/BH_Logo_2022-13x12.avif 13w, https:\/\/tammetorubbq.ee\/wp-content\/uploads\/2024\/02\/BH_Logo_2022-64x60.avif 64w, https:\/\/tammetorubbq.ee\/wp-content\/uploads\/2024\/02\/BH_Logo_2022.avif 322w\" sizes=\"auto, (max-width: 192px) 100vw, 192px\" \/><\/p>","protected":false},"featured_media":4760,"comment_status":"open","ping_status":"closed","template":"","meta":{"_uf_show_specific_survey":0,"_uf_disable_surveys":false},"pwb-brand":[],"product_brand":[],"product_cat":[22],"product_tag":[331,354],"class_list":{"0":"post-1335","1":"product","2":"type-product","3":"status-publish","4":"has-post-thumbnail","6":"product_cat-kastmed-ja-marinaadid","7":"product_tag-blues-hog","8":"product_tag-blues-hog-kastmed","10":"first","11":"instock","12":"taxable","13":"shipping-taxable","14":"purchasable","15":"product-type-simple"},"brands":[],"_links":{"self":[{"href":"https:\/\/tammetorubbq.ee\/lv\/wp-json\/wp\/v2\/product\/1335","targetHints":{"allow":["GET"]}}],"collection":[{"href":"https:\/\/tammetorubbq.ee\/lv\/wp-json\/wp\/v2\/product"}],"about":[{"href":"https:\/\/tammetorubbq.ee\/lv\/wp-json\/wp\/v2\/types\/product"}],"replies":[{"embeddable":true,"href":"https:\/\/tammetorubbq.ee\/lv\/wp-json\/wp\/v2\/comments?post=1335"}],"wp:featuredmedia":[{"embeddable":true,"href":"https:\/\/tammetorubbq.ee\/lv\/wp-json\/wp\/v2\/media\/4760"}],"wp:attachment":[{"href":"https:\/\/tammetorubbq.ee\/lv\/wp-json\/wp\/v2\/media?parent=1335"}],"wp:term":[{"taxonomy":"pwb-brand","embeddable":true,"href":"https:\/\/tammetorubbq.ee\/lv\/wp-json\/wp\/v2\/pwb-brand?post=1335"},{"taxonomy":"product_brand","embeddable":true,"href":"https:\/\/tammetorubbq.ee\/lv\/wp-json\/wp\/v2\/product_brand?post=1335"},{"taxonomy":"product_cat","embeddable":true,"href":"https:\/\/tammetorubbq.ee\/lv\/wp-json\/wp\/v2\/product_cat?post=1335"},{"taxonomy":"product_tag","embeddable":true,"href":"https:\/\/tammetorubbq.ee\/lv\/wp-json\/wp\/v2\/product_tag?post=1335"}],"curies":[{"name":"wp","href":"https:\/\/api.w.org\/{rel}","templated":true}]}}