{"id":1342,"date":"2024-02-21T21:17:00","date_gmt":"2024-02-21T19:17:00","guid":{"rendered":"https:\/\/tammetorubbq.ee\/?post_type=product&#038;p=1342"},"modified":"2026-04-26T15:00:06","modified_gmt":"2026-04-26T12:00:06","slug":"galas-baznica-medus-cuku-karstais-berzejums-397g","status":"publish","type":"product","link":"https:\/\/tammetorubbq.ee\/lv\/product-2\/galas-baznica-medus-cuku-karstais-berzejums-397g\/","title":{"rendered":"Meat Church Honey Hog HOT Rub 397g"},"content":{"rendered":"<p><strong>Sast\u0101vda\u013cas:<\/strong> suhkur, sool, meepulber (rafineeritud siirup, mesi), v\u00fcrtsid, sh. paprika, dekstroos, veetustatud jalapeno, veetustatud k\u00fc\u00fcslauk, seller, kuni 2% r\u00e4nidioksiid (et v\u00e4ltida paakumist) ja v\u00fcrtside ekstraktiivained.<\/p>\n<p>Bez lipek\u013ca.<\/p>\n<p>Produkts nesatur gar\u0161as pastiprin\u0101t\u0101ju MSG (<em>monon\u0101trija glutam\u0101ts<\/em>\u00a0vai n\u0101trija glutam\u0101ts (E621).<\/p>","protected":false},"excerpt":{"rendered":"<p>Meat Church Honey Hog HOT gar\u0161vielu mais\u012bjums ir turpin\u0101jums popul\u0101rajai Meat Church Honey Hog gar\u0161vielu mais\u012bjumam, kam pievienots jalape\u00f1o. \u0160\u012b saldi pikant\u0101 un pikant\u0101 berz\u0113 ir ide\u0101li piem\u0113rota c\u016bkga\u013cas ribi\u0146\u0101m, c\u016bkga\u013cai, m\u0101jputnu ga\u013cai un ziv\u012bm.<\/p>\n<p>Apvienojot to ar Honey Hog BBQ, ieg\u016bstiet \"n\u0101v\u0113jo\u0161u\" ribi\u0146u kombin\u0101ciju, kas g\u016bs pan\u0101kumus BBQ konkursos vis\u0101 pasaul\u0113.<\/p>\n<p>Honey Hog HOT ir fantastisks ar\u012b vistas sp\u0101rni\u0146os.<\/p>\n<p><img loading=\"lazy\" decoding=\"async\" class=\"wp-image-1702\" src=\"https:\/\/tammetorubbq.ee\/wp-content\/uploads\/2024\/02\/Meat-Church-logo-scaled-300x300.webp\" alt=\"Ga\u013cas bazn\u012bcas logotips\" width=\"178\" height=\"178\" srcset=\"https:\/\/tammetorubbq.ee\/wp-content\/uploads\/2024\/02\/Meat-Church-logo-scaled-300x300.webp 300w, https:\/\/tammetorubbq.ee\/wp-content\/uploads\/2024\/02\/Meat-Church-logo-scaled-1024x1024.webp 1024w, https:\/\/tammetorubbq.ee\/wp-content\/uploads\/2024\/02\/Meat-Church-logo-scaled-150x150.webp 150w, https:\/\/tammetorubbq.ee\/wp-content\/uploads\/2024\/02\/Meat-Church-logo-scaled-768x768.webp 768w, https:\/\/tammetorubbq.ee\/wp-content\/uploads\/2024\/02\/Meat-Church-logo-scaled-1536x1536.webp 1536w, https:\/\/tammetorubbq.ee\/wp-content\/uploads\/2024\/02\/Meat-Church-logo-scaled-2048x2048.webp 2048w, https:\/\/tammetorubbq.ee\/wp-content\/uploads\/2024\/02\/Meat-Church-logo-scaled-12x12.webp 12w, https:\/\/tammetorubbq.ee\/wp-content\/uploads\/2024\/02\/Meat-Church-logo-scaled-600x600.webp 600w, https:\/\/tammetorubbq.ee\/wp-content\/uploads\/2024\/02\/Meat-Church-logo-scaled-64x64.webp 64w\" sizes=\"auto, (max-width: 178px) 100vw, 178px\" \/><\/p>","protected":false},"featured_media":1329,"comment_status":"open","ping_status":"closed","template":"","meta":{"_uf_show_specific_survey":0,"_uf_disable_surveys":false},"pwb-brand":[96],"product_brand":[],"product_cat":[21],"product_tag":[159,166,114],"class_list":{"0":"post-1342","1":"product","2":"type-product","3":"status-publish","4":"has-post-thumbnail","6":"pwb-brand-meat-church","7":"product_cat-maitseainesegud","8":"product_tag-kanatiivad","9":"product_tag-rebitudliha","10":"product_tag-sealiha","12":"first","13":"instock","14":"taxable","15":"shipping-taxable","16":"purchasable","17":"product-type-simple"},"brands":[{"id":96,"name":"Ga\u013cas bazn\u012bca","slug":"meat-church"}],"_links":{"self":[{"href":"https:\/\/tammetorubbq.ee\/lv\/wp-json\/wp\/v2\/product\/1342","targetHints":{"allow":["GET"]}}],"collection":[{"href":"https:\/\/tammetorubbq.ee\/lv\/wp-json\/wp\/v2\/product"}],"about":[{"href":"https:\/\/tammetorubbq.ee\/lv\/wp-json\/wp\/v2\/types\/product"}],"replies":[{"embeddable":true,"href":"https:\/\/tammetorubbq.ee\/lv\/wp-json\/wp\/v2\/comments?post=1342"}],"wp:featuredmedia":[{"embeddable":true,"href":"https:\/\/tammetorubbq.ee\/lv\/wp-json\/wp\/v2\/media\/1329"}],"wp:attachment":[{"href":"https:\/\/tammetorubbq.ee\/lv\/wp-json\/wp\/v2\/media?parent=1342"}],"wp:term":[{"taxonomy":"pwb-brand","embeddable":true,"href":"https:\/\/tammetorubbq.ee\/lv\/wp-json\/wp\/v2\/pwb-brand?post=1342"},{"taxonomy":"product_brand","embeddable":true,"href":"https:\/\/tammetorubbq.ee\/lv\/wp-json\/wp\/v2\/product_brand?post=1342"},{"taxonomy":"product_cat","embeddable":true,"href":"https:\/\/tammetorubbq.ee\/lv\/wp-json\/wp\/v2\/product_cat?post=1342"},{"taxonomy":"product_tag","embeddable":true,"href":"https:\/\/tammetorubbq.ee\/lv\/wp-json\/wp\/v2\/product_tag?post=1342"}],"curies":[{"name":"wp","href":"https:\/\/api.w.org\/{rel}","templated":true}]}}