{"id":1343,"date":"2024-02-21T21:40:06","date_gmt":"2024-02-21T19:40:06","guid":{"rendered":"https:\/\/tammetorubbq.ee\/?post_type=product&#038;p=1343"},"modified":"2026-04-15T01:00:18","modified_gmt":"2026-04-14T22:00:18","slug":"galas-baznica-deez-rieksti-medus-pekanrieksti-397g","status":"publish","type":"product","link":"https:\/\/tammetorubbq.ee\/lv\/product-2\/galas-baznica-deez-rieksti-medus-pekanrieksti-397g\/","title":{"rendered":"Meat Church Deez Nuts (Medus pekanrieksti) iezie\u0161ana 397g"},"content":{"rendered":"<p>Sast\u0101vs: cukurs, s\u0101ls, medus pulveris (rafin\u0113ts s\u012brups, medus), gar\u0161vielas, ieskaitot cukuru, s\u0101li. Pipari, dekstroze, dehidr\u0113ti \u0137iploki, selerijas (ne vair\u0101k k\u0101 2%), pretsalipes sil\u012bcija dioks\u012bds, gar\u0161vielu ekstrakti un dabisk\u0101 pekanriekstu gar\u0161a.<\/p>\n<p>Bez lipek\u013ca.<\/p>\n<p>Produkts nesatur gar\u0161as pastiprin\u0101t\u0101ju MSG (<em>monon\u0101trija glutam\u0101ts<\/em>\u00a0vai n\u0101trija glutam\u0101ts (E621).<\/p>","protected":false},"excerpt":{"rendered":"<p>Ga\u013cas bazn\u012bca ir ieklaus\u012bjusies un rea\u0123\u0113jusi uz pat\u0113r\u0113t\u0101ju pras\u012bb\u0101m. Deez Nuts (Honey Pecan) gar\u0161vielu iedvesmoja Meat Church popul\u0101rais Honey Hog BBQ berz\u0113jums.<\/p>\n<p>Produkts ir izstr\u0101d\u0101ts kop\u0101 ar vair\u0101kiem lab\u0101kajiem pav\u0101riem, kuri eksperiment\u0113ja ar da\u017e\u0101d\u0101m pekanriekstu gar\u0161\u0101m.<\/p>\n<p>Meat Church Deez Nuts (Honey Pecan) sald\u0101 berz\u0113 ir lieliski piem\u0113rots c\u016bkga\u013cai, m\u0101jputniem un ziv\u012bm!<\/p>\n<p><img loading=\"lazy\" decoding=\"async\" class=\"wp-image-1702\" src=\"http:\/\/tammetorubbq.ee\/wp-content\/uploads\/2024\/02\/Meat-Church-logo-300x300.webp\" alt=\"Ga\u013cas bazn\u012bcas logotips\" width=\"167\" height=\"167\" \/><\/p>","protected":false},"featured_media":1321,"comment_status":"open","ping_status":"closed","template":"","meta":{"_uf_show_specific_survey":0,"_uf_disable_surveys":false},"pwb-brand":[],"product_brand":[],"product_cat":[21],"product_tag":[],"class_list":{"0":"post-1343","1":"product","2":"type-product","3":"status-publish","4":"has-post-thumbnail","6":"product_cat-maitseainesegud","8":"first","9":"outofstock","10":"taxable","11":"shipping-taxable","12":"purchasable","13":"product-type-simple"},"brands":[],"_links":{"self":[{"href":"https:\/\/tammetorubbq.ee\/lv\/wp-json\/wp\/v2\/product\/1343","targetHints":{"allow":["GET"]}}],"collection":[{"href":"https:\/\/tammetorubbq.ee\/lv\/wp-json\/wp\/v2\/product"}],"about":[{"href":"https:\/\/tammetorubbq.ee\/lv\/wp-json\/wp\/v2\/types\/product"}],"replies":[{"embeddable":true,"href":"https:\/\/tammetorubbq.ee\/lv\/wp-json\/wp\/v2\/comments?post=1343"}],"wp:featuredmedia":[{"embeddable":true,"href":"https:\/\/tammetorubbq.ee\/lv\/wp-json\/wp\/v2\/media\/1321"}],"wp:attachment":[{"href":"https:\/\/tammetorubbq.ee\/lv\/wp-json\/wp\/v2\/media?parent=1343"}],"wp:term":[{"taxonomy":"pwb-brand","embeddable":true,"href":"https:\/\/tammetorubbq.ee\/lv\/wp-json\/wp\/v2\/pwb-brand?post=1343"},{"taxonomy":"product_brand","embeddable":true,"href":"https:\/\/tammetorubbq.ee\/lv\/wp-json\/wp\/v2\/product_brand?post=1343"},{"taxonomy":"product_cat","embeddable":true,"href":"https:\/\/tammetorubbq.ee\/lv\/wp-json\/wp\/v2\/product_cat?post=1343"},{"taxonomy":"product_tag","embeddable":true,"href":"https:\/\/tammetorubbq.ee\/lv\/wp-json\/wp\/v2\/product_tag?post=1343"}],"curies":[{"name":"wp","href":"https:\/\/api.w.org\/{rel}","templated":true}]}}