{"id":1344,"date":"2024-02-21T21:48:07","date_gmt":"2024-02-21T19:48:07","guid":{"rendered":"https:\/\/tammetorubbq.ee\/?post_type=product&#038;p=1344"},"modified":"2026-04-14T22:00:32","modified_gmt":"2026-04-14T19:00:32","slug":"meat-church-medus-bekona-bbq-berzejums-397g","status":"publish","type":"product","link":"https:\/\/tammetorubbq.ee\/lv\/product-2\/meat-church-medus-bekona-bbq-berzejums-397g\/","title":{"rendered":"Meat Church Medus bekona sm\u0113r\u0113jums 397g"},"content":{"rendered":"<p>Sast\u0101vs:Cukurs, s\u0101ls, medus pulveris (rafin\u0113ts s\u012brups, medus), gar\u0161vielas, tostarp paprika, dekstroze, dehidr\u0113ti \u0137iploki, selerijas, dab\u012bgs aromatiz\u0113t\u0101js, l\u012bdz 2% sil\u012bcija dioks\u012bda (lai nov\u0113rstu salip\u0161anu) un gar\u0161vielu ekstrakti.<\/p>\n<p>Bez lipek\u013ca.<\/p>\n<p>Produkts nesatur gar\u0161as pastiprin\u0101t\u0101ju MSG (<em>monon\u0101trija glutam\u0101ts<\/em>\u00a0vai n\u0101trija glutam\u0101ts (E621).<\/p>","protected":false},"excerpt":{"rendered":"<p>Meat Church ir izmantojis savu \u013coti popul\u0101ro Honey Hog gar\u0161vielu un papildin\u0101jis to ar bekonu, jo. <strong>PEEKON PADARA VISU LAB\u0100KU!!!!<\/strong><\/p>\n<p>&nbsp;<\/p>\n<p><img loading=\"lazy\" decoding=\"async\" class=\"wp-image-1702\" src=\"http:\/\/tammetorubbq.ee\/wp-content\/uploads\/2024\/02\/Meat-Church-logo-scaled-300x300.webp\" alt=\"Ga\u013cas bazn\u012bcas logotips\" width=\"166\" height=\"166\" srcset=\"https:\/\/tammetorubbq.ee\/wp-content\/uploads\/2024\/02\/Meat-Church-logo-scaled-300x300.webp 300w, https:\/\/tammetorubbq.ee\/wp-content\/uploads\/2024\/02\/Meat-Church-logo-scaled-1024x1024.webp 1024w, https:\/\/tammetorubbq.ee\/wp-content\/uploads\/2024\/02\/Meat-Church-logo-scaled-150x150.webp 150w, https:\/\/tammetorubbq.ee\/wp-content\/uploads\/2024\/02\/Meat-Church-logo-scaled-768x768.webp 768w, https:\/\/tammetorubbq.ee\/wp-content\/uploads\/2024\/02\/Meat-Church-logo-scaled-1536x1536.webp 1536w, https:\/\/tammetorubbq.ee\/wp-content\/uploads\/2024\/02\/Meat-Church-logo-scaled-2048x2048.webp 2048w, https:\/\/tammetorubbq.ee\/wp-content\/uploads\/2024\/02\/Meat-Church-logo-scaled-12x12.webp 12w, https:\/\/tammetorubbq.ee\/wp-content\/uploads\/2024\/02\/Meat-Church-logo-scaled-600x600.webp 600w, https:\/\/tammetorubbq.ee\/wp-content\/uploads\/2024\/02\/Meat-Church-logo-scaled-64x64.webp 64w\" sizes=\"auto, (max-width: 166px) 100vw, 166px\" \/><\/p>","protected":false},"featured_media":1327,"comment_status":"open","ping_status":"closed","template":"","meta":{"_uf_show_specific_survey":0,"_uf_disable_surveys":false},"pwb-brand":[96],"product_brand":[],"product_cat":[21],"product_tag":[],"class_list":{"0":"post-1344","1":"product","2":"type-product","3":"status-publish","4":"has-post-thumbnail","6":"pwb-brand-meat-church","7":"product_cat-maitseainesegud","9":"first","10":"instock","11":"taxable","12":"shipping-taxable","13":"purchasable","14":"product-type-simple"},"brands":[{"id":96,"name":"Ga\u013cas bazn\u012bca","slug":"meat-church"}],"_links":{"self":[{"href":"https:\/\/tammetorubbq.ee\/lv\/wp-json\/wp\/v2\/product\/1344","targetHints":{"allow":["GET"]}}],"collection":[{"href":"https:\/\/tammetorubbq.ee\/lv\/wp-json\/wp\/v2\/product"}],"about":[{"href":"https:\/\/tammetorubbq.ee\/lv\/wp-json\/wp\/v2\/types\/product"}],"replies":[{"embeddable":true,"href":"https:\/\/tammetorubbq.ee\/lv\/wp-json\/wp\/v2\/comments?post=1344"}],"wp:featuredmedia":[{"embeddable":true,"href":"https:\/\/tammetorubbq.ee\/lv\/wp-json\/wp\/v2\/media\/1327"}],"wp:attachment":[{"href":"https:\/\/tammetorubbq.ee\/lv\/wp-json\/wp\/v2\/media?parent=1344"}],"wp:term":[{"taxonomy":"pwb-brand","embeddable":true,"href":"https:\/\/tammetorubbq.ee\/lv\/wp-json\/wp\/v2\/pwb-brand?post=1344"},{"taxonomy":"product_brand","embeddable":true,"href":"https:\/\/tammetorubbq.ee\/lv\/wp-json\/wp\/v2\/product_brand?post=1344"},{"taxonomy":"product_cat","embeddable":true,"href":"https:\/\/tammetorubbq.ee\/lv\/wp-json\/wp\/v2\/product_cat?post=1344"},{"taxonomy":"product_tag","embeddable":true,"href":"https:\/\/tammetorubbq.ee\/lv\/wp-json\/wp\/v2\/product_tag?post=1344"}],"curies":[{"name":"wp","href":"https:\/\/api.w.org\/{rel}","templated":true}]}}