{"id":1346,"date":"2024-02-21T22:13:10","date_gmt":"2024-02-21T20:13:10","guid":{"rendered":"https:\/\/tammetorubbq.ee\/?post_type=product&#038;p=1346"},"modified":"2026-05-07T19:00:14","modified_gmt":"2026-05-07T16:00:14","slug":"heath-riles-abolu-berzet-283g","status":"publish","type":"product","link":"https:\/\/tammetorubbq.ee\/lv\/toode\/heath-riles-apple-rub-283g\/","title":{"rendered":"Heath Riles \u0101bolu berz\u0113 283g"},"content":{"rendered":"<p>Sast\u0101vs: cukurs, br\u016bnais cukurs, paprika, s\u0101ls, gar\u0161vielas, n\u0101trija glutam\u0101ts, \u0137iploku pulveris, s\u012bpolu pulveris, dabisk\u0101 \u0101bolu gar\u0161a (maltodekstr\u012bns, ak\u0101ciju sve\u0137i), \u0101bolsk\u0101be, anato, dab\u012bg\u0101 aromatiz\u0113t\u0101ja, dab\u012bg\u0101 d\u016bmu gar\u0161a un maz\u0101k nek\u0101 2% trikalcija fosf\u0101ta (lai nov\u0113rstu sa\u0137ep\u0161anu).<\/p>","protected":false},"excerpt":{"rendered":"<p>H\u012bts Railzs ir v\u012brs, kur\u0161 ir izc\u012bn\u012bjis neskait\u0101mus titulus pasaules \u010dempion\u0101ta ribu kategorij\u0101.<\/p>\n<p>Apple Rub ir vislab\u0101k p\u0101rdotais Heath Riles gar\u0161vielu mais\u012bjums, kur\u0101 apvienots aug\u013cu saldums un pikants pikantums.<\/p>\n<p>Heath Riles Apple Rub ir lieliski piem\u0113rots c\u016bkga\u013cai, ribi\u0146\u0101m, vistas ga\u013cai vai ziv\u012bm.<\/p>\n<p>\u0160im produktam vajadz\u0113tu b\u016bt nopietna gril\u0113\u0161anas entuziasta izv\u0113l\u0113.<\/p>\n<p><img loading=\"lazy\" decoding=\"async\" class=\"wp-image-1567\" src=\"http:\/\/tammetorubbq.ee\/wp-content\/uploads\/2024\/03\/Heath_Riles_logo-300x300.webp\" alt=\"Heath_Riles_logo\" width=\"150\" height=\"150\" srcset=\"https:\/\/tammetorubbq.ee\/wp-content\/uploads\/2024\/03\/Heath_Riles_logo-300x300.webp 300w, https:\/\/tammetorubbq.ee\/wp-content\/uploads\/2024\/03\/Heath_Riles_logo-150x150.webp 150w, https:\/\/tammetorubbq.ee\/wp-content\/uploads\/2024\/03\/Heath_Riles_logo-12x12.webp 12w, https:\/\/tammetorubbq.ee\/wp-content\/uploads\/2024\/03\/Heath_Riles_logo-64x64.webp 64w, https:\/\/tammetorubbq.ee\/wp-content\/uploads\/2024\/03\/Heath_Riles_logo.webp 480w\" sizes=\"auto, (max-width: 150px) 100vw, 150px\" \/><\/p>","protected":false},"featured_media":1303,"comment_status":"open","ping_status":"closed","template":"","meta":{"_uf_show_specific_survey":0,"_uf_disable_surveys":false},"pwb-brand":[],"product_brand":[],"product_cat":[21],"product_tag":[347],"class_list":{"0":"post-1346","1":"product","2":"type-product","3":"status-publish","4":"has-post-thumbnail","6":"product_cat-maitseainesegud","7":"product_tag-heath-riles","9":"first","10":"instock","11":"taxable","12":"shipping-taxable","13":"purchasable","14":"product-type-simple"},"brands":[],"_links":{"self":[{"href":"https:\/\/tammetorubbq.ee\/lv\/wp-json\/wp\/v2\/product\/1346","targetHints":{"allow":["GET"]}}],"collection":[{"href":"https:\/\/tammetorubbq.ee\/lv\/wp-json\/wp\/v2\/product"}],"about":[{"href":"https:\/\/tammetorubbq.ee\/lv\/wp-json\/wp\/v2\/types\/product"}],"replies":[{"embeddable":true,"href":"https:\/\/tammetorubbq.ee\/lv\/wp-json\/wp\/v2\/comments?post=1346"}],"wp:featuredmedia":[{"embeddable":true,"href":"https:\/\/tammetorubbq.ee\/lv\/wp-json\/wp\/v2\/media\/1303"}],"wp:attachment":[{"href":"https:\/\/tammetorubbq.ee\/lv\/wp-json\/wp\/v2\/media?parent=1346"}],"wp:term":[{"taxonomy":"pwb-brand","embeddable":true,"href":"https:\/\/tammetorubbq.ee\/lv\/wp-json\/wp\/v2\/pwb-brand?post=1346"},{"taxonomy":"product_brand","embeddable":true,"href":"https:\/\/tammetorubbq.ee\/lv\/wp-json\/wp\/v2\/product_brand?post=1346"},{"taxonomy":"product_cat","embeddable":true,"href":"https:\/\/tammetorubbq.ee\/lv\/wp-json\/wp\/v2\/product_cat?post=1346"},{"taxonomy":"product_tag","embeddable":true,"href":"https:\/\/tammetorubbq.ee\/lv\/wp-json\/wp\/v2\/product_tag?post=1346"}],"curies":[{"name":"wp","href":"https:\/\/api.w.org\/{rel}","templated":true}]}}