{"id":1356,"date":"2024-02-21T22:49:49","date_gmt":"2024-02-21T20:49:49","guid":{"rendered":"https:\/\/tammetorubbq.ee\/?post_type=product&#038;p=1356"},"modified":"2026-04-29T22:00:01","modified_gmt":"2026-04-29T19:00:01","slug":"killer-hogs-bbq-berzet-397g","status":"publish","type":"product","link":"https:\/\/tammetorubbq.ee\/lv\/toode\/killer-hogs-the-bbq-rub-397g\/","title":{"rendered":"Killer Hogs THE BBQ Rub 397g"},"content":{"rendered":"<p>Sast\u0101vs: br\u016bnais cukurs, cukurs, paprika, s\u0101ls, gar\u0161vielas (sarkanie un melnie pipari), dehidr\u0113ti \u0137iploki, vaska piparu e\u013c\u013ca, \u017e\u0101v\u0113ta apels\u012bna mizi\u0146a, dab\u012bgs aromatiz\u0113t\u0101js un maz\u0101k nek\u0101 2% trikalcija fosf\u0101ta (pievienots, lai nov\u0113rstu sa\u0137ep\u0161anu).<\/p>\n<p>Killer Hogs produkti nesatur glut\u0113nu.<\/p>","protected":false},"excerpt":{"rendered":"<p>J\u016bs neuzvar\u0113siet BBQ \u010dempion\u0101t\u0101, ja neko nezin\u0101siet par ga\u013cas gar\u0161viel\u0101m!<\/p>\n<p>Malkolms R\u012bds (Malcolm Reed) kop\u0101 ar savu BBQ komandu Killer Hogs ir izveidoju\u0161i tie\u0161i jums dom\u0101tu gar\u0161u mais\u012bjumu \"THE BBQ RUB\", kur\u0101 ir viss - gar\u0161a, l\u012bdzsvars, saldums un, visbeidzot, pat\u012bkams \"sitiens\", kas maigi piesaista jau iepriek\u0161 izbaud\u012bt\u0101s lab\u0101s gar\u0161as un padara t\u0101s v\u0113l kompakt\u0101kas.<\/p>\n<p><span style=\"color: #0000ff;\"><strong>\u012asta BBQ b\u0101zes gar\u0161viela ar vis\u0101m trim \u012bpa\u0161\u012bb\u0101m: s\u0101\u013cumu, saldumu un pikantumu.<\/strong><\/span><\/p>\n<p>Piem\u0113rots jebkura veida c\u016bkga\u013cai.<\/p>\n<p><img loading=\"lazy\" decoding=\"async\" class=\"wp-image-2335\" src=\"http:\/\/tammetorubbq.ee\/wp-content\/uploads\/2024\/12\/Killer-Hogs-logo-300x300.webp\" alt=\"Killer hogs logo\" width=\"126\" height=\"126\" srcset=\"https:\/\/tammetorubbq.ee\/wp-content\/uploads\/2024\/12\/Killer-Hogs-logo-300x300.webp 300w, https:\/\/tammetorubbq.ee\/wp-content\/uploads\/2024\/12\/Killer-Hogs-logo-150x150.webp 150w, https:\/\/tammetorubbq.ee\/wp-content\/uploads\/2024\/12\/Killer-Hogs-logo-768x768.webp 768w, https:\/\/tammetorubbq.ee\/wp-content\/uploads\/2024\/12\/Killer-Hogs-logo-12x12.webp 12w, https:\/\/tammetorubbq.ee\/wp-content\/uploads\/2024\/12\/Killer-Hogs-logo-600x600.webp 600w, https:\/\/tammetorubbq.ee\/wp-content\/uploads\/2024\/12\/Killer-Hogs-logo-64x64.webp 64w, https:\/\/tammetorubbq.ee\/wp-content\/uploads\/2024\/12\/Killer-Hogs-logo.webp 800w\" sizes=\"auto, (max-width: 126px) 100vw, 126px\" \/><\/p>","protected":false},"featured_media":2343,"comment_status":"open","ping_status":"closed","template":"","meta":{"_uf_show_specific_survey":0,"_uf_disable_surveys":false},"pwb-brand":[103],"product_brand":[],"product_cat":[21],"product_tag":[],"class_list":{"0":"post-1356","1":"product","2":"type-product","3":"status-publish","4":"has-post-thumbnail","6":"pwb-brand-killer-hogs-bbq","7":"product_cat-maitseainesegud","9":"first","10":"outofstock","11":"taxable","12":"shipping-taxable","13":"purchasable","14":"product-type-simple"},"brands":[{"id":103,"name":"Killer Hogs BBQ","slug":"killer-hogs-bbq"}],"_links":{"self":[{"href":"https:\/\/tammetorubbq.ee\/lv\/wp-json\/wp\/v2\/product\/1356","targetHints":{"allow":["GET"]}}],"collection":[{"href":"https:\/\/tammetorubbq.ee\/lv\/wp-json\/wp\/v2\/product"}],"about":[{"href":"https:\/\/tammetorubbq.ee\/lv\/wp-json\/wp\/v2\/types\/product"}],"replies":[{"embeddable":true,"href":"https:\/\/tammetorubbq.ee\/lv\/wp-json\/wp\/v2\/comments?post=1356"}],"wp:featuredmedia":[{"embeddable":true,"href":"https:\/\/tammetorubbq.ee\/lv\/wp-json\/wp\/v2\/media\/2343"}],"wp:attachment":[{"href":"https:\/\/tammetorubbq.ee\/lv\/wp-json\/wp\/v2\/media?parent=1356"}],"wp:term":[{"taxonomy":"pwb-brand","embeddable":true,"href":"https:\/\/tammetorubbq.ee\/lv\/wp-json\/wp\/v2\/pwb-brand?post=1356"},{"taxonomy":"product_brand","embeddable":true,"href":"https:\/\/tammetorubbq.ee\/lv\/wp-json\/wp\/v2\/product_brand?post=1356"},{"taxonomy":"product_cat","embeddable":true,"href":"https:\/\/tammetorubbq.ee\/lv\/wp-json\/wp\/v2\/product_cat?post=1356"},{"taxonomy":"product_tag","embeddable":true,"href":"https:\/\/tammetorubbq.ee\/lv\/wp-json\/wp\/v2\/product_tag?post=1356"}],"curies":[{"name":"wp","href":"https:\/\/api.w.org\/{rel}","templated":true}]}}