{"id":1357,"date":"2024-02-21T23:02:27","date_gmt":"2024-02-21T21:02:27","guid":{"rendered":"https:\/\/tammetorubbq.ee\/?post_type=product&#038;p=1357"},"modified":"2026-04-26T19:00:13","modified_gmt":"2026-04-26T16:00:13","slug":"killer-hogs-bbq-pasta-454g","status":"publish","type":"product","link":"https:\/\/tammetorubbq.ee\/lv\/product-2\/killer-hogs-bbq-pasta-454g\/","title":{"rendered":"Killer Hogs THE BBQ m\u0113rce 454g"},"content":{"rendered":"<p>Sast\u0101vda\u013cas: (melase, kukur\u016bzas s\u012brups, karame\u013cu kr\u0101sviela, \u0137iploku pulveris, an\u0161ovi, tamarinda, dab\u012bgs aromatiz\u0113t\u0101js), tom\u0101tu pasta, kukur\u016bzas s\u012brups ar augstu fruktozes saturu, cukurs, destil\u0113ts eti\u0137is, s\u0101ls, modific\u0113ta kukur\u016bzas ciete, paprika, gar\u0161vielas (sarkanie un melnie pipari), \u0137iploku pulveris, ksant\u0101na sve\u0137i, n\u0101trija benzo\u0101ts, k\u0101lija sorb\u0101ts, vani\u013cas ekstrakts (vani\u013cas pupi\u0146u ekstrakts, etilspirts), ksant\u0101na sve\u0137i, s\u012bpolu pulveris un dabisk\u0101 aromatiz\u0113t\u0101ja (dekstroze).<\/p>\n<p>SATUR: AN\u0160OVUS (ZIVIS)<\/p>\n<p>Killer Hogs produkti nesatur glut\u0113nu.<\/p>","protected":false},"excerpt":{"rendered":"<p>BBQ m\u0113rces ir izstr\u0101d\u0101jis Malkolms R\u012bds (Malcolm Reed) un vi\u0146a Killer Hogs BBQ komanda, piedaloties konkursos, kuros vi\u0146i ir guvu\u0161i jaunas zin\u0101\u0161anas un idejas, un tagad t\u0101s ir pild\u012btas pudel\u0113s.<\/p>\n<p>Nepiecie\u0161ama lieliska BBQ m\u0113rce? L\u016bk, t\u0101 ir m\u0113rce, kas vienm\u0113r darbojas.<\/p>\n<p>&nbsp;<\/p>\n<p><img loading=\"lazy\" decoding=\"async\" class=\"wp-image-2335\" src=\"http:\/\/tammetorubbq.ee\/wp-content\/uploads\/2024\/12\/Killer-Hogs-logo-300x300.webp\" alt=\"Killer hogs logo\" width=\"137\" height=\"137\" srcset=\"https:\/\/tammetorubbq.ee\/wp-content\/uploads\/2024\/12\/Killer-Hogs-logo-300x300.webp 300w, https:\/\/tammetorubbq.ee\/wp-content\/uploads\/2024\/12\/Killer-Hogs-logo-150x150.webp 150w, https:\/\/tammetorubbq.ee\/wp-content\/uploads\/2024\/12\/Killer-Hogs-logo-768x768.webp 768w, https:\/\/tammetorubbq.ee\/wp-content\/uploads\/2024\/12\/Killer-Hogs-logo-12x12.webp 12w, https:\/\/tammetorubbq.ee\/wp-content\/uploads\/2024\/12\/Killer-Hogs-logo-600x600.webp 600w, https:\/\/tammetorubbq.ee\/wp-content\/uploads\/2024\/12\/Killer-Hogs-logo-64x64.webp 64w, https:\/\/tammetorubbq.ee\/wp-content\/uploads\/2024\/12\/Killer-Hogs-logo.webp 800w\" sizes=\"auto, (max-width: 137px) 100vw, 137px\" \/><\/p>","protected":false},"featured_media":2350,"comment_status":"open","ping_status":"closed","template":"","meta":{"_uf_show_specific_survey":0,"_uf_disable_surveys":false},"pwb-brand":[103],"product_brand":[],"product_cat":[22],"product_tag":[],"class_list":{"0":"post-1357","1":"product","2":"type-product","3":"status-publish","4":"has-post-thumbnail","6":"pwb-brand-killer-hogs-bbq","7":"product_cat-kastmed-ja-marinaadid","9":"first","10":"outofstock","11":"taxable","12":"shipping-taxable","13":"purchasable","14":"product-type-simple"},"brands":[{"id":103,"name":"Killer Hogs BBQ","slug":"killer-hogs-bbq"}],"_links":{"self":[{"href":"https:\/\/tammetorubbq.ee\/lv\/wp-json\/wp\/v2\/product\/1357","targetHints":{"allow":["GET"]}}],"collection":[{"href":"https:\/\/tammetorubbq.ee\/lv\/wp-json\/wp\/v2\/product"}],"about":[{"href":"https:\/\/tammetorubbq.ee\/lv\/wp-json\/wp\/v2\/types\/product"}],"replies":[{"embeddable":true,"href":"https:\/\/tammetorubbq.ee\/lv\/wp-json\/wp\/v2\/comments?post=1357"}],"wp:featuredmedia":[{"embeddable":true,"href":"https:\/\/tammetorubbq.ee\/lv\/wp-json\/wp\/v2\/media\/2350"}],"wp:attachment":[{"href":"https:\/\/tammetorubbq.ee\/lv\/wp-json\/wp\/v2\/media?parent=1357"}],"wp:term":[{"taxonomy":"pwb-brand","embeddable":true,"href":"https:\/\/tammetorubbq.ee\/lv\/wp-json\/wp\/v2\/pwb-brand?post=1357"},{"taxonomy":"product_brand","embeddable":true,"href":"https:\/\/tammetorubbq.ee\/lv\/wp-json\/wp\/v2\/product_brand?post=1357"},{"taxonomy":"product_cat","embeddable":true,"href":"https:\/\/tammetorubbq.ee\/lv\/wp-json\/wp\/v2\/product_cat?post=1357"},{"taxonomy":"product_tag","embeddable":true,"href":"https:\/\/tammetorubbq.ee\/lv\/wp-json\/wp\/v2\/product_tag?post=1357"}],"curies":[{"name":"wp","href":"https:\/\/api.w.org\/{rel}","templated":true}]}}