{"id":1361,"date":"2024-02-23T16:11:52","date_gmt":"2024-02-23T14:11:52","guid":{"rendered":"https:\/\/tammetorubbq.ee\/?post_type=product&#038;p=1361"},"modified":"2026-04-27T00:00:14","modified_gmt":"2026-04-26T21:00:14","slug":"marienburg-lielas-ietilpibas-grili-alksnis-65kg-50l","status":"publish","type":"product","link":"https:\/\/tammetorubbq.ee\/lv\/product-2\/marienburg-lielas-ietilpibas-grili-alksnis-65kg-50l\/","title":{"rendered":"Marienburg liela cikliska kokogles (alksnis) 6,5kg \/ 50L"},"content":{"rendered":"<p>CAL 6,5 kg<\/p>\n<p>Iepakojuma izm\u0113ri 30 \u00d7 40 \u00d7 80 cm<\/p>","protected":false},"excerpt":{"rendered":"<p>Liela apjoma, restor\u0101nu kvalit\u0101tes, organisk\u0101 kokogles, kas ra\u017eotas tikai no dabiski kalt\u0113tas koksnes.<\/p>\n<p>100% nesatur \u0137\u012bmiskas vielas un ir ra\u017eots videi draudz\u012bg\u0101 veid\u0101.<\/p>","protected":false},"featured_media":1362,"comment_status":"open","ping_status":"closed","template":"","meta":{"_uf_show_specific_survey":0,"_uf_disable_surveys":false},"pwb-brand":[73],"product_brand":[],"product_cat":[28,58],"product_tag":[130,150],"class_list":{"0":"post-1361","1":"product","2":"type-product","3":"status-publish","4":"has-post-thumbnail","6":"pwb-brand-marienburg","7":"product_cat-grillsusi","8":"product_cat-grillssusi","9":"product_tag-grillsusi","10":"product_tag-marienburg","12":"first","13":"instock","14":"taxable","15":"shipping-taxable","16":"purchasable","17":"product-type-simple"},"brands":[{"id":73,"name":"Marienburg","slug":"marienburg"}],"_links":{"self":[{"href":"https:\/\/tammetorubbq.ee\/lv\/wp-json\/wp\/v2\/product\/1361","targetHints":{"allow":["GET"]}}],"collection":[{"href":"https:\/\/tammetorubbq.ee\/lv\/wp-json\/wp\/v2\/product"}],"about":[{"href":"https:\/\/tammetorubbq.ee\/lv\/wp-json\/wp\/v2\/types\/product"}],"replies":[{"embeddable":true,"href":"https:\/\/tammetorubbq.ee\/lv\/wp-json\/wp\/v2\/comments?post=1361"}],"wp:featuredmedia":[{"embeddable":true,"href":"https:\/\/tammetorubbq.ee\/lv\/wp-json\/wp\/v2\/media\/1362"}],"wp:attachment":[{"href":"https:\/\/tammetorubbq.ee\/lv\/wp-json\/wp\/v2\/media?parent=1361"}],"wp:term":[{"taxonomy":"pwb-brand","embeddable":true,"href":"https:\/\/tammetorubbq.ee\/lv\/wp-json\/wp\/v2\/pwb-brand?post=1361"},{"taxonomy":"product_brand","embeddable":true,"href":"https:\/\/tammetorubbq.ee\/lv\/wp-json\/wp\/v2\/product_brand?post=1361"},{"taxonomy":"product_cat","embeddable":true,"href":"https:\/\/tammetorubbq.ee\/lv\/wp-json\/wp\/v2\/product_cat?post=1361"},{"taxonomy":"product_tag","embeddable":true,"href":"https:\/\/tammetorubbq.ee\/lv\/wp-json\/wp\/v2\/product_tag?post=1361"}],"curies":[{"name":"wp","href":"https:\/\/api.w.org\/{rel}","templated":true}]}}