{"id":1365,"date":"2024-02-23T16:54:02","date_gmt":"2024-02-23T14:54:02","guid":{"rendered":"https:\/\/tammetorubbq.ee\/?post_type=product&#038;p=1365"},"modified":"2026-04-19T23:00:29","modified_gmt":"2026-04-19T20:00:29","slug":"proq-excel-tuneldumkanna-50-cm-versija-4-0","status":"publish","type":"product","link":"https:\/\/tammetorubbq.ee\/lv\/product-2\/proq-excel-tuneldumkanna-50-cm-versija-4-0\/","title":{"rendered":"ProQ Excel d\u016bmkanna (50 cm), versija 4.0"},"content":{"rendered":"<p>&nbsp;<\/p>\n<ul>\n<li>Ar \u0161o \u013coti daudzpus\u012bgo BBQ k\u016bpin\u0101tavu muc\u0101 varat gril\u0113t, cept vai k\u016bpin\u0101t \u0113dienu.<\/li>\n<li>\u0160\u012b ir ide\u0101la BBQ cepe\u0161kr\u0101sns tiem, kas uzs\u0101k darbu vai mekl\u0113 uzticamu ikdienas grila \/ BBQ cepe\u0161kr\u0101sni.<\/li>\n<li>Ieb\u016bv\u0113tais v\u0101ka temperat\u016bras m\u0113r\u012bt\u0101js un vair\u0101ki ventil\u0101cijas caurumi \u013cauj viegli kontrol\u0113t temperat\u016bru.<\/li>\n<li>Ide\u0101ls izm\u0113rs \u0123imen\u0113m un gril\u0113\u0161anas svin\u012bb\u0101m! T\u0101 lieliski noder ar\u012b k\u0101 p\u0101rn\u0113s\u0101jams grils pludmal\u0113, jo \u0161\u012bs kr\u0101sns plaukti ir p\u0101rn\u0113s\u0101jami - to var izveidot tie\u0161i tik lielu, cik v\u0113laties.<\/li>\n<li>Ir pieejams pla\u0161s piederumu kl\u0101sts, lai padar\u012btu j\u016bsu grilu v\u0113l daudzpus\u012bg\u0101ku.<\/li>\n<li>Izgatavots no augst\u0101k\u0101s kvalit\u0101tes materi\u0101liem: t\u0113rauda korpuss p\u0101rkl\u0101ts ar iztur\u012bgu porcel\u0101nu.<\/li>\n<li>Produkts kalpo daudzus gadus, un tam ir ar\u012b ierobe\u017eota 10 gadu garantija.<\/li>\n<li>Visi savienot\u0101jelementi - s\u0101nu rokturi, skavas, uzgrie\u017e\u0146i un skr\u016bves - ir izgatavoti no ner\u016bs\u0113jo\u0161\u0101 t\u0113rauda, kas ir iztur\u012bgs pret r\u016bsu, ieskaitot grila re\u017e\u0123us.<\/li>\n<li>Par papildu naudu var ieg\u0101d\u0101ties papildu st\u0101vus (sk.\u00a0<em>Iekr\u0101v\u0113ja<\/em>), kas ietver ar\u012b b\u0101rbekj\u016b p\u0101rpalikumus.<\/li>\n<\/ul>","protected":false},"excerpt":{"rendered":"<p>Excel mucas k\u016bpin\u0101t\u0101js ir ProQ liel\u0101kais BBQ k\u016bpin\u0101t\u0101js, kas vienlaikus sp\u0113j pagatavot l\u012bdz 30 kg.<\/p>\n<p>Excel ir iecien\u012bju\u0161i profesion\u0101li pav\u0101ri un lab\u0101k\u0101s gril\u0113\u0161anas sacens\u012bbu komandas vis\u0101 pasaul\u0113, un tas ir iemantojis reput\u0101ciju k\u0101 uzticams, kvalitat\u012bvs un gar\u0161\u012bgs kulin\u0101rijas produkts.<\/p>\n<p>&nbsp;<\/p>","protected":false},"featured_media":1369,"comment_status":"open","ping_status":"closed","template":"","meta":{"_uf_show_specific_survey":0,"_uf_disable_surveys":false},"pwb-brand":[75],"product_brand":[],"product_cat":[57,53],"product_tag":[146,76],"class_list":{"0":"post-1365","1":"product","2":"type-product","3":"status-publish","4":"has-post-thumbnail","6":"pwb-brand-proq","7":"product_cat-bbq-suitsuahjud","8":"product_cat-grillid","9":"product_tag-proq","10":"product_tag-suitsuahi","12":"first","13":"instock","14":"taxable","15":"shipping-taxable","16":"purchasable","17":"product-type-simple"},"brands":[{"id":75,"name":"ProQ","slug":"proq"}],"_links":{"self":[{"href":"https:\/\/tammetorubbq.ee\/lv\/wp-json\/wp\/v2\/product\/1365","targetHints":{"allow":["GET"]}}],"collection":[{"href":"https:\/\/tammetorubbq.ee\/lv\/wp-json\/wp\/v2\/product"}],"about":[{"href":"https:\/\/tammetorubbq.ee\/lv\/wp-json\/wp\/v2\/types\/product"}],"replies":[{"embeddable":true,"href":"https:\/\/tammetorubbq.ee\/lv\/wp-json\/wp\/v2\/comments?post=1365"}],"wp:featuredmedia":[{"embeddable":true,"href":"https:\/\/tammetorubbq.ee\/lv\/wp-json\/wp\/v2\/media\/1369"}],"wp:attachment":[{"href":"https:\/\/tammetorubbq.ee\/lv\/wp-json\/wp\/v2\/media?parent=1365"}],"wp:term":[{"taxonomy":"pwb-brand","embeddable":true,"href":"https:\/\/tammetorubbq.ee\/lv\/wp-json\/wp\/v2\/pwb-brand?post=1365"},{"taxonomy":"product_brand","embeddable":true,"href":"https:\/\/tammetorubbq.ee\/lv\/wp-json\/wp\/v2\/product_brand?post=1365"},{"taxonomy":"product_cat","embeddable":true,"href":"https:\/\/tammetorubbq.ee\/lv\/wp-json\/wp\/v2\/product_cat?post=1365"},{"taxonomy":"product_tag","embeddable":true,"href":"https:\/\/tammetorubbq.ee\/lv\/wp-json\/wp\/v2\/product_tag?post=1365"}],"curies":[{"name":"wp","href":"https:\/\/api.w.org\/{rel}","templated":true}]}}