{"id":1376,"date":"2024-03-01T11:25:44","date_gmt":"2024-03-01T09:25:44","guid":{"rendered":"https:\/\/tammetorubbq.ee\/?post_type=product&#038;p=1376"},"modified":"2026-04-29T23:00:34","modified_gmt":"2026-04-29T20:00:34","slug":"proq-testa-starteris-nerusejosais-terauds","status":"publish","type":"product","link":"https:\/\/tammetorubbq.ee\/lv\/toode\/proq-sutestarter-roostevabast-terasest\/","title":{"rendered":"ProQ ner\u016bs\u0113jo\u0161\u0101 t\u0113rauda sirds starteris"},"content":{"rendered":"<ul>\n<li>ProQ kokog\u013cu dedzin\u0101t\u0101js ir lielisks l\u012bdzeklis kokog\u013cu aizdedzin\u0101\u0161anai UFO gril\u0101 vai cit\u0101 parast\u0101 kokog\u013cu gril\u0101. Nodro\u0161ina \u0101tr\u0101ku kokog\u013cu aizdeg\u0161anos.<\/li>\n<li>Sp\u0113c\u012bgs, iztur\u012bgs un \u013coti viegli lietojams. Unik\u0101la un ergonomiska divu rokturu sist\u0113ma, kas atvieglo karsto og\u013cu iepild\u012b\u0161anu.<\/li>\n<li>Ogles var aizdegt ar av\u012bzes gabali\u0146u, s\u0113rkoci\u0146iem vai taml\u012bdz\u012bgi. Iek\u0161\u0113j\u0101 konusa sist\u0113ma nodro\u0161ina lielu gaisa pl\u016bsmu uz uguni un pa\u0101trina aizdeg\u0161an\u0101s laiku.<\/li>\n<li>\u012apa\u0161s siltuma vairogs, kas aizsarg\u0101 rokas.<\/li>\n<li>Konstrukcija: 1,5 mm ner\u016bs\u0113jo\u0161ais t\u0113rauds (t. i., \u012bpa\u0161i biezs un iztur\u012bgs!), karstumiztur\u012bgi plastmasas rokturi.<\/li>\n<li>Izm\u0113ri: 190 x 290 x 320 mm (diametrs 190 mm), svars 2,7 kg.<\/li>\n<\/ul>\n<p>5 gadu garantija<\/p>\n<p>&nbsp;<\/p>","protected":false},"excerpt":{"rendered":"<p>ProQ ner\u016bs\u0113jo\u0161ais t\u0113rauds <a href=\"https:\/\/tammetorubbq.ee\/lv\/kategorija\/barbekju\/barbekju-susi\/\">cepam\u0101 e\u013c\u013ca<\/a> starteris, kas b\u016bs lielisks pal\u012bgs ikvienam gril\u0113\u0161anas cien\u012bt\u0101jam - to ir viegli lietot, aizdedzin\u0101t uguni, un kokogles iedegsies vienm\u0113r\u012bgi un \u0101tri.<\/p>\n<p>&nbsp;<\/p>","protected":false},"featured_media":1377,"comment_status":"open","ping_status":"closed","template":"","meta":{"_uf_show_specific_survey":0,"_uf_disable_surveys":false},"pwb-brand":[75],"product_brand":[],"product_cat":[28,30],"product_tag":[134,130,129],"class_list":{"0":"post-1376","1":"product","2":"type-product","3":"status-publish","4":"has-post-thumbnail","6":"pwb-brand-proq","7":"product_cat-grillsusi","8":"product_cat-grillimise-tarvikud","9":"product_tag-grillimise-tarvikud","10":"product_tag-grillsusi","11":"product_tag-sutestarter","13":"first","14":"instock","15":"taxable","16":"shipping-taxable","17":"purchasable","18":"product-type-simple"},"brands":[{"id":75,"name":"ProQ","slug":"proq"}],"_links":{"self":[{"href":"https:\/\/tammetorubbq.ee\/lv\/wp-json\/wp\/v2\/product\/1376","targetHints":{"allow":["GET"]}}],"collection":[{"href":"https:\/\/tammetorubbq.ee\/lv\/wp-json\/wp\/v2\/product"}],"about":[{"href":"https:\/\/tammetorubbq.ee\/lv\/wp-json\/wp\/v2\/types\/product"}],"replies":[{"embeddable":true,"href":"https:\/\/tammetorubbq.ee\/lv\/wp-json\/wp\/v2\/comments?post=1376"}],"wp:featuredmedia":[{"embeddable":true,"href":"https:\/\/tammetorubbq.ee\/lv\/wp-json\/wp\/v2\/media\/1377"}],"wp:attachment":[{"href":"https:\/\/tammetorubbq.ee\/lv\/wp-json\/wp\/v2\/media?parent=1376"}],"wp:term":[{"taxonomy":"pwb-brand","embeddable":true,"href":"https:\/\/tammetorubbq.ee\/lv\/wp-json\/wp\/v2\/pwb-brand?post=1376"},{"taxonomy":"product_brand","embeddable":true,"href":"https:\/\/tammetorubbq.ee\/lv\/wp-json\/wp\/v2\/product_brand?post=1376"},{"taxonomy":"product_cat","embeddable":true,"href":"https:\/\/tammetorubbq.ee\/lv\/wp-json\/wp\/v2\/product_cat?post=1376"},{"taxonomy":"product_tag","embeddable":true,"href":"https:\/\/tammetorubbq.ee\/lv\/wp-json\/wp\/v2\/product_tag?post=1376"}],"curies":[{"name":"wp","href":"https:\/\/api.w.org\/{rel}","templated":true}]}}