{"id":1384,"date":"2024-03-04T12:26:35","date_gmt":"2024-03-04T10:26:35","guid":{"rendered":"https:\/\/tammetorubbq.ee\/?post_type=product&#038;p=1384"},"modified":"2026-04-05T21:00:36","modified_gmt":"2026-04-05T18:00:36","slug":"liellopu-galas-isas-ribas-irija","status":"publish","type":"product","link":"https:\/\/tammetorubbq.ee\/lv\/product-2\/liellopu-galas-isas-ribas-irija\/","title":{"rendered":"Liellopu ga\u013cas \u012bsi ribi\u0146as ~2,3kg (IRL)"},"content":{"rendered":"<ul>\n<li>Biolo\u0123iski audz\u0113ta liellopu ga\u013ca bez antibiotik\u0101m.<\/li>\n<li><span class=\"label\">Bar\u012bba - <\/span><span class=\"data\">rohi.<\/span><\/li>\n<li>Vakuumiepakojums.<\/li>\n<li>Glab\u0101 ledusskap\u012b (glab\u0101\u0161anas temperat\u016bra 0 + 2\u00b0C).<\/li>\n<li>Vienas sloksnes svars ir 1,5-2,3 kg.<\/li>\n<li>Lielapjoma iepakojums ~ 9 kg (~ 5 rievotas loksnes).<\/li>\n<li>Izcelsmes valsts IRELAND.<\/li>\n<\/ul>\n<p>&nbsp;<\/p>\n<p>Produktu nevar nos\u016bt\u012bt ar pakom\u0101tu vai kurjeru.<\/p>\n<p>Pas\u016bt\u012bjumu var sa\u0146emt p\u0113c iepriek\u0161\u0113jas vieno\u0161an\u0101s: P\u00e4rnu mnt. 232, Tallina.<\/p>\n<p>Rakstiet mums\u00a0<a href=\"https:\/\/tammetorubbq.ee\/lv\/product-2\/swift-swifta-sariba-st-louise-usa\/info%40tammetorubbq.ee\/\">info@tammetorubbq.ee<\/a>\u00a0vai zvaniet\u00a0<a href=\"http:\/\/+372%2056%20888%20638\/\" target=\"_blank\" rel=\"noopener\">+372 56 888 638<\/a><\/p>","protected":false},"excerpt":{"rendered":"<p>Augst\u0101k\u0101 labuma, ar z\u0101li barotu liellopu ga\u013cas ribi\u0146u ga\u013ca.<\/p>\n<p>Ide\u0101li piem\u0113rots zema un l\u0113na gril\u0113\u0161anas vai BBQ.<\/p>\n<p>\u012as\u0101s ribi\u0146as ieg\u016bst no ribu da\u013cas, kur\u0101 ir tr\u012bs l\u012bdz \u010detras ribas. Atkar\u012bb\u0101 no griezuma vietas to biezums var b\u016bt no 5 l\u012bdz 15 cm, un tajos ir ga\u013ca, kas savijas ar musku\u013ciem, taukiem un c\u012bpsl\u0101m, pie\u0161\u0137irot tiem izcilu un sp\u0113c\u012bgu ga\u013cas gar\u0161u.<\/p>\n<p>Pareizi pagatavots, \u0161is gabals ir \u013coti maigs un sul\u012bgs.<\/p>\n<p>&nbsp;<\/p>\n<p>Vid\u0113jais vienas rievotas pl\u0101ksnes svars ir ~ 2,0 kg.<\/p>\n<p>Nevilcinieties l\u016bgt \u012bpa\u0161u cenu liel\u0101kam daudzumam.<\/p>\n<p>Produkts tiek p\u0101rdots p\u0113c svara. Prec\u012bza cena tiks apr\u0113\u0137in\u0101ta p\u0113c produkta nosv\u0113r\u0161anas.<\/p>\n<p><strong>Produkts ir pieejams iepriek\u0161\u0113jam pas\u016bt\u012bjumam.\u00a0<\/strong><\/p>\n<p>T\u0101 k\u0101 \u0161is ir sv\u0113r\u0161anas produkts, nav iesp\u0113jams veikt pas\u016bt\u012bjumu tie\u0161saistes veikal\u0101.<\/p>\n<p>Lai pas\u016bt\u012btu, l\u016bdzu, rakstiet uz \u0161\u0101du adresi <a href=\"\/lv\/info@tammetorubbq.ee\/\">info@tammetorubbq.ee<\/a> vai zvaniet <a href=\"http:\/\/+372 56 888 638\">+372 56 888 638<\/a><\/p>\n<p>&nbsp;<\/p>","protected":false},"featured_media":1397,"comment_status":"open","ping_status":"closed","template":"","meta":{"_uf_show_specific_survey":0,"_uf_disable_surveys":false},"pwb-brand":[],"product_brand":[],"product_cat":[71],"product_tag":[],"class_list":{"0":"post-1384","1":"product","2":"type-product","3":"status-publish","4":"has-post-thumbnail","6":"product_cat-liha","8":"first","9":"outofstock","10":"taxable","11":"shipping-taxable","12":"purchasable","13":"product-type-simple"},"brands":[],"_links":{"self":[{"href":"https:\/\/tammetorubbq.ee\/lv\/wp-json\/wp\/v2\/product\/1384","targetHints":{"allow":["GET"]}}],"collection":[{"href":"https:\/\/tammetorubbq.ee\/lv\/wp-json\/wp\/v2\/product"}],"about":[{"href":"https:\/\/tammetorubbq.ee\/lv\/wp-json\/wp\/v2\/types\/product"}],"replies":[{"embeddable":true,"href":"https:\/\/tammetorubbq.ee\/lv\/wp-json\/wp\/v2\/comments?post=1384"}],"wp:featuredmedia":[{"embeddable":true,"href":"https:\/\/tammetorubbq.ee\/lv\/wp-json\/wp\/v2\/media\/1397"}],"wp:attachment":[{"href":"https:\/\/tammetorubbq.ee\/lv\/wp-json\/wp\/v2\/media?parent=1384"}],"wp:term":[{"taxonomy":"pwb-brand","embeddable":true,"href":"https:\/\/tammetorubbq.ee\/lv\/wp-json\/wp\/v2\/pwb-brand?post=1384"},{"taxonomy":"product_brand","embeddable":true,"href":"https:\/\/tammetorubbq.ee\/lv\/wp-json\/wp\/v2\/product_brand?post=1384"},{"taxonomy":"product_cat","embeddable":true,"href":"https:\/\/tammetorubbq.ee\/lv\/wp-json\/wp\/v2\/product_cat?post=1384"},{"taxonomy":"product_tag","embeddable":true,"href":"https:\/\/tammetorubbq.ee\/lv\/wp-json\/wp\/v2\/product_tag?post=1384"}],"curies":[{"name":"wp","href":"https:\/\/api.w.org\/{rel}","templated":true}]}}