{"id":1398,"date":"2024-03-04T21:21:33","date_gmt":"2024-03-04T19:21:33","guid":{"rendered":"https:\/\/tammetorubbq.ee\/?post_type=product&#038;p=1398"},"modified":"2026-04-26T21:00:01","modified_gmt":"2026-04-26T18:00:01","slug":"castor","status":"publish","type":"product","link":"https:\/\/tammetorubbq.ee\/lv\/product-2\/castor\/","title":{"rendered":"Griez\u0113jd\u0113lis no ozola 50x30x3cm"},"content":{"rendered":"<p>\u0100r\u0113jie izm\u0113ri: 30 cm x 50 cm.<\/p>\n<p>Grie\u0161anas d\u0113\u013ca biezums: 4 cm.<\/p>\n<p>Materi\u0101ls: ozols<\/p>\n<p>Aizsardz\u012bba: Osmo grie\u0161anas d\u0113\u013cu e\u013c\u013cas vasks (kods 3099).<\/p>\n<p>&nbsp;<\/p>\n<p>Vismaz da\u017eas reizes gad\u0101 m\u0113s iesak\u0101m apstr\u0101d\u0101t grie\u0161anas d\u0113l\u012b\u0161a virsmu ar Osmo grie\u0161anas d\u0113l\u012b\u0161a e\u013c\u013cu atkar\u012bb\u0101 no lieto\u0161anas intensit\u0101tes.<\/p>\n<p>Pirms e\u013c\u013co\u0161anas galds ir j\u0101nomazg\u0101 un r\u016bp\u012bgi j\u0101iz\u017e\u0101v\u0113. Lai nov\u0113rstu galda deform\u0113\u0161anos, vienm\u0113r e\u013c\u013cojiet abas galda puses. P\u0113c mazg\u0101\u0161anas vai e\u013c\u013co\u0161anas novietojiet grie\u0161anas galdu \u017e\u0101v\u0113\u0161anas poz\u012bcij\u0101, lai ab\u0101s pus\u0113s b\u016btu gaiss un galds vienm\u0113r\u012bgi iz\u017e\u016btu.  Tas nov\u0113r\u0161 grie\u0161anas d\u0113l\u012b\u0161a deform\u0113\u0161anos.<\/p>\n<p><strong>To nav iesp\u0113jams mazg\u0101t ve\u013casma\u0161\u012bn\u0101!<\/strong><\/p>","protected":false},"excerpt":{"rendered":"<p>Ar rok\u0101m darin\u0101ts, praktisks un iztur\u012bgs ozolkoka grie\u0161anas d\u0113l\u012btis ar virsmu, kas sp\u0113j iztur\u0113t \u0161\u0137eldo\u0161anu un grie\u0161anu, un, pien\u0101c\u012bgi kopjot, ilgi saglab\u0101sies skaists.<\/p>\n<p>P\u013cau\u0161anas d\u0113l\u012btim ir rieva ga\u013cas sul\u0101m, lai nov\u0113rstu sulu p\u0101rpl\u016b\u0161anu, un \u0113rtas \"pirkstu uzga\u013ci\" galos, kas atvieglo grie\u0161anas d\u0113l\u012b\u0161a p\u0101rvieto\u0161anu.<\/p>\n<p>&nbsp;<\/p>\n<p>Piem\u0113rots gardu ga\u013cas \u0113dienu sagrie\u0161anai \u0161\u0137\u0113l\u0113s, k\u0101 ar\u012b pasnieg\u0161anai.<\/p>","protected":false},"featured_media":1399,"comment_status":"open","ping_status":"closed","template":"","meta":{"_uf_show_specific_survey":0,"_uf_disable_surveys":false},"pwb-brand":[],"product_brand":[],"product_cat":[30],"product_tag":[],"class_list":{"0":"post-1398","1":"product","2":"type-product","3":"status-publish","4":"has-post-thumbnail","6":"product_cat-grillimise-tarvikud","8":"first","9":"outofstock","10":"taxable","11":"shipping-taxable","12":"purchasable","13":"product-type-simple"},"brands":[],"_links":{"self":[{"href":"https:\/\/tammetorubbq.ee\/lv\/wp-json\/wp\/v2\/product\/1398","targetHints":{"allow":["GET"]}}],"collection":[{"href":"https:\/\/tammetorubbq.ee\/lv\/wp-json\/wp\/v2\/product"}],"about":[{"href":"https:\/\/tammetorubbq.ee\/lv\/wp-json\/wp\/v2\/types\/product"}],"replies":[{"embeddable":true,"href":"https:\/\/tammetorubbq.ee\/lv\/wp-json\/wp\/v2\/comments?post=1398"}],"wp:featuredmedia":[{"embeddable":true,"href":"https:\/\/tammetorubbq.ee\/lv\/wp-json\/wp\/v2\/media\/1399"}],"wp:attachment":[{"href":"https:\/\/tammetorubbq.ee\/lv\/wp-json\/wp\/v2\/media?parent=1398"}],"wp:term":[{"taxonomy":"pwb-brand","embeddable":true,"href":"https:\/\/tammetorubbq.ee\/lv\/wp-json\/wp\/v2\/pwb-brand?post=1398"},{"taxonomy":"product_brand","embeddable":true,"href":"https:\/\/tammetorubbq.ee\/lv\/wp-json\/wp\/v2\/product_brand?post=1398"},{"taxonomy":"product_cat","embeddable":true,"href":"https:\/\/tammetorubbq.ee\/lv\/wp-json\/wp\/v2\/product_cat?post=1398"},{"taxonomy":"product_tag","embeddable":true,"href":"https:\/\/tammetorubbq.ee\/lv\/wp-json\/wp\/v2\/product_tag?post=1398"}],"curies":[{"name":"wp","href":"https:\/\/api.w.org\/{rel}","templated":true}]}}