{"id":1426,"date":"2024-03-08T20:01:11","date_gmt":"2024-03-08T18:01:11","guid":{"rendered":"https:\/\/tammetorubbq.ee\/?post_type=product&#038;p=1426"},"modified":"2026-04-19T15:00:20","modified_gmt":"2026-04-19T12:00:20","slug":"blues-hog-smokey-mountain-bbq-merce-680g","status":"publish","type":"product","link":"https:\/\/tammetorubbq.ee\/lv\/product-2\/blues-hog-smokey-mountain-bbq-merce-680g\/","title":{"rendered":"Blues Hog Smokey Mountain BBQ m\u0113rce 680g"},"content":{"rendered":"<p><strong>Sast\u0101vda\u013cas:<\/strong> ket\u0161up (tomatikontsentraat punastest k\u00fcpsetest tomatitest, destilleeritud \u00e4\u00e4dikas, k\u00f5rge fruktoosisisaldusega maisisiirup, sool, v\u00fcrtsid, sibulapulber, looduslik maitseaine), pruun suhkur, \u00f5unasiidri \u00e4\u00e4dikas, suhkur, sool, vesi, v\u00fcrtsid, Worcestershire&#8217;i kaste (\u00e4\u00e4dikas, melass, maisisiirup, vesi, sool, karamelliv\u00e4rv, k\u00fc\u00fcslaugupulber, suhkur, v\u00fcrtsid, an\u0161oovis (kala), tamarind, looduslikud l\u00f5hna- ja maitseained (soja), tamarindi ekstrakt, sulfiteeriv aine), v\u00fcrtsid, sh paprika, veetustatud k\u00fc\u00fcslauk ja sibul, looduslik hikkori suitsumaitse (vesi, looduslik hikkori suitsukontsentraat).<\/p>","protected":false},"excerpt":{"rendered":"<p>Le\u0123end\u0101rais Bill Arnold Blues Hog nav j\u0101iepaz\u012bstina - nosaukums run\u0101 pats par sevi!<\/p>\n<p>Blues Hog Smokey Mountain BBQ m\u0113rce ir unik\u0101la b\u0101rbekj\u016b vai glaz\u016bras m\u0113rce, kas apvieno bag\u0101t\u012bgu augst\u0101k\u0101s kvalit\u0101tes sast\u0101vda\u013cu mais\u012bjumu, kas atrodams Blues Hog Original BBQ m\u0113rc\u0113, ar dab\u012bgiem hikori d\u016bmiem.<\/p>\n<p>Blues Hog gard\u0113\u017eu m\u0113rces nesatur lipekli un ir gatavotas no dab\u012bg\u0101m, augstas kvalit\u0101tes sast\u0101vda\u013c\u0101m.<\/p>\n<p>Blues Hog produktiem ir vair\u0101k apbalvojumu nek\u0101 citiem \"konkurentiem\" tirg\u016b, t\u0101p\u0113c Blues Hog produktus izmanto 90% gril\u0113\u0161anas sacens\u012bbu komandas vis\u0101 pasaul\u0113.<\/p>\n<p><span style=\"color: #0000ff;\"><strong>Blues Hog ir godalgotu \u010dempionu izv\u0113le!<\/strong><\/span><\/p>\n<p>&nbsp;<\/p>\n<p><img loading=\"lazy\" decoding=\"async\" class=\"wp-image-3462\" src=\"http:\/\/tammetorubbq.ee\/wp-content\/uploads\/2024\/02\/BH_Logo_2022-300x280.avif\" alt=\"Blues Hog\" width=\"184\" height=\"172\" srcset=\"https:\/\/tammetorubbq.ee\/wp-content\/uploads\/2024\/02\/BH_Logo_2022-300x280.avif 300w, https:\/\/tammetorubbq.ee\/wp-content\/uploads\/2024\/02\/BH_Logo_2022-13x12.avif 13w, https:\/\/tammetorubbq.ee\/wp-content\/uploads\/2024\/02\/BH_Logo_2022-64x60.avif 64w, https:\/\/tammetorubbq.ee\/wp-content\/uploads\/2024\/02\/BH_Logo_2022.avif 322w\" sizes=\"auto, (max-width: 184px) 100vw, 184px\" \/><\/p>","protected":false},"featured_media":4762,"comment_status":"open","ping_status":"closed","template":"","meta":{"_uf_show_specific_survey":0,"_uf_disable_surveys":false},"pwb-brand":[74],"product_brand":[],"product_cat":[22],"product_tag":[331,354],"class_list":{"0":"post-1426","1":"product","2":"type-product","3":"status-publish","4":"has-post-thumbnail","6":"pwb-brand-blues-hog","7":"product_cat-kastmed-ja-marinaadid","8":"product_tag-blues-hog","9":"product_tag-blues-hog-kastmed","11":"first","12":"instock","13":"taxable","14":"shipping-taxable","15":"purchasable","16":"product-type-simple"},"brands":[{"id":74,"name":"Blues Hog","slug":"blues-hog"}],"_links":{"self":[{"href":"https:\/\/tammetorubbq.ee\/lv\/wp-json\/wp\/v2\/product\/1426","targetHints":{"allow":["GET"]}}],"collection":[{"href":"https:\/\/tammetorubbq.ee\/lv\/wp-json\/wp\/v2\/product"}],"about":[{"href":"https:\/\/tammetorubbq.ee\/lv\/wp-json\/wp\/v2\/types\/product"}],"replies":[{"embeddable":true,"href":"https:\/\/tammetorubbq.ee\/lv\/wp-json\/wp\/v2\/comments?post=1426"}],"wp:featuredmedia":[{"embeddable":true,"href":"https:\/\/tammetorubbq.ee\/lv\/wp-json\/wp\/v2\/media\/4762"}],"wp:attachment":[{"href":"https:\/\/tammetorubbq.ee\/lv\/wp-json\/wp\/v2\/media?parent=1426"}],"wp:term":[{"taxonomy":"pwb-brand","embeddable":true,"href":"https:\/\/tammetorubbq.ee\/lv\/wp-json\/wp\/v2\/pwb-brand?post=1426"},{"taxonomy":"product_brand","embeddable":true,"href":"https:\/\/tammetorubbq.ee\/lv\/wp-json\/wp\/v2\/product_brand?post=1426"},{"taxonomy":"product_cat","embeddable":true,"href":"https:\/\/tammetorubbq.ee\/lv\/wp-json\/wp\/v2\/product_cat?post=1426"},{"taxonomy":"product_tag","embeddable":true,"href":"https:\/\/tammetorubbq.ee\/lv\/wp-json\/wp\/v2\/product_tag?post=1426"}],"curies":[{"name":"wp","href":"https:\/\/api.w.org\/{rel}","templated":true}]}}