{"id":1438,"date":"2024-03-08T20:38:23","date_gmt":"2024-03-08T18:38:23","guid":{"rendered":"https:\/\/tammetorubbq.ee\/?post_type=product&#038;p=1438"},"modified":"2026-05-01T17:00:11","modified_gmt":"2026-05-01T14:00:11","slug":"blues-hog-hog-champions-blend-bbq-pasta-680g","status":"publish","type":"product","link":"https:\/\/tammetorubbq.ee\/lv\/toode\/blues-hog-champions-blend-bbq-kaste-680g\/","title":{"rendered":"Blues Hog Champions' Blend BBQ m\u0113rce 680g"},"content":{"rendered":"<p><strong>Sast\u0101vda\u013cas:<\/strong> br\u016bnais cukurs, ke\u010dups (tom\u0101tu koncentr\u0101ts no sarkanajiem nogatavin\u0101tajiem tom\u0101tiem, destil\u0113ts eti\u0137is, kukur\u016bzas s\u012brups ar augstu fruktozes saturu, s\u0101ls, gar\u0161vielas, s\u012bpolu pulveris, dab\u012bg\u0101s gar\u0161vielas), \u0101bolu sidra eti\u0137is, \u016bdens, s\u0101ls, gar\u0161vielas, tostarp paprika, Vor\u010dester\u0161\u012bras m\u0113rce, \u0161\u0137idrie d\u016bmi, vani\u013cas ekstrakts, kalt\u0113ti \u0137iploki.<\/p>","protected":false},"excerpt":{"rendered":"<p><strong data-start=\"0\" data-end=\"40\">Blues Hog Champions' Blend BBQ m\u0113rce<\/strong> ir Amerik\u0101 ra\u017eota augst\u0101k\u0101s kvalit\u0101tes BBQ m\u0113rce, ko daudzi b\u0101rbekj\u016b meistari uzskata par vienu no lab\u0101kaj\u0101m pasaul\u0113.<\/p>\n<p>\u0160\u012b m\u0113rce apvieno lab\u0101k\u0101s Blues Hog da\u017e\u0101du m\u0113r\u010du \u012bpa\u0161\u012bbas - saldas, d\u016bmakainas un nedaudz pikantas gar\u0161as, kas lieliski sader ar ga\u013cu, vistas ga\u013cu, ribi\u0146\u0101m un burgeriem.<\/p>\n<p>Blues Hog gard\u0113\u017eu m\u0113rces nesatur lipekli un ir gatavotas no dab\u012bg\u0101m, augstas kvalit\u0101tes sast\u0101vda\u013c\u0101m.<\/p>\n<p>Blues Hog produktiem ir vair\u0101k apbalvojumu nek\u0101 citiem \"konkurentiem\" tirg\u016b, t\u0101p\u0113c Blues Hog produktus izmanto 90% gril\u0113\u0161anas sacens\u012bbu komandas vis\u0101 pasaul\u0113.<\/p>\n<p><span style=\"color: #0000ff;\"><strong>Blues Hog ir godalgotu \u010dempionu izv\u0113le!<\/strong><\/span><\/p>\n<p><img loading=\"lazy\" decoding=\"async\" class=\"alignnone wp-image-3462\" src=\"http:\/\/tammetorubbq.ee\/wp-content\/uploads\/2024\/02\/BH_Logo_2022-300x280.avif\" alt=\"\" width=\"166\" height=\"155\" srcset=\"https:\/\/tammetorubbq.ee\/wp-content\/uploads\/2024\/02\/BH_Logo_2022-300x280.avif 300w, https:\/\/tammetorubbq.ee\/wp-content\/uploads\/2024\/02\/BH_Logo_2022-13x12.avif 13w, https:\/\/tammetorubbq.ee\/wp-content\/uploads\/2024\/02\/BH_Logo_2022-64x60.avif 64w, https:\/\/tammetorubbq.ee\/wp-content\/uploads\/2024\/02\/BH_Logo_2022.avif 322w\" sizes=\"auto, (max-width: 166px) 100vw, 166px\" \/><\/p>","protected":false},"featured_media":4759,"comment_status":"open","ping_status":"closed","template":"","meta":{"_uf_show_specific_survey":0,"_uf_disable_surveys":false},"pwb-brand":[74],"product_brand":[],"product_cat":[22],"product_tag":[331,354,118,114,119],"class_list":{"0":"post-1438","1":"product","2":"type-product","3":"status-publish","4":"has-post-thumbnail","6":"pwb-brand-blues-hog","7":"product_cat-kastmed-ja-marinaadid","8":"product_tag-blues-hog","9":"product_tag-blues-hog-kastmed","10":"product_tag-kanaliha","11":"product_tag-sealiha","12":"product_tag-veiseliha","14":"first","15":"instock","16":"taxable","17":"shipping-taxable","18":"purchasable","19":"product-type-simple"},"brands":[{"id":74,"name":"Blues Hog","slug":"blues-hog"}],"_links":{"self":[{"href":"https:\/\/tammetorubbq.ee\/lv\/wp-json\/wp\/v2\/product\/1438","targetHints":{"allow":["GET"]}}],"collection":[{"href":"https:\/\/tammetorubbq.ee\/lv\/wp-json\/wp\/v2\/product"}],"about":[{"href":"https:\/\/tammetorubbq.ee\/lv\/wp-json\/wp\/v2\/types\/product"}],"replies":[{"embeddable":true,"href":"https:\/\/tammetorubbq.ee\/lv\/wp-json\/wp\/v2\/comments?post=1438"}],"wp:featuredmedia":[{"embeddable":true,"href":"https:\/\/tammetorubbq.ee\/lv\/wp-json\/wp\/v2\/media\/4759"}],"wp:attachment":[{"href":"https:\/\/tammetorubbq.ee\/lv\/wp-json\/wp\/v2\/media?parent=1438"}],"wp:term":[{"taxonomy":"pwb-brand","embeddable":true,"href":"https:\/\/tammetorubbq.ee\/lv\/wp-json\/wp\/v2\/pwb-brand?post=1438"},{"taxonomy":"product_brand","embeddable":true,"href":"https:\/\/tammetorubbq.ee\/lv\/wp-json\/wp\/v2\/product_brand?post=1438"},{"taxonomy":"product_cat","embeddable":true,"href":"https:\/\/tammetorubbq.ee\/lv\/wp-json\/wp\/v2\/product_cat?post=1438"},{"taxonomy":"product_tag","embeddable":true,"href":"https:\/\/tammetorubbq.ee\/lv\/wp-json\/wp\/v2\/product_tag?post=1438"}],"curies":[{"name":"wp","href":"https:\/\/api.w.org\/{rel}","templated":true}]}}