{"id":1444,"date":"2024-03-08T20:43:14","date_gmt":"2024-03-08T18:43:14","guid":{"rendered":"https:\/\/tammetorubbq.ee\/?post_type=product&#038;p=1444"},"modified":"2026-04-14T22:00:15","modified_gmt":"2026-04-14T19:00:15","slug":"plowboys-salda-180-bbq-merce-473g","status":"publish","type":"product","link":"https:\/\/tammetorubbq.ee\/lv\/product-2\/plowboys-salda-180-bbq-merce-473g\/","title":{"rendered":"Plowboys Sweet 180 BBQ m\u0113rce 473g"},"content":{"rendered":"<p><strong>Sast\u0101vda\u013cas:<\/strong> Br\u016bnais cukurs, glikozes s\u012brups, \u016bdens, tom\u0101tu pasta, destil\u0113ts eti\u0137is, gar\u0161vielas, s\u0101ls, \u0137iploku pulveris, s\u012bpolu pulveris, sinepju pulveris, paprika, \u010dipotle pulveris.<\/p>","protected":false},"excerpt":{"rendered":"<p><span class=\"relative -mx-px my-[-0.2rem] rounded px-px py-[0.2rem] transition-colors duration-100 ease-in-out\"><strong data-start=\"0\" data-end=\"32\" data-is-only-node=\"\">Plowboys Sweet 180 BBQ kaste<\/strong> on auhinnatud Kansas City stiilis grillkaste, mis on loodud spetsiaalselt BBQ-v\u00f5istlusteks.<\/span> <span class=\"relative -mx-px my-[-0.2rem] rounded px-px py-[0.2rem] transition-colors duration-100 ease-in-out\">See kaste aitas Pork Pullin&#8217; Plowboys meeskonnal saavutada t\u00e4iusliku 180-punktise tulemuse KCBS v\u00f5istlusel, olles esimene kord, kui seda kastet kasutati.<\/span><\/p>\n<p data-start=\"281\" data-end=\"303\"><strong>Maitseprofiil:<\/strong> <span class=\"relative -mx-px my-[-0.2rem] rounded px-px py-[0.2rem] transition-colors duration-100 ease-in-out\">Rikkalik ja magus, kerge v\u00fcrtsikusega, mis sobib suurep\u00e4raselt ribide, kana ja sealiha glasuurimiseks.<\/span> <span class=\"relative -mx-px my-[-0.2rem] rounded px-px py-[0.2rem] transition-colors duration-100 ease-in-out\">Kastme paks tekstuur tagab suurep\u00e4rase katvuse ja karamelliseerumise grillimisel.<\/span><\/p>\n<p class=\"\" data-start=\"716\" data-end=\"834\"><span class=\"relative -mx-px my-[-0.2rem] rounded px-px py-[0.2rem] transition-colors duration-100 ease-in-out\"><strong data-start=\"0\" data-end=\"32\" data-is-only-node=\"\">Plowboys Sweet 180 BBQ kaste<\/strong> on ideaalne valik nii koduseks grillimiseks kui ka professionaalseteks BBQ-v\u00f5istlusteks.<\/span> <span class=\"relative -mx-px my-[-0.2rem] rounded px-px py-[0.2rem] transition-colors duration-100 ease-in-out\">Telli n\u00fc\u00fcd ja too oma grilliroogadele v\u00f5istlusklassi maitse!<\/span><\/p>\n<p data-start=\"571\" data-end=\"590\"><strong data-start=\"578\" data-end=\"590\">Pro tip: <\/strong><span class=\"relative -mx-px my-[-0.2rem] rounded px-px py-[0.2rem] transition-colors duration-100 ease-in-out\">Kombineeri Sweet 180 kastet Plowboys Yardbird rub&#8217;iga, et saavutada t\u00e4iuslik maitseprofiil, mis on v\u00f5itnud mitmeid BBQ-v\u00f5istlusi.<\/span> <span class=\"relative -mx-px my-[-0.2rem] rounded px-px py-[0.2rem] transition-colors duration-100 ease-in-out\">Kastet v\u00f5ib kasutada ka marinaadina v\u00f5i dipikastmena, lisades roogadele s\u00fcgavust ja maitserikkust<\/span><\/p>\n<p>&nbsp;<\/p>\n<p><img loading=\"lazy\" decoding=\"async\" class=\" wp-image-1685\" src=\"http:\/\/tammetorubbq.ee\/wp-content\/uploads\/2024\/05\/Plowboys-BBQ-logo-300x183.jpg\" alt=\"Plowboys BBQ logo\" width=\"167\" height=\"102\" srcset=\"https:\/\/tammetorubbq.ee\/wp-content\/uploads\/2024\/05\/Plowboys-BBQ-logo-300x183.jpg 300w, https:\/\/tammetorubbq.ee\/wp-content\/uploads\/2024\/05\/Plowboys-BBQ-logo-18x12.jpg 18w, https:\/\/tammetorubbq.ee\/wp-content\/uploads\/2024\/05\/Plowboys-BBQ-logo-64x39.jpg 64w, https:\/\/tammetorubbq.ee\/wp-content\/uploads\/2024\/05\/Plowboys-BBQ-logo.jpg 414w\" sizes=\"auto, (max-width: 167px) 100vw, 167px\" \/><\/p>\n<p>&nbsp;<\/p>\n","protected":false},"featured_media":3234,"comment_status":"open","ping_status":"closed","template":"","meta":{"_uf_show_specific_survey":0,"_uf_disable_surveys":false},"pwb-brand":[79],"product_brand":[],"product_cat":[22],"product_tag":[118,114,122],"class_list":{"0":"post-1444","1":"product","2":"type-product","3":"status-publish","4":"has-post-thumbnail","6":"pwb-brand-plowboys","7":"product_cat-kastmed-ja-marinaadid","8":"product_tag-kanaliha","9":"product_tag-sealiha","10":"product_tag-searibi","12":"first","13":"outofstock","14":"taxable","15":"shipping-taxable","16":"purchasable","17":"product-type-simple"},"brands":[{"id":79,"name":"Plowboy's","slug":"plowboys"}],"_links":{"self":[{"href":"https:\/\/tammetorubbq.ee\/lv\/wp-json\/wp\/v2\/product\/1444","targetHints":{"allow":["GET"]}}],"collection":[{"href":"https:\/\/tammetorubbq.ee\/lv\/wp-json\/wp\/v2\/product"}],"about":[{"href":"https:\/\/tammetorubbq.ee\/lv\/wp-json\/wp\/v2\/types\/product"}],"replies":[{"embeddable":true,"href":"https:\/\/tammetorubbq.ee\/lv\/wp-json\/wp\/v2\/comments?post=1444"}],"wp:featuredmedia":[{"embeddable":true,"href":"https:\/\/tammetorubbq.ee\/lv\/wp-json\/wp\/v2\/media\/3234"}],"wp:attachment":[{"href":"https:\/\/tammetorubbq.ee\/lv\/wp-json\/wp\/v2\/media?parent=1444"}],"wp:term":[{"taxonomy":"pwb-brand","embeddable":true,"href":"https:\/\/tammetorubbq.ee\/lv\/wp-json\/wp\/v2\/pwb-brand?post=1444"},{"taxonomy":"product_brand","embeddable":true,"href":"https:\/\/tammetorubbq.ee\/lv\/wp-json\/wp\/v2\/product_brand?post=1444"},{"taxonomy":"product_cat","embeddable":true,"href":"https:\/\/tammetorubbq.ee\/lv\/wp-json\/wp\/v2\/product_cat?post=1444"},{"taxonomy":"product_tag","embeddable":true,"href":"https:\/\/tammetorubbq.ee\/lv\/wp-json\/wp\/v2\/product_tag?post=1444"}],"curies":[{"name":"wp","href":"https:\/\/api.w.org\/{rel}","templated":true}]}}