{"id":1448,"date":"2024-03-08T21:18:21","date_gmt":"2024-03-08T19:18:21","guid":{"rendered":"https:\/\/tammetorubbq.ee\/?post_type=product&#038;p=1448"},"modified":"2026-04-15T03:00:19","modified_gmt":"2026-04-15T00:00:19","slug":"big-poppa-smokers-competition-stash-rub","status":"publish","type":"product","link":"https:\/\/tammetorubbq.ee\/lv\/product-2\/big-poppa-smokers-competition-stash-rub\/","title":{"rendered":"Big Poppa Smokers Competition Stash Rub 340g"},"content":{"rendered":"<p>Sast\u0101vs: cukurs, j\u016bras s\u0101ls, dehidr\u0113ti \u0137iploki un s\u012bpoli, gar\u0161vielas, tostarp gar\u0161vielas. \u010cilli pipari, paprika, citronsk\u0101be, rauga ekstrakts, selerijas s\u0113klas, paprikas ekstrakti (kr\u0101sviela), citronu e\u013c\u013ca, dab\u012bg\u0101 aromatiz\u0113t\u0101ja un ne vair\u0101k k\u0101 2% trikalcija fosf\u0101ta, kas pievienots, lai nov\u0113rstu sabiez\u0113\u0161anu.<\/p>","protected":false},"excerpt":{"rendered":"<p>Big Poppa Smokers Competition Stash gar\u0161u mais\u012bjums ir izgatavots no augst\u0101k\u0101s kvalit\u0101tes sast\u0101vda\u013c\u0101m, kas ir r\u016bp\u012bgi atlas\u012btas un sajauktas kop\u0101, lai nodro\u0161in\u0101tu perfektu gala rezult\u0101tu.<\/p>\n<p>Ide\u0101li piem\u0113rots liellopu, c\u016bkga\u013cas un vistas ga\u013cai<\/p>\n<p>Bez glut\u0113na<\/p>\n<p>Big Poppa Smokers ir labi paz\u012bstama un sen paz\u012bstama person\u012bba ASV tirg\u016b, kura ir izdevis daudz nosaukumu.<\/p>\n<p><img loading=\"lazy\" decoding=\"async\" class=\"wp-image-1557\" src=\"http:\/\/tammetorubbq.ee\/wp-content\/uploads\/2024\/03\/Big-Poppa-Smokers-Logo-Vector-300x225.webp\" alt=\"Big Poppa Smokers\" width=\"157\" height=\"118\" srcset=\"https:\/\/tammetorubbq.ee\/wp-content\/uploads\/2024\/03\/Big-Poppa-Smokers-Logo-Vector-300x225.webp 300w, https:\/\/tammetorubbq.ee\/wp-content\/uploads\/2024\/03\/Big-Poppa-Smokers-Logo-Vector-768x576.webp 768w, https:\/\/tammetorubbq.ee\/wp-content\/uploads\/2024\/03\/Big-Poppa-Smokers-Logo-Vector-16x12.webp 16w, https:\/\/tammetorubbq.ee\/wp-content\/uploads\/2024\/03\/Big-Poppa-Smokers-Logo-Vector-600x450.webp 600w, https:\/\/tammetorubbq.ee\/wp-content\/uploads\/2024\/03\/Big-Poppa-Smokers-Logo-Vector-64x48.webp 64w, https:\/\/tammetorubbq.ee\/wp-content\/uploads\/2024\/03\/Big-Poppa-Smokers-Logo-Vector.webp 866w\" sizes=\"auto, (max-width: 157px) 100vw, 157px\" \/><\/p>","protected":false},"featured_media":1449,"comment_status":"open","ping_status":"closed","template":"","meta":{"_uf_show_specific_survey":0,"_uf_disable_surveys":false},"pwb-brand":[80],"product_brand":[],"product_cat":[21],"product_tag":[],"class_list":{"0":"post-1448","1":"product","2":"type-product","3":"status-publish","4":"has-post-thumbnail","6":"pwb-brand-big-poppas","7":"product_cat-maitseainesegud","9":"first","10":"outofstock","11":"taxable","12":"shipping-taxable","13":"purchasable","14":"product-type-simple"},"brands":[{"id":80,"name":"Big Poppa's","slug":"big-poppas"}],"_links":{"self":[{"href":"https:\/\/tammetorubbq.ee\/lv\/wp-json\/wp\/v2\/product\/1448","targetHints":{"allow":["GET"]}}],"collection":[{"href":"https:\/\/tammetorubbq.ee\/lv\/wp-json\/wp\/v2\/product"}],"about":[{"href":"https:\/\/tammetorubbq.ee\/lv\/wp-json\/wp\/v2\/types\/product"}],"replies":[{"embeddable":true,"href":"https:\/\/tammetorubbq.ee\/lv\/wp-json\/wp\/v2\/comments?post=1448"}],"wp:featuredmedia":[{"embeddable":true,"href":"https:\/\/tammetorubbq.ee\/lv\/wp-json\/wp\/v2\/media\/1449"}],"wp:attachment":[{"href":"https:\/\/tammetorubbq.ee\/lv\/wp-json\/wp\/v2\/media?parent=1448"}],"wp:term":[{"taxonomy":"pwb-brand","embeddable":true,"href":"https:\/\/tammetorubbq.ee\/lv\/wp-json\/wp\/v2\/pwb-brand?post=1448"},{"taxonomy":"product_brand","embeddable":true,"href":"https:\/\/tammetorubbq.ee\/lv\/wp-json\/wp\/v2\/product_brand?post=1448"},{"taxonomy":"product_cat","embeddable":true,"href":"https:\/\/tammetorubbq.ee\/lv\/wp-json\/wp\/v2\/product_cat?post=1448"},{"taxonomy":"product_tag","embeddable":true,"href":"https:\/\/tammetorubbq.ee\/lv\/wp-json\/wp\/v2\/product_tag?post=1448"}],"curies":[{"name":"wp","href":"https:\/\/api.w.org\/{rel}","templated":true}]}}