{"id":1452,"date":"2024-03-08T21:31:46","date_gmt":"2024-03-08T19:31:46","guid":{"rendered":"https:\/\/tammetorubbq.ee\/?post_type=product&#038;p=1452"},"modified":"2026-04-15T05:00:05","modified_gmt":"2026-04-15T02:00:05","slug":"big-poppa-smokers-sweet-money-rub-397g","status":"publish","type":"product","link":"https:\/\/tammetorubbq.ee\/lv\/product-2\/big-poppa-smokers-sweet-money-rub-397g\/","title":{"rendered":"Big Poppa Smokers Sweet Money Rub 397g"},"content":{"rendered":"<p>Sast\u0101vs: tvaic\u0113ta cukurniedru sula, j\u016bras s\u0101ls, granul\u0113ts medus (rafin\u0113ts s\u012brups, medus), dehidr\u0113ti \u0137iploki, s\u012bpoli, paprika, paprika, rauga ekstrakts, selerijas, dab\u012bg\u0101s gar\u0161as, paprikas ekstrakti (kr\u0101sviela).<\/p>","protected":false},"excerpt":{"rendered":"<p>Big Poppa Smokers Sweet Money gar\u0161viela ir vispaz\u012bstam\u0101k\u0101 gar\u0161viela to kl\u0101st\u0101, un t\u0101 ir BBQ meistaru gald\u0101 vis\u0101 pasaul\u0113.<\/p>\n<p>Salds gar\u0161as k\u0101rpi\u0146a, k\u0101 to raksturo nosaukums, bet ar visu nepiecie\u0161amo, kas l\u012bdzsvarots ar s\u0101\u013cumu un pikantumu.<\/p>\n<p>Lieliski sader ar liellopu, c\u016bkga\u013cu un vistas ga\u013cu<br \/>\nBez glut\u0113na<\/p>\n<p><img loading=\"lazy\" decoding=\"async\" class=\"wp-image-1557\" src=\"http:\/\/tammetorubbq.ee\/wp-content\/uploads\/2024\/03\/Big-Poppa-Smokers-Logo-Vector-300x225.webp\" alt=\"Big Poppa Smokers\" width=\"200\" height=\"150\" srcset=\"https:\/\/tammetorubbq.ee\/wp-content\/uploads\/2024\/03\/Big-Poppa-Smokers-Logo-Vector-300x225.webp 300w, https:\/\/tammetorubbq.ee\/wp-content\/uploads\/2024\/03\/Big-Poppa-Smokers-Logo-Vector-768x576.webp 768w, https:\/\/tammetorubbq.ee\/wp-content\/uploads\/2024\/03\/Big-Poppa-Smokers-Logo-Vector-16x12.webp 16w, https:\/\/tammetorubbq.ee\/wp-content\/uploads\/2024\/03\/Big-Poppa-Smokers-Logo-Vector-600x450.webp 600w, https:\/\/tammetorubbq.ee\/wp-content\/uploads\/2024\/03\/Big-Poppa-Smokers-Logo-Vector-64x48.webp 64w, https:\/\/tammetorubbq.ee\/wp-content\/uploads\/2024\/03\/Big-Poppa-Smokers-Logo-Vector.webp 866w\" sizes=\"auto, (max-width: 200px) 100vw, 200px\" \/><\/p>","protected":false},"featured_media":1453,"comment_status":"open","ping_status":"closed","template":"","meta":{"_uf_show_specific_survey":0,"_uf_disable_surveys":false},"pwb-brand":[80],"product_brand":[],"product_cat":[21],"product_tag":[],"class_list":{"0":"post-1452","1":"product","2":"type-product","3":"status-publish","4":"has-post-thumbnail","6":"pwb-brand-big-poppas","7":"product_cat-maitseainesegud","9":"first","10":"outofstock","11":"taxable","12":"shipping-taxable","13":"purchasable","14":"product-type-simple"},"brands":[{"id":80,"name":"Big Poppa's","slug":"big-poppas"}],"_links":{"self":[{"href":"https:\/\/tammetorubbq.ee\/lv\/wp-json\/wp\/v2\/product\/1452","targetHints":{"allow":["GET"]}}],"collection":[{"href":"https:\/\/tammetorubbq.ee\/lv\/wp-json\/wp\/v2\/product"}],"about":[{"href":"https:\/\/tammetorubbq.ee\/lv\/wp-json\/wp\/v2\/types\/product"}],"replies":[{"embeddable":true,"href":"https:\/\/tammetorubbq.ee\/lv\/wp-json\/wp\/v2\/comments?post=1452"}],"wp:featuredmedia":[{"embeddable":true,"href":"https:\/\/tammetorubbq.ee\/lv\/wp-json\/wp\/v2\/media\/1453"}],"wp:attachment":[{"href":"https:\/\/tammetorubbq.ee\/lv\/wp-json\/wp\/v2\/media?parent=1452"}],"wp:term":[{"taxonomy":"pwb-brand","embeddable":true,"href":"https:\/\/tammetorubbq.ee\/lv\/wp-json\/wp\/v2\/pwb-brand?post=1452"},{"taxonomy":"product_brand","embeddable":true,"href":"https:\/\/tammetorubbq.ee\/lv\/wp-json\/wp\/v2\/product_brand?post=1452"},{"taxonomy":"product_cat","embeddable":true,"href":"https:\/\/tammetorubbq.ee\/lv\/wp-json\/wp\/v2\/product_cat?post=1452"},{"taxonomy":"product_tag","embeddable":true,"href":"https:\/\/tammetorubbq.ee\/lv\/wp-json\/wp\/v2\/product_tag?post=1452"}],"curies":[{"name":"wp","href":"https:\/\/api.w.org\/{rel}","templated":true}]}}