{"id":1458,"date":"2024-03-08T21:55:21","date_gmt":"2024-03-08T19:55:21","guid":{"rendered":"https:\/\/tammetorubbq.ee\/?post_type=product&#038;p=1458"},"modified":"2026-04-26T15:00:15","modified_gmt":"2026-04-26T12:00:15","slug":"kosmos-q-netiro-putnu-vistas-galas-berzejums-311g","status":"publish","type":"product","link":"https:\/\/tammetorubbq.ee\/lv\/product-2\/kosmos-q-netiro-putnu-vistas-galas-berzejums-311g\/","title":{"rendered":"Kosmo's Q Dirty Bird Chicken Rub 311g"},"content":{"rendered":"<p>Sast\u0101vs: s\u0101ls, cukurs, \u010dilli pipari un citas gar\u0161vielas, br\u016bnais cukurs, paprika, \u0137iploku pulveris, dehidr\u0113ts s\u012bpols, din\u0101trija inosin\u0101ts un din\u0101trija guanil\u0101ts, un ne vair\u0101k k\u0101 2% trikalcija fosf\u0101ts, kas pievienots, lai nov\u0113rstu sabiez\u0113\u0161anu.<\/p>","protected":false},"excerpt":{"rendered":"<p><strong>Net\u012brs putns - tas ir tas!<\/strong><\/p>\n<p>Godalgotais Kosmos Q Dirty Bird gar\u0161vielu mais\u012bjums - \u012bpa\u0161i rad\u012bts m\u0101jputnu ga\u013cai, bet lieliski piem\u0113rots ar\u012b liellopu un c\u016bkga\u013cas ga\u013cai.<\/p>\n<p>Kosmo's Q Dirty Bird Chicken berz\u0113\u0161anai ir rakstur\u012bgs br\u016bn\u0101 cukura saldums un pat\u012bkami maiga piparu piegar\u0161a.<\/p>\n<p>&nbsp;<\/p>\n<p><img loading=\"lazy\" decoding=\"async\" class=\"wp-image-1698\" src=\"http:\/\/tammetorubbq.ee\/wp-content\/uploads\/2024\/05\/Kosmos-Q-logo.avif\" alt=\"Kosmo Q\" width=\"144\" height=\"108\" srcset=\"https:\/\/tammetorubbq.ee\/wp-content\/uploads\/2024\/05\/Kosmos-Q-logo.avif 258w, https:\/\/tammetorubbq.ee\/wp-content\/uploads\/2024\/05\/Kosmos-Q-logo-16x12.avif 16w, https:\/\/tammetorubbq.ee\/wp-content\/uploads\/2024\/05\/Kosmos-Q-logo-64x48.avif 64w\" sizes=\"auto, (max-width: 144px) 100vw, 144px\" \/><\/p>\n<p>&nbsp;<\/p>","protected":false},"featured_media":6621,"comment_status":"open","ping_status":"closed","template":"","meta":{"_uf_show_specific_survey":0,"_uf_disable_surveys":false},"pwb-brand":[81],"product_brand":[],"product_cat":[21],"product_tag":[],"class_list":{"0":"post-1458","1":"product","2":"type-product","3":"status-publish","4":"has-post-thumbnail","6":"pwb-brand-kosmos-q","7":"product_cat-maitseainesegud","9":"first","10":"instock","11":"taxable","12":"shipping-taxable","13":"purchasable","14":"product-type-simple"},"brands":[{"id":81,"name":"Kosmo Q","slug":"kosmos-q"}],"_links":{"self":[{"href":"https:\/\/tammetorubbq.ee\/lv\/wp-json\/wp\/v2\/product\/1458","targetHints":{"allow":["GET"]}}],"collection":[{"href":"https:\/\/tammetorubbq.ee\/lv\/wp-json\/wp\/v2\/product"}],"about":[{"href":"https:\/\/tammetorubbq.ee\/lv\/wp-json\/wp\/v2\/types\/product"}],"replies":[{"embeddable":true,"href":"https:\/\/tammetorubbq.ee\/lv\/wp-json\/wp\/v2\/comments?post=1458"}],"wp:featuredmedia":[{"embeddable":true,"href":"https:\/\/tammetorubbq.ee\/lv\/wp-json\/wp\/v2\/media\/6621"}],"wp:attachment":[{"href":"https:\/\/tammetorubbq.ee\/lv\/wp-json\/wp\/v2\/media?parent=1458"}],"wp:term":[{"taxonomy":"pwb-brand","embeddable":true,"href":"https:\/\/tammetorubbq.ee\/lv\/wp-json\/wp\/v2\/pwb-brand?post=1458"},{"taxonomy":"product_brand","embeddable":true,"href":"https:\/\/tammetorubbq.ee\/lv\/wp-json\/wp\/v2\/product_brand?post=1458"},{"taxonomy":"product_cat","embeddable":true,"href":"https:\/\/tammetorubbq.ee\/lv\/wp-json\/wp\/v2\/product_cat?post=1458"},{"taxonomy":"product_tag","embeddable":true,"href":"https:\/\/tammetorubbq.ee\/lv\/wp-json\/wp\/v2\/product_tag?post=1458"}],"curies":[{"name":"wp","href":"https:\/\/api.w.org\/{rel}","templated":true}]}}