{"id":1471,"date":"2024-03-10T19:19:02","date_gmt":"2024-03-10T17:19:02","guid":{"rendered":"https:\/\/tammetorubbq.ee\/?post_type=product&#038;p=1471"},"modified":"2026-04-17T15:00:34","modified_gmt":"2026-04-17T12:00:34","slug":"franklin-barbecue-brisket-rub-170g","status":"publish","type":"product","link":"https:\/\/tammetorubbq.ee\/lv\/product-2\/franklin-barbecue-brisket-rub-170g\/","title":{"rendered":"Franklin Barbecue Brisket Rub 170g"},"content":{"rendered":"<p>Vienk\u0101r\u0161\u012bb\u0101 ir sp\u0113ks!<\/p>\n<p>Sast\u0101vda\u013cas: s\u0101ls, melnie pipari.<\/p>","protected":false},"excerpt":{"rendered":"<p>Franklin BBQ ir vislab\u0101k paz\u012bstams ar saviem biskv\u012btiem, bet \u0161o s\u0101ls un piparu gar\u0161vielu mais\u012bjumu \u0100rons Franklins sav\u0101 restor\u0101n\u0101 izmanto katru dienu.<\/p>\n<p>Ja esat m\u0113\u0123in\u0101ju\u0161i Franklina BBQ, j\u016bs zin\u0101t, ka tas ir lab\u0101kais no lab\u0101kajiem.<\/p>\n<p>\u0160\u012b gar\u0161viela galvenok\u0101rt ir paredz\u0113ta liellopa kr\u016bti\u0146ai, ta\u010du t\u0101 ir lieliski piem\u0113rota ar\u012b, piem\u0113ram, ribi\u0146\u0101m.<\/p>\n<p>&nbsp;<\/p>\n<p>&nbsp;<\/p>\n<p>&nbsp;<\/p>\n<p><img loading=\"lazy\" decoding=\"async\" class=\"alignnone  wp-image-1842\" src=\"http:\/\/tammetorubbq.ee\/wp-content\/uploads\/2024\/07\/Franklin-BBQ-logo.svg\" alt=\"Franklin BBQ logotips\" width=\"195\" height=\"110\" \/><\/p>","protected":false},"featured_media":1472,"comment_status":"open","ping_status":"closed","template":"","meta":{"_uf_show_specific_survey":0,"_uf_disable_surveys":false},"pwb-brand":[83],"product_brand":[],"product_cat":[21],"product_tag":[],"class_list":{"0":"post-1471","1":"product","2":"type-product","3":"status-publish","4":"has-post-thumbnail","6":"pwb-brand-franklin-barbecue","7":"product_cat-maitseainesegud","9":"first","10":"outofstock","11":"taxable","12":"shipping-taxable","13":"purchasable","14":"product-type-simple"},"brands":[{"id":83,"name":"Franklinas b\u0101rbekj\u016b","slug":"franklin-barbecue"}],"_links":{"self":[{"href":"https:\/\/tammetorubbq.ee\/lv\/wp-json\/wp\/v2\/product\/1471","targetHints":{"allow":["GET"]}}],"collection":[{"href":"https:\/\/tammetorubbq.ee\/lv\/wp-json\/wp\/v2\/product"}],"about":[{"href":"https:\/\/tammetorubbq.ee\/lv\/wp-json\/wp\/v2\/types\/product"}],"replies":[{"embeddable":true,"href":"https:\/\/tammetorubbq.ee\/lv\/wp-json\/wp\/v2\/comments?post=1471"}],"wp:featuredmedia":[{"embeddable":true,"href":"https:\/\/tammetorubbq.ee\/lv\/wp-json\/wp\/v2\/media\/1472"}],"wp:attachment":[{"href":"https:\/\/tammetorubbq.ee\/lv\/wp-json\/wp\/v2\/media?parent=1471"}],"wp:term":[{"taxonomy":"pwb-brand","embeddable":true,"href":"https:\/\/tammetorubbq.ee\/lv\/wp-json\/wp\/v2\/pwb-brand?post=1471"},{"taxonomy":"product_brand","embeddable":true,"href":"https:\/\/tammetorubbq.ee\/lv\/wp-json\/wp\/v2\/product_brand?post=1471"},{"taxonomy":"product_cat","embeddable":true,"href":"https:\/\/tammetorubbq.ee\/lv\/wp-json\/wp\/v2\/product_cat?post=1471"},{"taxonomy":"product_tag","embeddable":true,"href":"https:\/\/tammetorubbq.ee\/lv\/wp-json\/wp\/v2\/product_tag?post=1471"}],"curies":[{"name":"wp","href":"https:\/\/api.w.org\/{rel}","templated":true}]}}