{"id":1482,"date":"2024-03-10T20:01:16","date_gmt":"2024-03-10T18:01:16","guid":{"rendered":"https:\/\/tammetorubbq.ee\/?post_type=product&#038;p=1482"},"modified":"2026-04-14T18:01:31","modified_gmt":"2026-04-14T15:01:31","slug":"heath-riles-sweet-bbq-rub-283g","status":"publish","type":"product","link":"https:\/\/tammetorubbq.ee\/lv\/product-2\/heath-riles-sweet-bbq-rub-283g\/","title":{"rendered":"Heath Riles Sweet BBQ Rub 283g"},"content":{"rendered":"<p>Sast\u0101vs: cukurs, paprika, br\u016bnais cukurs, s\u0101ls, gar\u0161vielas, n\u0101trija glutam\u0101ts, \u0137iploku pulveris, s\u012bpolu pulveris, rafin\u0113ta sojas pupi\u0146u e\u013c\u013ca, dab\u012bga k\u016bpin\u0101\u0161anas aromatiz\u0113t\u0101ja, paprikas oleosve\u0137i un trikalcija fosf\u0101ts ar 2% piedevu, lai nov\u0113rstu sabiez\u0113\u0161anu.<\/p>","protected":false},"excerpt":{"rendered":"<p>Heath Riles Sweet BBQ gar\u0161viela, k\u0101 nor\u0101da nosaukums, ir salds cukura b\u0101zes berz\u0113jums ar jauku kr\u0101su.<\/p>\n<p>H\u012bts Railzs ir v\u012brs, kur\u0161 ir ieguvis neskait\u0101mus titulus pasaules \u010dempion\u0101ta ribu kategorij\u0101. P\u0113d\u0113jos gados vi\u0146\u0161 ir palicis nep\u0101rsp\u0113ts.<\/p>","protected":false},"featured_media":1483,"comment_status":"open","ping_status":"closed","template":"","meta":{"_uf_show_specific_survey":0,"_uf_disable_surveys":false},"pwb-brand":[84],"product_brand":[],"product_cat":[21],"product_tag":[347],"class_list":{"0":"post-1482","1":"product","2":"type-product","3":"status-publish","4":"has-post-thumbnail","6":"pwb-brand-heath-riles","7":"product_cat-maitseainesegud","8":"product_tag-heath-riles","10":"first","11":"instock","12":"taxable","13":"shipping-taxable","14":"purchasable","15":"product-type-simple"},"brands":[{"id":84,"name":"Heath Riles","slug":"heath-riles"}],"_links":{"self":[{"href":"https:\/\/tammetorubbq.ee\/lv\/wp-json\/wp\/v2\/product\/1482","targetHints":{"allow":["GET"]}}],"collection":[{"href":"https:\/\/tammetorubbq.ee\/lv\/wp-json\/wp\/v2\/product"}],"about":[{"href":"https:\/\/tammetorubbq.ee\/lv\/wp-json\/wp\/v2\/types\/product"}],"replies":[{"embeddable":true,"href":"https:\/\/tammetorubbq.ee\/lv\/wp-json\/wp\/v2\/comments?post=1482"}],"wp:featuredmedia":[{"embeddable":true,"href":"https:\/\/tammetorubbq.ee\/lv\/wp-json\/wp\/v2\/media\/1483"}],"wp:attachment":[{"href":"https:\/\/tammetorubbq.ee\/lv\/wp-json\/wp\/v2\/media?parent=1482"}],"wp:term":[{"taxonomy":"pwb-brand","embeddable":true,"href":"https:\/\/tammetorubbq.ee\/lv\/wp-json\/wp\/v2\/pwb-brand?post=1482"},{"taxonomy":"product_brand","embeddable":true,"href":"https:\/\/tammetorubbq.ee\/lv\/wp-json\/wp\/v2\/product_brand?post=1482"},{"taxonomy":"product_cat","embeddable":true,"href":"https:\/\/tammetorubbq.ee\/lv\/wp-json\/wp\/v2\/product_cat?post=1482"},{"taxonomy":"product_tag","embeddable":true,"href":"https:\/\/tammetorubbq.ee\/lv\/wp-json\/wp\/v2\/product_tag?post=1482"}],"curies":[{"name":"wp","href":"https:\/\/api.w.org\/{rel}","templated":true}]}}