{"id":1495,"date":"2024-03-16T10:36:39","date_gmt":"2024-03-16T08:36:39","guid":{"rendered":"https:\/\/tammetorubbq.ee\/?post_type=product&#038;p=1495"},"modified":"2026-04-26T18:00:14","modified_gmt":"2026-04-26T15:00:14","slug":"victorinox-swiss-classic-griesanas-nazis","status":"publish","type":"product","link":"https:\/\/tammetorubbq.ee\/lv\/product-2\/victorinox-swiss-classic-griesanas-nazis\/","title":{"rendered":"Victorinox \"Swiss Classic\" grie\u0161anas nazis"},"content":{"rendered":"<p><strong>IEPAKOJUMA IZM\u0112RI NA\u017dA DATI<\/strong><br \/>\nAugstums: 19 mm Kalts: n\u0113<br \/>\nGarums: 430 mm Malas tips: izliekta mala<br \/>\nPlatums: 90 mm Asme\u0146a garums: 250 mm<br \/>\nSvars: 115 g Roktura materi\u0101ls: termoplastiskais elastom\u0113rs (TPE)<\/p>\n<p>Var mazg\u0101t trauku mazg\u0101jam\u0101 ma\u0161\u012bn\u0101: J\u0101<\/p>\n<p><strong>GARANTIJA<\/strong><br \/>\n\u0160im produktam ir sp\u0113k\u0101 Victorinox m\u016b\u017ea garantija.<\/p>","protected":false},"excerpt":{"rendered":"<p>Victorinox \"SWISS CLASSIC\" ir ide\u0101ls r\u012bks, lai ieg\u016btu perfektu \u0161\u0137\u0113les. T\u0101 ergonomiskais rokturis lieliski piegu\u013c rokai, un \"izliekt\u0101 mala\" nodro\u0161ina, ka tas grie\u017e vienm\u0113r\u012bgi, ne\u0161\u0137e\u013cot ga\u013cu, un katra ga\u013cas \u0161\u0137\u0113le viegli nosl\u012bd no asmens.<\/p>\n<p><strong>-<\/strong> Viegli lietojams jebkuras ga\u013cas sagrie\u0161anai \u0161\u0137\u0113l\u0113s.<br \/>\n<strong>-<\/strong> Ar ergonomisku nesl\u012bdo\u0161u rokturi.<br \/>\n<strong>-<\/strong> Ar nodilumiztur\u012bgu ner\u016bs\u0113jo\u0161\u0101 t\u0113rauda asmeni.<br \/>\n<strong>-<\/strong> Ra\u017eots \u0160veic\u0113 \"SWISS MADE\".<\/p>\n<p>&nbsp;<\/p>\n<p><img loading=\"lazy\" decoding=\"async\" class=\"wp-image-1500\" src=\"http:\/\/tammetorubbq.ee\/wp-content\/uploads\/2024\/03\/Victorinox-300x129.png\" alt=\"Victorinox \" width=\"163\" height=\"70\" srcset=\"https:\/\/tammetorubbq.ee\/wp-content\/uploads\/2024\/03\/Victorinox-300x129.png 300w, https:\/\/tammetorubbq.ee\/wp-content\/uploads\/2024\/03\/Victorinox-1024x441.png 1024w, https:\/\/tammetorubbq.ee\/wp-content\/uploads\/2024\/03\/Victorinox-768x331.png 768w, https:\/\/tammetorubbq.ee\/wp-content\/uploads\/2024\/03\/Victorinox-18x8.png 18w, https:\/\/tammetorubbq.ee\/wp-content\/uploads\/2024\/03\/Victorinox-600x258.png 600w, https:\/\/tammetorubbq.ee\/wp-content\/uploads\/2024\/03\/Victorinox-64x28.png 64w, https:\/\/tammetorubbq.ee\/wp-content\/uploads\/2024\/03\/Victorinox.png 1280w\" sizes=\"auto, (max-width: 163px) 100vw, 163px\" \/><\/p>","protected":false},"featured_media":1498,"comment_status":"open","ping_status":"closed","template":"","meta":{"_uf_show_specific_survey":0,"_uf_disable_surveys":false},"pwb-brand":[86],"product_brand":[],"product_cat":[27,20],"product_tag":[310],"class_list":{"0":"post-1495","1":"product","2":"type-product","3":"status-publish","4":"has-post-thumbnail","6":"pwb-brand-victorinox","7":"product_cat-noad","8":"product_cat-kampaania","9":"product_tag-victorinox","11":"first","12":"instock","13":"sale","14":"taxable","15":"shipping-taxable","16":"purchasable","17":"product-type-simple"},"brands":[{"id":86,"name":"Victorinox","slug":"victorinox"}],"_links":{"self":[{"href":"https:\/\/tammetorubbq.ee\/lv\/wp-json\/wp\/v2\/product\/1495","targetHints":{"allow":["GET"]}}],"collection":[{"href":"https:\/\/tammetorubbq.ee\/lv\/wp-json\/wp\/v2\/product"}],"about":[{"href":"https:\/\/tammetorubbq.ee\/lv\/wp-json\/wp\/v2\/types\/product"}],"replies":[{"embeddable":true,"href":"https:\/\/tammetorubbq.ee\/lv\/wp-json\/wp\/v2\/comments?post=1495"}],"wp:featuredmedia":[{"embeddable":true,"href":"https:\/\/tammetorubbq.ee\/lv\/wp-json\/wp\/v2\/media\/1498"}],"wp:attachment":[{"href":"https:\/\/tammetorubbq.ee\/lv\/wp-json\/wp\/v2\/media?parent=1495"}],"wp:term":[{"taxonomy":"pwb-brand","embeddable":true,"href":"https:\/\/tammetorubbq.ee\/lv\/wp-json\/wp\/v2\/pwb-brand?post=1495"},{"taxonomy":"product_brand","embeddable":true,"href":"https:\/\/tammetorubbq.ee\/lv\/wp-json\/wp\/v2\/product_brand?post=1495"},{"taxonomy":"product_cat","embeddable":true,"href":"https:\/\/tammetorubbq.ee\/lv\/wp-json\/wp\/v2\/product_cat?post=1495"},{"taxonomy":"product_tag","embeddable":true,"href":"https:\/\/tammetorubbq.ee\/lv\/wp-json\/wp\/v2\/product_tag?post=1495"}],"curies":[{"name":"wp","href":"https:\/\/api.w.org\/{rel}","templated":true}]}}