{"id":1501,"date":"2024-03-16T11:22:58","date_gmt":"2024-03-16T09:22:58","guid":{"rendered":"https:\/\/tammetorubbq.ee\/?post_type=product&#038;p=1501"},"modified":"2026-04-28T12:00:11","modified_gmt":"2026-04-28T09:00:11","slug":"victorinox-grand-maitre-griesanas-nazis","status":"publish","type":"product","link":"https:\/\/tammetorubbq.ee\/lv\/toode\/victorinox-grand-maitre-viilutamisnuga\/","title":{"rendered":"Victorinox \"Grand Maitre\" grie\u0161anas nazis"},"content":{"rendered":"<p><strong>IEPAKOJUMA IZM\u0112RI NA\u017dA DATI<\/strong><br \/>\nAugstums: 25 mm Kalts: j\u0101<br \/>\nGarums: 452 mm Malas tips: izliekta mala<br \/>\nPlatums: 94 mm Asme\u0146a garums: 260 mm<br \/>\nSvars: 312 g Roktura materi\u0101ls: polioksimetil\u0113ns (POM)<\/p>\n<p>Var mazg\u0101t trauku mazg\u0101jam\u0101 ma\u0161\u012bn\u0101: J\u0101<\/p>\n<p><strong>GARANTIJA<\/strong><br \/>\n\u0160im produktam ir sp\u0113k\u0101 Victorinox m\u016b\u017ea garantija.<\/p>","protected":false},"excerpt":{"rendered":"<p>Victorinox \"GRAND MAITRE\" kaltais \u0161\u0137\u0113l\u0113\u0161anas nazis pilda savas b\u016bt\u012bbas funkciju. Tas ne tikai labi izskat\u0101s, bet kaltais nazis ir \u013coti iztur\u012bgs, un t\u0101 \"izliekt\u0101 mala\" nodro\u0161ina vienm\u0113r\u012bgu grie\u0161anu, ne\u0161\u0137e\u013cot ga\u013cu. Elegantais un ergonomiskais rokturis nodro\u0161ina \u0113rtu satv\u0113rienu, grie\u017eot jebkura veida ga\u013cu.<\/p>\n<p><strong>-<\/strong> Viegli lietojams jebkuras ga\u013cas sagrie\u0161anai \u0161\u0137\u0113l\u0113s.<br \/>\n<strong>-<\/strong> Kalts grie\u0161anas nazis ar izliektu malu.<br \/>\n<strong>-<\/strong> Perfekti sabalans\u0113ts dizains ar elegantu ergonomisku rokturi.<br \/>\n<strong>-<\/strong> Ra\u017eots \u0160veic\u0113 \"SWISS MADE\".<\/p>\n<p>&nbsp;<\/p>\n<p><img loading=\"lazy\" decoding=\"async\" class=\"wp-image-1500\" src=\"http:\/\/tammetorubbq.ee\/wp-content\/uploads\/2024\/03\/Victorinox-300x129.png\" alt=\"Victorinox\" width=\"161\" height=\"69\" srcset=\"https:\/\/tammetorubbq.ee\/wp-content\/uploads\/2024\/03\/Victorinox-300x129.png 300w, https:\/\/tammetorubbq.ee\/wp-content\/uploads\/2024\/03\/Victorinox-1024x441.png 1024w, https:\/\/tammetorubbq.ee\/wp-content\/uploads\/2024\/03\/Victorinox-768x331.png 768w, https:\/\/tammetorubbq.ee\/wp-content\/uploads\/2024\/03\/Victorinox-18x8.png 18w, https:\/\/tammetorubbq.ee\/wp-content\/uploads\/2024\/03\/Victorinox-600x258.png 600w, https:\/\/tammetorubbq.ee\/wp-content\/uploads\/2024\/03\/Victorinox-64x28.png 64w, https:\/\/tammetorubbq.ee\/wp-content\/uploads\/2024\/03\/Victorinox.png 1280w\" sizes=\"auto, (max-width: 161px) 100vw, 161px\" \/><\/p>","protected":false},"featured_media":1502,"comment_status":"open","ping_status":"closed","template":"","meta":{"_uf_show_specific_survey":0,"_uf_disable_surveys":false},"pwb-brand":[86],"product_brand":[],"product_cat":[27,20],"product_tag":[310],"class_list":{"0":"post-1501","1":"product","2":"type-product","3":"status-publish","4":"has-post-thumbnail","6":"pwb-brand-victorinox","7":"product_cat-noad","8":"product_cat-kampaania","9":"product_tag-victorinox","11":"first","12":"instock","13":"sale","14":"taxable","15":"shipping-taxable","16":"purchasable","17":"product-type-simple"},"brands":[{"id":86,"name":"Victorinox","slug":"victorinox"}],"_links":{"self":[{"href":"https:\/\/tammetorubbq.ee\/lv\/wp-json\/wp\/v2\/product\/1501","targetHints":{"allow":["GET"]}}],"collection":[{"href":"https:\/\/tammetorubbq.ee\/lv\/wp-json\/wp\/v2\/product"}],"about":[{"href":"https:\/\/tammetorubbq.ee\/lv\/wp-json\/wp\/v2\/types\/product"}],"replies":[{"embeddable":true,"href":"https:\/\/tammetorubbq.ee\/lv\/wp-json\/wp\/v2\/comments?post=1501"}],"wp:featuredmedia":[{"embeddable":true,"href":"https:\/\/tammetorubbq.ee\/lv\/wp-json\/wp\/v2\/media\/1502"}],"wp:attachment":[{"href":"https:\/\/tammetorubbq.ee\/lv\/wp-json\/wp\/v2\/media?parent=1501"}],"wp:term":[{"taxonomy":"pwb-brand","embeddable":true,"href":"https:\/\/tammetorubbq.ee\/lv\/wp-json\/wp\/v2\/pwb-brand?post=1501"},{"taxonomy":"product_brand","embeddable":true,"href":"https:\/\/tammetorubbq.ee\/lv\/wp-json\/wp\/v2\/product_brand?post=1501"},{"taxonomy":"product_cat","embeddable":true,"href":"https:\/\/tammetorubbq.ee\/lv\/wp-json\/wp\/v2\/product_cat?post=1501"},{"taxonomy":"product_tag","embeddable":true,"href":"https:\/\/tammetorubbq.ee\/lv\/wp-json\/wp\/v2\/product_tag?post=1501"}],"curies":[{"name":"wp","href":"https:\/\/api.w.org\/{rel}","templated":true}]}}