{"id":1510,"date":"2024-03-17T11:06:55","date_gmt":"2024-03-17T09:06:55","guid":{"rendered":"https:\/\/tammetorubbq.ee\/?post_type=product&#038;p=1510"},"modified":"2026-04-19T18:01:03","modified_gmt":"2026-04-19T15:01:03","slug":"heston-blumenthal-barbekju-tangid-everdure","status":"publish","type":"product","link":"https:\/\/tammetorubbq.ee\/lv\/product-2\/heston-blumenthal-barbekju-tangid-everdure\/","title":{"rendered":"Everdure by Heston Blumenthal grilltangid"},"content":{"rendered":"<p>- Izgatavots no augstas kvalit\u0101tes ner\u016bs\u0113jo\u0161\u0101 t\u0113rauda.<br \/>\n- Augsta iztur\u012bba pret koroziju.<br \/>\n- Viegli satverams rokturis nodro\u0161ina \u0113rtu un vieglu lieto\u0161anu.<br \/>\n- Br\u016bna \u0101das piekaram\u0101 siksna.<br \/>\n- Garums 355 mm.<\/p>\n<p>Izm\u0113ri: 355x43x31 mm<\/p>","protected":false},"excerpt":{"rendered":"<p>Everdure by Heston Blumenthal ner\u016bs\u0113jo\u0161\u0101 t\u0113rauda gril\u0113\u0161anas knaibles (ar \u0101das pakaramo) - augstas kvalit\u0101tes un daudzpus\u012bgs r\u012bks gril\u0113\u0161anai.<\/p>\n<p>T\u0113rauda konstrukcija nodro\u0161ina stingru satv\u0113rienu un padara tos iztur\u012bgus gadiem ilgi.<\/p>\n<p>Izgatavotas no augstas kvalit\u0101tes ner\u016bs\u0113jo\u0161\u0101 t\u0113rauda, kas padara knaibles iztur\u012bgas pret koroziju un viegli t\u012br\u0101mas.<\/p>\n<p>Grila n\u016bji\u0146\u0101m ir \u0113rta cilpa (\u0101da, br\u016bna), lai t\u0101s \u0113rti uzglab\u0101t, kad t\u0101s netiek izmantotas.<\/p>\n<p>&nbsp;<\/p>\n<p><img loading=\"lazy\" decoding=\"async\" class=\"wp-image-1517\" src=\"http:\/\/tammetorubbq.ee\/wp-content\/uploads\/2024\/03\/Everdure-by-Heston-Blumenthal-logo-300x58.png\" alt=\"Everdure by Heston Blumenthal logo\" width=\"197\" height=\"38\" srcset=\"https:\/\/tammetorubbq.ee\/wp-content\/uploads\/2024\/03\/Everdure-by-Heston-Blumenthal-logo-300x58.png 300w, https:\/\/tammetorubbq.ee\/wp-content\/uploads\/2024\/03\/Everdure-by-Heston-Blumenthal-logo-768x147.png 768w, https:\/\/tammetorubbq.ee\/wp-content\/uploads\/2024\/03\/Everdure-by-Heston-Blumenthal-logo-18x3.png 18w, https:\/\/tammetorubbq.ee\/wp-content\/uploads\/2024\/03\/Everdure-by-Heston-Blumenthal-logo-600x115.png 600w, https:\/\/tammetorubbq.ee\/wp-content\/uploads\/2024\/03\/Everdure-by-Heston-Blumenthal-logo-64x12.png 64w, https:\/\/tammetorubbq.ee\/wp-content\/uploads\/2024\/03\/Everdure-by-Heston-Blumenthal-logo.png 1000w\" sizes=\"auto, (max-width: 197px) 100vw, 197px\" \/><\/p>","protected":false},"featured_media":1511,"comment_status":"open","ping_status":"closed","template":"","meta":{"_uf_show_specific_survey":0,"_uf_disable_surveys":false},"pwb-brand":[],"product_brand":[],"product_cat":[30],"product_tag":[134,355],"class_list":{"0":"post-1510","1":"product","2":"type-product","3":"status-publish","4":"has-post-thumbnail","6":"product_cat-grillimise-tarvikud","7":"product_tag-grillimise-tarvikud","8":"product_tag-grilltangid","10":"first","11":"instock","12":"taxable","13":"shipping-taxable","14":"purchasable","15":"product-type-simple"},"brands":[],"_links":{"self":[{"href":"https:\/\/tammetorubbq.ee\/lv\/wp-json\/wp\/v2\/product\/1510","targetHints":{"allow":["GET"]}}],"collection":[{"href":"https:\/\/tammetorubbq.ee\/lv\/wp-json\/wp\/v2\/product"}],"about":[{"href":"https:\/\/tammetorubbq.ee\/lv\/wp-json\/wp\/v2\/types\/product"}],"replies":[{"embeddable":true,"href":"https:\/\/tammetorubbq.ee\/lv\/wp-json\/wp\/v2\/comments?post=1510"}],"wp:featuredmedia":[{"embeddable":true,"href":"https:\/\/tammetorubbq.ee\/lv\/wp-json\/wp\/v2\/media\/1511"}],"wp:attachment":[{"href":"https:\/\/tammetorubbq.ee\/lv\/wp-json\/wp\/v2\/media?parent=1510"}],"wp:term":[{"taxonomy":"pwb-brand","embeddable":true,"href":"https:\/\/tammetorubbq.ee\/lv\/wp-json\/wp\/v2\/pwb-brand?post=1510"},{"taxonomy":"product_brand","embeddable":true,"href":"https:\/\/tammetorubbq.ee\/lv\/wp-json\/wp\/v2\/product_brand?post=1510"},{"taxonomy":"product_cat","embeddable":true,"href":"https:\/\/tammetorubbq.ee\/lv\/wp-json\/wp\/v2\/product_cat?post=1510"},{"taxonomy":"product_tag","embeddable":true,"href":"https:\/\/tammetorubbq.ee\/lv\/wp-json\/wp\/v2\/product_tag?post=1510"}],"curies":[{"name":"wp","href":"https:\/\/api.w.org\/{rel}","templated":true}]}}