{"id":1520,"date":"2024-03-18T12:38:44","date_gmt":"2024-03-18T10:38:44","guid":{"rendered":"https:\/\/tammetorubbq.ee\/?post_type=product&#038;p=1520"},"modified":"2026-04-29T22:00:02","modified_gmt":"2026-04-29T19:00:02","slug":"omberg-barbekju-piederumu-komplekts-no-3-dalam","status":"publish","type":"product","link":"https:\/\/tammetorubbq.ee\/lv\/toode\/omberg-grilltarvikute-3-osaline-komplekt\/","title":{"rendered":"Omberg 3 gabalu gril\u0113\u0161anas piederumu komplekts"},"content":{"rendered":"<p><strong>Omberg b\u0101rbekj\u016b piederumu komplekts<\/strong>\u00a0nodro\u0161ina visu nepiecie\u0161amo, lai gril\u0113\u0161ana b\u016btu vienm\u0113r\u012bga un efekt\u012bva.<\/p>\n<p>Komplekt\u0101 ietilpst:<\/p>\n<ul>\n<li><strong>Grila labidas<\/strong>A: Tam ir ass, smails gals, kas \u013cauj viegli pacelt uz grila rest\u0113m vai re\u017e\u0123a iespr\u016bdu\u0161u \u0113dienu. Grila l\u0101psti\u0146ai ir ar\u012b zobaina kreis\u0101 puse, kas \u013cauj \u0101tri un viegli sagriezt \u0113dienu bez \u0161\u0137\u0113r\u0161\u013ciem.<\/li>\n<li><strong>Grila re\u017e\u0123a t\u012br\u012b\u0161anas birste<\/strong>: Birstei ir iztur\u012bgs rokturis, kas nesaliecas un nesal\u016bst pat tad, ja suku t\u012briet intens\u012bvi. Birstes galvi\u0146u veido t\u0113rauda birstes, kas bez probl\u0113m\u0101m not\u012bra gan \u010duguna, gan ner\u016bs\u0113jo\u0161\u0101 t\u0113rauda re\u017e\u0123us.<\/li>\n<li><strong>Grila stie\u0146i (41 cm)<\/strong>: Tie ir apr\u012bkoti ar gar\u0101ku rokturi un m\u012bkstu atsperi, kas nav p\u0101r\u0101k stingra, nodro\u0161inot komfortu, ja gril\u0113\u0161anas laik\u0101 \u0113dienu nepiecie\u0161ams vair\u0101kk\u0101rt pagriezt.<\/li>\n<\/ul>\n<p>\u0160is komplekts ir ne tikai praktisks, bet ar\u012b vizu\u0101li pievilc\u012bgs, pateicoties ner\u016bs\u0113jo\u0161\u0101 t\u0113rauda piederumiem un da\u013c\u0113ji koka rokturiem, kas rada \u012bstu grila meistara saj\u016btu.<\/p>","protected":false},"excerpt":{"rendered":"<p>Omberg 3 deta\u013cu gril\u0113\u0161anas piederumu komplekts ir stil\u012bgs un augst\u0101k\u0101s kvalit\u0101tes, un taj\u0101 ietilpst gril\u0113\u0161anas stienis, grila re\u017e\u0123a t\u012br\u012b\u0161anas birste un gril\u0113\u0161anas l\u0101psti\u0146a.<\/p>\n<p>Visi piederumi ir izgatavoti no ner\u016bs\u0113jo\u0161\u0101 t\u0113rauda un da\u013c\u0113ji ar koka rokturiem, kas pie\u0161\u0137ir greznuma saj\u016btu.<\/p>\n<p>&nbsp;<\/p>\n<p>&nbsp;<\/p>\n<p><img loading=\"lazy\" decoding=\"async\" class=\"size-full wp-image-1521\" src=\"http:\/\/tammetorubbq.ee\/wp-content\/uploads\/2024\/03\/Omberg-kitchen-logo.webp\" alt=\"Omberg virtuves logotips\" width=\"120\" height=\"120\" srcset=\"https:\/\/tammetorubbq.ee\/wp-content\/uploads\/2024\/03\/Omberg-kitchen-logo.webp 120w, https:\/\/tammetorubbq.ee\/wp-content\/uploads\/2024\/03\/Omberg-kitchen-logo-12x12.webp 12w, https:\/\/tammetorubbq.ee\/wp-content\/uploads\/2024\/03\/Omberg-kitchen-logo-64x64.webp 64w\" sizes=\"auto, (max-width: 120px) 100vw, 120px\" \/><\/p>","protected":false},"featured_media":1522,"comment_status":"open","ping_status":"closed","template":"","meta":{"_uf_show_specific_survey":0,"_uf_disable_surveys":false},"pwb-brand":[87],"product_brand":[],"product_cat":[30],"product_tag":[356,134,357,355],"class_list":{"0":"post-1520","1":"product","2":"type-product","3":"status-publish","4":"has-post-thumbnail","6":"pwb-brand-omberg","7":"product_cat-grillimise-tarvikud","8":"product_tag-grilli-labidas","9":"product_tag-grillimise-tarvikud","10":"product_tag-grillresti-puhastushari","11":"product_tag-grilltangid","13":"first","14":"instock","15":"taxable","16":"shipping-taxable","17":"purchasable","18":"product-type-simple"},"brands":[{"id":87,"name":"Omberg","slug":"omberg"}],"_links":{"self":[{"href":"https:\/\/tammetorubbq.ee\/lv\/wp-json\/wp\/v2\/product\/1520","targetHints":{"allow":["GET"]}}],"collection":[{"href":"https:\/\/tammetorubbq.ee\/lv\/wp-json\/wp\/v2\/product"}],"about":[{"href":"https:\/\/tammetorubbq.ee\/lv\/wp-json\/wp\/v2\/types\/product"}],"replies":[{"embeddable":true,"href":"https:\/\/tammetorubbq.ee\/lv\/wp-json\/wp\/v2\/comments?post=1520"}],"wp:featuredmedia":[{"embeddable":true,"href":"https:\/\/tammetorubbq.ee\/lv\/wp-json\/wp\/v2\/media\/1522"}],"wp:attachment":[{"href":"https:\/\/tammetorubbq.ee\/lv\/wp-json\/wp\/v2\/media?parent=1520"}],"wp:term":[{"taxonomy":"pwb-brand","embeddable":true,"href":"https:\/\/tammetorubbq.ee\/lv\/wp-json\/wp\/v2\/pwb-brand?post=1520"},{"taxonomy":"product_brand","embeddable":true,"href":"https:\/\/tammetorubbq.ee\/lv\/wp-json\/wp\/v2\/product_brand?post=1520"},{"taxonomy":"product_cat","embeddable":true,"href":"https:\/\/tammetorubbq.ee\/lv\/wp-json\/wp\/v2\/product_cat?post=1520"},{"taxonomy":"product_tag","embeddable":true,"href":"https:\/\/tammetorubbq.ee\/lv\/wp-json\/wp\/v2\/product_tag?post=1520"}],"curies":[{"name":"wp","href":"https:\/\/api.w.org\/{rel}","templated":true}]}}