{"id":1559,"date":"2024-03-31T11:18:32","date_gmt":"2024-03-31T08:18:32","guid":{"rendered":"https:\/\/tammetorubbq.ee\/?post_type=product&#038;p=1559"},"modified":"2026-04-15T07:00:08","modified_gmt":"2026-04-15T04:00:08","slug":"big-poppa-smokers-money-rub-397g","status":"publish","type":"product","link":"https:\/\/tammetorubbq.ee\/lv\/product-2\/big-poppa-smokers-money-rub-397g\/","title":{"rendered":"Big Poppa Smokers Money Rub 397g"},"content":{"rendered":"<p>Sast\u0101vs: iztvaic\u0113ta cukurniedru cukurniedru sula, j\u016bras s\u0101ls, dehidr\u0113ti \u0137iploki, s\u012bpoli, paprika un citrons, gar\u0161vielas, tostarp \u010dilli pipari, citronsk\u0101be, n\u0101trija inosin\u0101ts un guanil\u0101ts, selerijas pulveris, kurkuma (kr\u0101sviela), dab\u012bg\u0101s aromatiz\u0113t\u0101jvielas, paprikas ekstrakti (kr\u0101sviela) un ne vair\u0101k k\u0101 2% trikalcija fosf\u0101ta, lai nov\u0113rstu sa\u0137ep\u0161anu.<\/p>","protected":false},"excerpt":{"rendered":"<p>Big Poppa Smokers Money gar\u0161viela ir vispaz\u012bstam\u0101k\u0101 gar\u0161viela to kl\u0101st\u0101, un t\u0101 ir uz BBQ meistaru galda vis\u0101 pasaul\u0113.<\/p>\n<p>Pat\u012bkams s\u0101ls, piparu un cukura mais\u012bjums.<\/p>\n<p>Big Poppa Smokers Money Rub pikant\u0101s piln\u012bbas nosl\u0113pums sl\u0113pjas lielajos s\u0101ls krist\u0101los, kas graciozi k\u016bst j\u016bsu ga\u013c\u0101, atst\u0101jot vienk\u0101r\u0161i neatvair\u0101mu pikantu gar\u0161u.<\/p>\n<p>Ta\u010du Money BBQ rub nav tikai gar\u0161as l\u012bdzeklis - tas pie\u0161\u0137ir ga\u013cai ar\u012b bag\u0101t\u012bgu un pievilc\u012bgu kr\u0101su, padarot to gan vizu\u0101li pievilc\u012bgu, gan gardu.<\/p>\n<p>Lieliski sader ar liellopu ga\u013cu, c\u016bkga\u013cu un vistas ga\u013cu.<br \/>\nBez lipek\u013ca.<\/p>\n<p><strong>Nauda Rub nepaz\u012bst robe\u017eas, kad runa ir par gar\u0161as uzlabo\u0161anu.<\/strong><\/p>\n<p><img loading=\"lazy\" decoding=\"async\" class=\"wp-image-1557\" src=\"http:\/\/tammetorubbq.ee\/wp-content\/uploads\/2024\/03\/Big-Poppa-Smokers-Logo-Vector-300x225.webp\" alt=\"Big Poppa Smokers\" width=\"167\" height=\"125\" srcset=\"https:\/\/tammetorubbq.ee\/wp-content\/uploads\/2024\/03\/Big-Poppa-Smokers-Logo-Vector-300x225.webp 300w, https:\/\/tammetorubbq.ee\/wp-content\/uploads\/2024\/03\/Big-Poppa-Smokers-Logo-Vector-768x576.webp 768w, https:\/\/tammetorubbq.ee\/wp-content\/uploads\/2024\/03\/Big-Poppa-Smokers-Logo-Vector-16x12.webp 16w, https:\/\/tammetorubbq.ee\/wp-content\/uploads\/2024\/03\/Big-Poppa-Smokers-Logo-Vector-600x450.webp 600w, https:\/\/tammetorubbq.ee\/wp-content\/uploads\/2024\/03\/Big-Poppa-Smokers-Logo-Vector-64x48.webp 64w, https:\/\/tammetorubbq.ee\/wp-content\/uploads\/2024\/03\/Big-Poppa-Smokers-Logo-Vector.webp 866w\" sizes=\"auto, (max-width: 167px) 100vw, 167px\" \/><\/p>","protected":false},"featured_media":1563,"comment_status":"open","ping_status":"closed","template":"","meta":{"_uf_show_specific_survey":0,"_uf_disable_surveys":false},"pwb-brand":[80],"product_brand":[],"product_cat":[21],"product_tag":[],"class_list":{"0":"post-1559","1":"product","2":"type-product","3":"status-publish","4":"has-post-thumbnail","6":"pwb-brand-big-poppas","7":"product_cat-maitseainesegud","9":"first","10":"outofstock","11":"taxable","12":"shipping-taxable","13":"purchasable","14":"product-type-simple"},"brands":[{"id":80,"name":"Big Poppa's","slug":"big-poppas"}],"_links":{"self":[{"href":"https:\/\/tammetorubbq.ee\/lv\/wp-json\/wp\/v2\/product\/1559","targetHints":{"allow":["GET"]}}],"collection":[{"href":"https:\/\/tammetorubbq.ee\/lv\/wp-json\/wp\/v2\/product"}],"about":[{"href":"https:\/\/tammetorubbq.ee\/lv\/wp-json\/wp\/v2\/types\/product"}],"replies":[{"embeddable":true,"href":"https:\/\/tammetorubbq.ee\/lv\/wp-json\/wp\/v2\/comments?post=1559"}],"wp:featuredmedia":[{"embeddable":true,"href":"https:\/\/tammetorubbq.ee\/lv\/wp-json\/wp\/v2\/media\/1563"}],"wp:attachment":[{"href":"https:\/\/tammetorubbq.ee\/lv\/wp-json\/wp\/v2\/media?parent=1559"}],"wp:term":[{"taxonomy":"pwb-brand","embeddable":true,"href":"https:\/\/tammetorubbq.ee\/lv\/wp-json\/wp\/v2\/pwb-brand?post=1559"},{"taxonomy":"product_brand","embeddable":true,"href":"https:\/\/tammetorubbq.ee\/lv\/wp-json\/wp\/v2\/product_brand?post=1559"},{"taxonomy":"product_cat","embeddable":true,"href":"https:\/\/tammetorubbq.ee\/lv\/wp-json\/wp\/v2\/product_cat?post=1559"},{"taxonomy":"product_tag","embeddable":true,"href":"https:\/\/tammetorubbq.ee\/lv\/wp-json\/wp\/v2\/product_tag?post=1559"}],"curies":[{"name":"wp","href":"https:\/\/api.w.org\/{rel}","templated":true}]}}