{"id":1570,"date":"2024-04-01T10:43:15","date_gmt":"2024-04-01T07:43:15","guid":{"rendered":"https:\/\/tammetorubbq.ee\/?post_type=product&#038;p=1570"},"modified":"2026-04-29T22:00:17","modified_gmt":"2026-04-29T19:00:17","slug":"grila-rezga-tirisanas-birste-traeger","status":"publish","type":"product","link":"https:\/\/tammetorubbq.ee\/lv\/toode\/grillresti-puhastushari-traeger\/","title":{"rendered":"Grila re\u017e\u0123a t\u012br\u012b\u0161anas birste Traeger"},"content":{"rendered":"<ul>\n<li>Paredz\u0113ts atdzes\u0113tu grila plauktu t\u012br\u012b\u0161anai.<\/li>\n<li>Neilona sari neboj\u0101 aug\u0161stilbus.<\/li>\n<li>Ner\u016bs\u0113jo\u0161\u0101 t\u0113rauda konstrukcija nodro\u0161ina iztur\u012bbu.<\/li>\n<li>Iztur\u012bgs t\u012bkkoka rokturis.<\/li>\n<li>\u0112rta cilpa piek\u0101r\u0161anai.<\/li>\n<li>Dubult\u0101 rokturis.<\/li>\n<li>Pieejamas rezerves birstes.<\/li>\n<\/ul>","protected":false},"excerpt":{"rendered":"<p>TRAEGER grila t\u012br\u012b\u0161anas birste ir dro\u0161\u0101kais veids, k\u0101 t\u012br\u012bt atdzes\u0113tas grila restes - grila t\u012br\u012b\u0161anas birstei ir neilona sari, kas neboj\u0101 grila restes un neaiz\u0137eras \u0113dien\u0101.<\/p>\n<p>Ner\u016bs\u0113jo\u0161\u0101 t\u0113rauda konstrukcija iztur\u012bbai, iztur\u012bgs t\u012bkkoka rokturis, \u0113rta \u0101das cilpa pak\u0101r\u0161anai, dubults rokturis.<\/p>\n<p>Ir pieejamas ar\u012b rezerves birstes.<\/p>\n<p><img loading=\"lazy\" decoding=\"async\" class=\"wp-image-1509\" src=\"http:\/\/tammetorubbq.ee\/wp-content\/uploads\/2024\/03\/traeger-grills-logo-vector-300x167.png\" alt=\"Traeger logotips\" width=\"137\" height=\"76\" srcset=\"https:\/\/tammetorubbq.ee\/wp-content\/uploads\/2024\/03\/traeger-grills-logo-vector-300x167.png 300w, https:\/\/tammetorubbq.ee\/wp-content\/uploads\/2024\/03\/traeger-grills-logo-vector-768x427.png 768w, https:\/\/tammetorubbq.ee\/wp-content\/uploads\/2024\/03\/traeger-grills-logo-vector-18x10.png 18w, https:\/\/tammetorubbq.ee\/wp-content\/uploads\/2024\/03\/traeger-grills-logo-vector-600x333.png 600w, https:\/\/tammetorubbq.ee\/wp-content\/uploads\/2024\/03\/traeger-grills-logo-vector-64x36.png 64w, https:\/\/tammetorubbq.ee\/wp-content\/uploads\/2024\/03\/traeger-grills-logo-vector.png 900w\" sizes=\"auto, (max-width: 137px) 100vw, 137px\" \/><\/p>","protected":false},"featured_media":1571,"comment_status":"open","ping_status":"closed","template":"","meta":{"_uf_show_specific_survey":0,"_uf_disable_surveys":false},"pwb-brand":[62],"product_brand":[],"product_cat":[30],"product_tag":[134,357,141],"class_list":{"0":"post-1570","1":"product","2":"type-product","3":"status-publish","4":"has-post-thumbnail","6":"pwb-brand-traeger","7":"product_cat-grillimise-tarvikud","8":"product_tag-grillimise-tarvikud","9":"product_tag-grillresti-puhastushari","10":"product_tag-traeger","12":"first","13":"instock","14":"taxable","15":"shipping-taxable","16":"purchasable","17":"product-type-simple"},"brands":[{"id":62,"name":"Traeger","slug":"traeger"}],"_links":{"self":[{"href":"https:\/\/tammetorubbq.ee\/lv\/wp-json\/wp\/v2\/product\/1570","targetHints":{"allow":["GET"]}}],"collection":[{"href":"https:\/\/tammetorubbq.ee\/lv\/wp-json\/wp\/v2\/product"}],"about":[{"href":"https:\/\/tammetorubbq.ee\/lv\/wp-json\/wp\/v2\/types\/product"}],"replies":[{"embeddable":true,"href":"https:\/\/tammetorubbq.ee\/lv\/wp-json\/wp\/v2\/comments?post=1570"}],"wp:featuredmedia":[{"embeddable":true,"href":"https:\/\/tammetorubbq.ee\/lv\/wp-json\/wp\/v2\/media\/1571"}],"wp:attachment":[{"href":"https:\/\/tammetorubbq.ee\/lv\/wp-json\/wp\/v2\/media?parent=1570"}],"wp:term":[{"taxonomy":"pwb-brand","embeddable":true,"href":"https:\/\/tammetorubbq.ee\/lv\/wp-json\/wp\/v2\/pwb-brand?post=1570"},{"taxonomy":"product_brand","embeddable":true,"href":"https:\/\/tammetorubbq.ee\/lv\/wp-json\/wp\/v2\/product_brand?post=1570"},{"taxonomy":"product_cat","embeddable":true,"href":"https:\/\/tammetorubbq.ee\/lv\/wp-json\/wp\/v2\/product_cat?post=1570"},{"taxonomy":"product_tag","embeddable":true,"href":"https:\/\/tammetorubbq.ee\/lv\/wp-json\/wp\/v2\/product_tag?post=1570"}],"curies":[{"name":"wp","href":"https:\/\/api.w.org\/{rel}","templated":true}]}}