{"id":1677,"date":"2024-05-21T14:22:50","date_gmt":"2024-05-21T11:22:50","guid":{"rendered":"https:\/\/tammetorubbq.ee\/?post_type=product&#038;p=1677"},"modified":"2026-04-28T08:00:06","modified_gmt":"2026-04-28T05:00:06","slug":"traeger-grila-granulas-bold-blend-814kg","status":"publish","type":"product","link":"https:\/\/tammetorubbq.ee\/lv\/toode\/traeger-grillpellet-bold-blend-814kg\/","title":{"rendered":"Traeger grila granulas Bold Blend 8,14kg"},"content":{"rendered":"","protected":false},"excerpt":{"rendered":"<p><span style=\"color: #ff0000;\"><strong>Ierobe\u017eots izdevums!!!<\/strong><\/span><\/p>\n<p>Traeger cietkoksnes granulas ir \u012bpa\u0161i izstr\u0101d\u0101tas, lai rad\u012btu tie\u0161i tik daudz d\u016bmu un nodro\u0161in\u0101tu uzticamu sadeg\u0161anu Traeger granulu grilos.<\/p>\n<p>Koksnes granulas ir 100% dab\u012bga cietkoksne, bez mizas, bez saistviel\u0101m un pildviel\u0101m - tikai t\u012bra, nevainojama cietkoksne.<\/p>\n<p>Traeger Bold Blend mais\u012bjuma granulas ir hikori un \u0137ir\u0161u kombin\u0101cija ar rozmar\u012bna piegar\u0161u.<\/p>\n<p>\u0160is drosm\u012bgais mais\u012bjums ir lieliski piem\u0113rots liellopu ga\u013cas, med\u012bjuma un d\u0101rze\u0146u \u0113dieniem.<\/p>\n<p><img loading=\"lazy\" decoding=\"async\" class=\"wp-image-1509\" src=\"http:\/\/tammetorubbq.ee\/wp-content\/uploads\/2024\/03\/traeger-grills-logo-vector-300x167.png\" alt=\"Traeger logotips\" width=\"169\" height=\"94\" srcset=\"https:\/\/tammetorubbq.ee\/wp-content\/uploads\/2024\/03\/traeger-grills-logo-vector-300x167.png 300w, https:\/\/tammetorubbq.ee\/wp-content\/uploads\/2024\/03\/traeger-grills-logo-vector-768x427.png 768w, https:\/\/tammetorubbq.ee\/wp-content\/uploads\/2024\/03\/traeger-grills-logo-vector-18x10.png 18w, https:\/\/tammetorubbq.ee\/wp-content\/uploads\/2024\/03\/traeger-grills-logo-vector-600x333.png 600w, https:\/\/tammetorubbq.ee\/wp-content\/uploads\/2024\/03\/traeger-grills-logo-vector-64x36.png 64w, https:\/\/tammetorubbq.ee\/wp-content\/uploads\/2024\/03\/traeger-grills-logo-vector.png 900w\" sizes=\"auto, (max-width: 169px) 100vw, 169px\" \/><\/p>\n<p>&nbsp;<\/p>","protected":false},"featured_media":1678,"comment_status":"open","ping_status":"closed","template":"","meta":{"_uf_show_specific_survey":0,"_uf_disable_surveys":false},"pwb-brand":[62],"product_brand":[],"product_cat":[54],"product_tag":[225,141],"class_list":{"0":"post-1677","1":"product","2":"type-product","3":"status-publish","4":"has-post-thumbnail","6":"pwb-brand-traeger","7":"product_cat-puidupellet","8":"product_tag-puidupellet","9":"product_tag-traeger","11":"first","12":"instock","13":"taxable","14":"shipping-taxable","15":"purchasable","16":"product-type-simple"},"brands":[{"id":62,"name":"Traeger","slug":"traeger"}],"_links":{"self":[{"href":"https:\/\/tammetorubbq.ee\/lv\/wp-json\/wp\/v2\/product\/1677","targetHints":{"allow":["GET"]}}],"collection":[{"href":"https:\/\/tammetorubbq.ee\/lv\/wp-json\/wp\/v2\/product"}],"about":[{"href":"https:\/\/tammetorubbq.ee\/lv\/wp-json\/wp\/v2\/types\/product"}],"replies":[{"embeddable":true,"href":"https:\/\/tammetorubbq.ee\/lv\/wp-json\/wp\/v2\/comments?post=1677"}],"wp:featuredmedia":[{"embeddable":true,"href":"https:\/\/tammetorubbq.ee\/lv\/wp-json\/wp\/v2\/media\/1678"}],"wp:attachment":[{"href":"https:\/\/tammetorubbq.ee\/lv\/wp-json\/wp\/v2\/media?parent=1677"}],"wp:term":[{"taxonomy":"pwb-brand","embeddable":true,"href":"https:\/\/tammetorubbq.ee\/lv\/wp-json\/wp\/v2\/pwb-brand?post=1677"},{"taxonomy":"product_brand","embeddable":true,"href":"https:\/\/tammetorubbq.ee\/lv\/wp-json\/wp\/v2\/product_brand?post=1677"},{"taxonomy":"product_cat","embeddable":true,"href":"https:\/\/tammetorubbq.ee\/lv\/wp-json\/wp\/v2\/product_cat?post=1677"},{"taxonomy":"product_tag","embeddable":true,"href":"https:\/\/tammetorubbq.ee\/lv\/wp-json\/wp\/v2\/product_tag?post=1677"}],"curies":[{"name":"wp","href":"https:\/\/api.w.org\/{rel}","templated":true}]}}