{"id":1682,"date":"2024-05-21T18:15:15","date_gmt":"2024-05-21T15:15:15","guid":{"rendered":"https:\/\/tammetorubbq.ee\/?post_type=product&#038;p=1682"},"modified":"2026-04-15T03:00:14","modified_gmt":"2026-04-15T00:00:14","slug":"plowboys-bbq-yardbird-rub-198g","status":"publish","type":"product","link":"https:\/\/tammetorubbq.ee\/lv\/product-2\/plowboys-bbq-yardbird-rub-198g\/","title":{"rendered":"Plowboys BBQ Yardbird Rub 198g"},"content":{"rendered":"<p><strong>Sast\u0101vda\u013cas:<\/strong> s\u0101ls, cukurs, gar\u0161vielas (tostarp \u010dilli pipari), paprika, \u0137iploki, s\u012bpoli, selerijas s\u0113klas, sinepju s\u0113klas. Nesatur n\u0101trija nitr\u0101tu un lipekli.<\/p>","protected":false},"excerpt":{"rendered":"<h3 data-start=\"114\" data-end=\"178\"><strong data-start=\"118\" data-end=\"178\">Plowboys BBQ Yardbird Rub - Gar\u0161a, kas uzvar sac\u012bkst\u0113s!<\/strong><\/h3>\n<p data-start=\"180\" data-end=\"490\"><strong data-start=\"180\" data-end=\"205\">Plowboys Yardbird Rub<\/strong> ir le\u0123end\u0101ra BBQ gar\u0161viela, kas \u012bpa\u0161i rad\u012bta vistas un c\u016bkga\u013cas ga\u013cai, ta\u010du t\u0101 burv\u012bgi iedarbojas ar\u012b uz citu veidu ga\u013cu un grila izstr\u0101d\u0101jumiem. \u0160\u012b sm\u0113re ir slavena ar savu sabalans\u0113to saldo, k\u016bpin\u0101to un maigi pikanto gar\u0161u profilu, kas \u013cauj izcelt maksim\u0101li sul\u012bgu un dzi\u013cu ga\u013cas gar\u0161u.<\/p>\n<p>Ide\u0101li piem\u0113rots vistas ga\u013cai, c\u016bkga\u013cas ribi\u0146\u0101m, c\u016bkga\u013cai, sp\u0101rni\u0146iem un pat popkornam!<\/p>\n<p data-start=\"131\" data-end=\"150\">\ud83d\udd25 <strong data-start=\"138\" data-end=\"150\">Profesion\u0101\u013cu padoms: <\/strong><strong data-start=\"151\" data-end=\"176\">Plowboys Yardbird Rub<\/strong> \u012bpa\u0161i labi der, ja pirms gril\u0113\u0161anas \u013caujiet ga\u013cai 30 min\u016btes ies\u016bkties arom\u0101t\u0101. Lai ieg\u016btu v\u0113l lab\u0101kus rezult\u0101tus, atst\u0101jiet gar\u0161viel\u0101m pies\u016bcin\u0101to vistu ledusskap\u012b. <em data-start=\"327\" data-end=\"346\">marin\u0113t uz nakti<\/em> - tas piln\u012bb\u0101 izce\u013c visu iezie\u0161anas potenci\u0101lu un nodro\u0161ina sul\u012bgu un arom\u0101tisku galarezult\u0101tu.<\/p>\n<p><img loading=\"lazy\" decoding=\"async\" class=\"wp-image-1685\" src=\"http:\/\/tammetorubbq.ee\/wp-content\/uploads\/2024\/05\/Plowboys-BBQ-logo-300x183.jpg\" alt=\"Plowboys BBQ logotips\" width=\"167\" height=\"102\" srcset=\"https:\/\/tammetorubbq.ee\/wp-content\/uploads\/2024\/05\/Plowboys-BBQ-logo-300x183.jpg 300w, https:\/\/tammetorubbq.ee\/wp-content\/uploads\/2024\/05\/Plowboys-BBQ-logo-18x12.jpg 18w, https:\/\/tammetorubbq.ee\/wp-content\/uploads\/2024\/05\/Plowboys-BBQ-logo-64x39.jpg 64w, https:\/\/tammetorubbq.ee\/wp-content\/uploads\/2024\/05\/Plowboys-BBQ-logo.jpg 414w\" sizes=\"auto, (max-width: 167px) 100vw, 167px\" \/><\/p>","protected":false},"featured_media":3237,"comment_status":"open","ping_status":"closed","template":"","meta":{"_uf_show_specific_survey":0,"_uf_disable_surveys":false},"pwb-brand":[79],"product_brand":[],"product_cat":[21],"product_tag":[118,159,114,122],"class_list":{"0":"post-1682","1":"product","2":"type-product","3":"status-publish","4":"has-post-thumbnail","6":"pwb-brand-plowboys","7":"product_cat-maitseainesegud","8":"product_tag-kanaliha","9":"product_tag-kanatiivad","10":"product_tag-sealiha","11":"product_tag-searibi","13":"first","14":"instock","15":"taxable","16":"shipping-taxable","17":"purchasable","18":"product-type-simple"},"brands":[{"id":79,"name":"Plowboy's","slug":"plowboys"}],"_links":{"self":[{"href":"https:\/\/tammetorubbq.ee\/lv\/wp-json\/wp\/v2\/product\/1682","targetHints":{"allow":["GET"]}}],"collection":[{"href":"https:\/\/tammetorubbq.ee\/lv\/wp-json\/wp\/v2\/product"}],"about":[{"href":"https:\/\/tammetorubbq.ee\/lv\/wp-json\/wp\/v2\/types\/product"}],"replies":[{"embeddable":true,"href":"https:\/\/tammetorubbq.ee\/lv\/wp-json\/wp\/v2\/comments?post=1682"}],"wp:featuredmedia":[{"embeddable":true,"href":"https:\/\/tammetorubbq.ee\/lv\/wp-json\/wp\/v2\/media\/3237"}],"wp:attachment":[{"href":"https:\/\/tammetorubbq.ee\/lv\/wp-json\/wp\/v2\/media?parent=1682"}],"wp:term":[{"taxonomy":"pwb-brand","embeddable":true,"href":"https:\/\/tammetorubbq.ee\/lv\/wp-json\/wp\/v2\/pwb-brand?post=1682"},{"taxonomy":"product_brand","embeddable":true,"href":"https:\/\/tammetorubbq.ee\/lv\/wp-json\/wp\/v2\/product_brand?post=1682"},{"taxonomy":"product_cat","embeddable":true,"href":"https:\/\/tammetorubbq.ee\/lv\/wp-json\/wp\/v2\/product_cat?post=1682"},{"taxonomy":"product_tag","embeddable":true,"href":"https:\/\/tammetorubbq.ee\/lv\/wp-json\/wp\/v2\/product_tag?post=1682"}],"curies":[{"name":"wp","href":"https:\/\/api.w.org\/{rel}","templated":true}]}}