{"id":1686,"date":"2024-05-21T18:34:46","date_gmt":"2024-05-21T15:34:46","guid":{"rendered":"https:\/\/tammetorubbq.ee\/?post_type=product&#038;p=1686"},"modified":"2026-04-15T03:00:11","modified_gmt":"2026-04-15T00:00:11","slug":"big-poppa-smokers-double-secret-steiku-berzesana-397g","status":"publish","type":"product","link":"https:\/\/tammetorubbq.ee\/lv\/product-2\/big-poppa-smokers-double-secret-steiku-berzesana-397g\/","title":{"rendered":"Big Poppa Smokers Double Secret Steak Rub 397g"},"content":{"rendered":"<p><strong>Sast\u0101vda\u013cas:<\/strong> meresool; kuivatatud k\u00fc\u00fcslauk, sibul, paprika ja sidrun, v\u00fcrtsid, suhkur, paprika, pruun suhkur, sidrunhape, selleriseemned, kurkum (v\u00e4rv), naturaalsed maitseained\u00a0 ja paprika ekstrakt (v\u00e4rv).<\/p>","protected":false},"excerpt":{"rendered":"<p><strong><span style=\"color: #0000ff;\">Double Secret gar\u0161vielas ir j\u016bsu slepenais ierocis!<\/span><\/strong><\/p>\n<p>\u0160\u012bs izcil\u0101s gar\u0161vielas pamat\u0101 ir bag\u0101t\u012bgs rupj\u0101s j\u016bras s\u0101ls mais\u012bjums, kas lieliski sajaucas ar augst\u0101k\u0101s kvalit\u0101tes gar\u0161viel\u0101m, lai papildin\u0101tu liellopu ga\u013cas dabisko gar\u0161u.<\/p>\n<p>Rezult\u0101ts? Neatvair\u0101mi gar\u0161\u012bgi liellopa ga\u013cas izcirt\u0146i, kas savaldzin\u0101s j\u016bsu gar\u0161as k\u0101rpi\u0146as un sag\u0101d\u0101s jums neaizmirstamu baud\u012bjumu.<\/p>\n<p>Big Poppa Smokers ir labi paz\u012bstama un sen paz\u012bstama person\u012bba ASV tirg\u016b, kura ir izdevis daudz nosaukumu.<\/p>\n<p><img loading=\"lazy\" decoding=\"async\" class=\"wp-image-1557\" src=\"http:\/\/tammetorubbq.ee\/wp-content\/uploads\/2024\/03\/Big-Poppa-Smokers-Logo-Vector-300x225.webp\" alt=\"Big Poppa Smokers\" width=\"167\" height=\"125\" srcset=\"https:\/\/tammetorubbq.ee\/wp-content\/uploads\/2024\/03\/Big-Poppa-Smokers-Logo-Vector-300x225.webp 300w, https:\/\/tammetorubbq.ee\/wp-content\/uploads\/2024\/03\/Big-Poppa-Smokers-Logo-Vector-768x576.webp 768w, https:\/\/tammetorubbq.ee\/wp-content\/uploads\/2024\/03\/Big-Poppa-Smokers-Logo-Vector-16x12.webp 16w, https:\/\/tammetorubbq.ee\/wp-content\/uploads\/2024\/03\/Big-Poppa-Smokers-Logo-Vector-600x450.webp 600w, https:\/\/tammetorubbq.ee\/wp-content\/uploads\/2024\/03\/Big-Poppa-Smokers-Logo-Vector-64x48.webp 64w, https:\/\/tammetorubbq.ee\/wp-content\/uploads\/2024\/03\/Big-Poppa-Smokers-Logo-Vector.webp 866w\" sizes=\"auto, (max-width: 167px) 100vw, 167px\" \/><\/p>","protected":false},"featured_media":1689,"comment_status":"open","ping_status":"closed","template":"","meta":{"_uf_show_specific_survey":0,"_uf_disable_surveys":false},"pwb-brand":[80],"product_brand":[],"product_cat":[21],"product_tag":[114,123,119,165],"class_list":{"0":"post-1686","1":"product","2":"type-product","3":"status-publish","4":"has-post-thumbnail","6":"pwb-brand-big-poppas","7":"product_cat-maitseainesegud","8":"product_tag-sealiha","9":"product_tag-steik","10":"product_tag-veiseliha","11":"product_tag-veiseribi","13":"first","14":"instock","15":"taxable","16":"shipping-taxable","17":"purchasable","18":"product-type-simple"},"brands":[{"id":80,"name":"Big Poppa's","slug":"big-poppas"}],"_links":{"self":[{"href":"https:\/\/tammetorubbq.ee\/lv\/wp-json\/wp\/v2\/product\/1686","targetHints":{"allow":["GET"]}}],"collection":[{"href":"https:\/\/tammetorubbq.ee\/lv\/wp-json\/wp\/v2\/product"}],"about":[{"href":"https:\/\/tammetorubbq.ee\/lv\/wp-json\/wp\/v2\/types\/product"}],"replies":[{"embeddable":true,"href":"https:\/\/tammetorubbq.ee\/lv\/wp-json\/wp\/v2\/comments?post=1686"}],"wp:featuredmedia":[{"embeddable":true,"href":"https:\/\/tammetorubbq.ee\/lv\/wp-json\/wp\/v2\/media\/1689"}],"wp:attachment":[{"href":"https:\/\/tammetorubbq.ee\/lv\/wp-json\/wp\/v2\/media?parent=1686"}],"wp:term":[{"taxonomy":"pwb-brand","embeddable":true,"href":"https:\/\/tammetorubbq.ee\/lv\/wp-json\/wp\/v2\/pwb-brand?post=1686"},{"taxonomy":"product_brand","embeddable":true,"href":"https:\/\/tammetorubbq.ee\/lv\/wp-json\/wp\/v2\/product_brand?post=1686"},{"taxonomy":"product_cat","embeddable":true,"href":"https:\/\/tammetorubbq.ee\/lv\/wp-json\/wp\/v2\/product_cat?post=1686"},{"taxonomy":"product_tag","embeddable":true,"href":"https:\/\/tammetorubbq.ee\/lv\/wp-json\/wp\/v2\/product_tag?post=1686"}],"curies":[{"name":"wp","href":"https:\/\/api.w.org\/{rel}","templated":true}]}}