{"id":1691,"date":"2024-05-21T18:47:38","date_gmt":"2024-05-21T15:47:38","guid":{"rendered":"https:\/\/tammetorubbq.ee\/?post_type=product&#038;p=1691"},"modified":"2026-04-26T20:00:12","modified_gmt":"2026-04-26T17:00:12","slug":"kupinat-so-kanzasas-pilsetas-stila-bbq-pastu-511g","status":"publish","type":"product","link":"https:\/\/tammetorubbq.ee\/lv\/product-2\/kupinat-so-kanzasas-pilsetas-stila-bbq-pastu-511g\/","title":{"rendered":"Smoke This Kansas City Style BBQ m\u0113rce 511g"},"content":{"rendered":"<p>Izv\u0113le, kas padara visu viegl\u0101ku!<\/p>","protected":false},"excerpt":{"rendered":"<p>D\u016bmi \u0160\u012b KC stila BBQ m\u0113rce ir viena no visvair\u0101k godalgotaj\u0101m m\u0113rc\u0113m, ko izmanto sacens\u012bb\u0101s un m\u0101jas d\u0101rz\u0101.<\/p>\n<p>Tas ir salds un s\u0101\u013c\u0161 ar gar\u0161augiem, gar\u0161viel\u0101m un nedaudz d\u016bmu.<\/p>\n<p>Lieliski piem\u0113rots vistas ga\u013cai, ribi\u0146\u0101m, c\u016bkga\u013cai un kr\u016bts ga\u013cai. Neapstr\u012bdami iecien\u012bta ar\u012b k\u0101 m\u0113rce m\u0113rc\u0113\u0161anai.<\/p>","protected":false},"featured_media":1692,"comment_status":"open","ping_status":"closed","template":"","meta":{"_uf_show_specific_survey":0,"_uf_disable_surveys":false},"pwb-brand":[93],"product_brand":[],"product_cat":[22],"product_tag":[],"class_list":{"0":"post-1691","1":"product","2":"type-product","3":"status-publish","4":"has-post-thumbnail","6":"pwb-brand-smoke-this-bbq","7":"product_cat-kastmed-ja-marinaadid","9":"first","10":"instock","11":"taxable","12":"shipping-taxable","13":"purchasable","14":"product-type-simple"},"brands":[{"id":93,"name":"D\u016bmi \u0161aj\u0101 BBQ","slug":"smoke-this-bbq"}],"_links":{"self":[{"href":"https:\/\/tammetorubbq.ee\/lv\/wp-json\/wp\/v2\/product\/1691","targetHints":{"allow":["GET"]}}],"collection":[{"href":"https:\/\/tammetorubbq.ee\/lv\/wp-json\/wp\/v2\/product"}],"about":[{"href":"https:\/\/tammetorubbq.ee\/lv\/wp-json\/wp\/v2\/types\/product"}],"replies":[{"embeddable":true,"href":"https:\/\/tammetorubbq.ee\/lv\/wp-json\/wp\/v2\/comments?post=1691"}],"wp:featuredmedia":[{"embeddable":true,"href":"https:\/\/tammetorubbq.ee\/lv\/wp-json\/wp\/v2\/media\/1692"}],"wp:attachment":[{"href":"https:\/\/tammetorubbq.ee\/lv\/wp-json\/wp\/v2\/media?parent=1691"}],"wp:term":[{"taxonomy":"pwb-brand","embeddable":true,"href":"https:\/\/tammetorubbq.ee\/lv\/wp-json\/wp\/v2\/pwb-brand?post=1691"},{"taxonomy":"product_brand","embeddable":true,"href":"https:\/\/tammetorubbq.ee\/lv\/wp-json\/wp\/v2\/product_brand?post=1691"},{"taxonomy":"product_cat","embeddable":true,"href":"https:\/\/tammetorubbq.ee\/lv\/wp-json\/wp\/v2\/product_cat?post=1691"},{"taxonomy":"product_tag","embeddable":true,"href":"https:\/\/tammetorubbq.ee\/lv\/wp-json\/wp\/v2\/product_tag?post=1691"}],"curies":[{"name":"wp","href":"https:\/\/api.w.org\/{rel}","templated":true}]}}